{"id":4312,"date":"2025-08-23T02:50:07","date_gmt":"2025-08-23T02:50:07","guid":{"rendered":"https:\/\/macronaturalsshop.com\/?post_type=product&#038;p=4312"},"modified":"2025-09-22T01:27:18","modified_gmt":"2025-09-22T01:27:18","slug":"miel-de-carao-la-vaina-tica-1l","status":"publish","type":"product","link":"https:\/\/macronaturalsshop.com\/?product=miel-de-carao-la-vaina-tica-1l","title":{"rendered":"Miel de Carao 1L"},"content":{"rendered":"<p>Suplemento alimenticio para combatir la anemia, especialmente cuando se combina con alimentos ricos en vitamina C que mejoran la absorci\u00f3n de hierro, adem\u00e1s es energ\u00e9tica, ayuda a mejorar las defensas, favorece la salud del h\u00edgado, y tiene propiedades antioxidantes y antimicrobianas.\u00a0Tambi\u00e9n puede ser \u00fatil para la salud \u00f3sea, la recuperaci\u00f3n despu\u00e9s de enfermedades y para mujeres en periodo de lactancia.<\/p>\n","protected":false},"excerpt":{"rendered":"<p>Suplemento alimenticio para combatir la anemia, especialmente cuando se combina con alimentos ricos en vitamina C que mejoran la absorci\u00f3n de hierro, adem\u00e1s es energ\u00e9tica, ayuda a mejorar las defensas, favorece la salud del h\u00edgado, y tiene propiedades antioxidantes y antimicrobianas.\u00a0Tambi\u00e9n puede ser \u00fatil para la salud \u00f3sea, la recuperaci\u00f3n despu\u00e9s de enfermedades y para mujeres en periodo de lactancia.<\/p>\n","protected":false},"featured_media":4314,"comment_status":"open","ping_status":"closed","template":"","meta":[],"product_brand":[465],"product_cat":[379],"product_tag":[502,500,501,520,503],"class_list":{"0":"post-4312","1":"product","2":"type-product","3":"status-publish","4":"has-post-thumbnail","6":"product_brand-gocho","7":"product_cat-sistema-inmunologico","8":"product_tag-heredia","9":"product_tag-macrobiotica","10":"product_tag-natural","11":"product_tag-natural-shop","12":"product_tag-san-pablo","14":"first","15":"instock","16":"shipping-taxable","17":"purchasable","18":"product-type-simple"},"jetpack_sharing_enabled":true,"_links":{"self":[{"href":"https:\/\/macronaturalsshop.com\/index.php?rest_route=\/wp\/v2\/product\/4312"}],"collection":[{"href":"https:\/\/macronaturalsshop.com\/index.php?rest_route=\/wp\/v2\/product"}],"about":[{"href":"https:\/\/macronaturalsshop.com\/index.php?rest_route=\/wp\/v2\/types\/product"}],"replies":[{"embeddable":true,"href":"https:\/\/macronaturalsshop.com\/index.php?rest_route=%2Fwp%2Fv2%2Fcomments&post=4312"}],"wp:featuredmedia":[{"embeddable":true,"href":"https:\/\/macronaturalsshop.com\/index.php?rest_route=\/wp\/v2\/media\/4314"}],"wp:attachment":[{"href":"https:\/\/macronaturalsshop.com\/index.php?rest_route=%2Fwp%2Fv2%2Fmedia&parent=4312"}],"wp:term":[{"taxonomy":"product_brand","embeddable":true,"href":"https:\/\/macronaturalsshop.com\/index.php?rest_route=%2Fwp%2Fv2%2Fproduct_brand&post=4312"},{"taxonomy":"product_cat","embeddable":true,"href":"https:\/\/macronaturalsshop.com\/index.php?rest_route=%2Fwp%2Fv2%2Fproduct_cat&post=4312"},{"taxonomy":"product_tag","embeddable":true,"href":"https:\/\/macronaturalsshop.com\/index.php?rest_route=%2Fwp%2Fv2%2Fproduct_tag&post=4312"}],"curies":[{"name":"wp","href":"https:\/\/api.w.org\/{rel}","templated":true}]}}