{"id":4323,"date":"2025-09-14T06:45:26","date_gmt":"2025-09-14T06:45:26","guid":{"rendered":"https:\/\/macronaturalsshop.com\/?post_type=product&#038;p=4323"},"modified":"2025-09-15T03:58:54","modified_gmt":"2025-09-15T03:58:54","slug":"collagen-hydrolysate-454-g","status":"publish","type":"product","link":"https:\/\/macronaturalsshop.com\/?product=collagen-hydrolysate-454-g","title":{"rendered":"Collagen Hydrolysate 454 g"},"content":{"rendered":"<p>El Hidrolizado de col\u00e1geno en polvo de Swanson proporciona altas cantidades de amino\u00e1cidos clave como la glicina, la prolina y la lisina, que son esenciales para mantener la salud del tejido conjuntivo. El suplemento en polvo ultrapuro no contiene rellenos, saborizantes, colorantes ni aditivos de ning\u00fan tipo y, por lo tanto, ofrece una soluci\u00f3n limpia para quienes buscan lo \u00faltimo en suplementos proteicos sist\u00e9micos.<\/p>\n<ul>\n<li>Salud y movilidad de las articulaciones.<\/li>\n<li>Suplemento alimentario.<\/li>\n<li>Ayuda a mantener la salud de los cart\u00edlagos, los tendones y los ligamentos.<\/li>\n<li>Promueve la integridad, el movimiento y la flexibilidad de las articulaciones.<\/li>\n<li>Favorece la salud de las articulaciones al fortalecer las estructuras de col\u00e1geno en los tejidos conjuntivos<\/li>\n<\/ul>\n","protected":false},"excerpt":{"rendered":"<p>Ayuda a mantener el cartilago, los tendondes y ligamentos en buen estado.<\/p>\n","protected":false},"featured_media":5477,"comment_status":"open","ping_status":"closed","template":"","meta":[],"product_brand":[466],"product_cat":[380,389],"product_tag":[558,571,502,500,561,501,520,503],"class_list":{"0":"post-4323","1":"product","2":"type-product","3":"status-publish","4":"has-post-thumbnail","6":"product_brand-golden-health","7":"product_cat-articulaciones","8":"product_cat-colageno","9":"product_tag-articulaciones","10":"product_tag-cartilagos","11":"product_tag-heredia","12":"product_tag-macrobiotica","13":"product_tag-musculos","14":"product_tag-natural","15":"product_tag-natural-shop","16":"product_tag-san-pablo","18":"first","19":"instock","20":"shipping-taxable","21":"purchasable","22":"product-type-simple"},"jetpack_sharing_enabled":true,"_links":{"self":[{"href":"https:\/\/macronaturalsshop.com\/index.php?rest_route=\/wp\/v2\/product\/4323"}],"collection":[{"href":"https:\/\/macronaturalsshop.com\/index.php?rest_route=\/wp\/v2\/product"}],"about":[{"href":"https:\/\/macronaturalsshop.com\/index.php?rest_route=\/wp\/v2\/types\/product"}],"replies":[{"embeddable":true,"href":"https:\/\/macronaturalsshop.com\/index.php?rest_route=%2Fwp%2Fv2%2Fcomments&post=4323"}],"wp:featuredmedia":[{"embeddable":true,"href":"https:\/\/macronaturalsshop.com\/index.php?rest_route=\/wp\/v2\/media\/5477"}],"wp:attachment":[{"href":"https:\/\/macronaturalsshop.com\/index.php?rest_route=%2Fwp%2Fv2%2Fmedia&parent=4323"}],"wp:term":[{"taxonomy":"product_brand","embeddable":true,"href":"https:\/\/macronaturalsshop.com\/index.php?rest_route=%2Fwp%2Fv2%2Fproduct_brand&post=4323"},{"taxonomy":"product_cat","embeddable":true,"href":"https:\/\/macronaturalsshop.com\/index.php?rest_route=%2Fwp%2Fv2%2Fproduct_cat&post=4323"},{"taxonomy":"product_tag","embeddable":true,"href":"https:\/\/macronaturalsshop.com\/index.php?rest_route=%2Fwp%2Fv2%2Fproduct_tag&post=4323"}],"curies":[{"name":"wp","href":"https:\/\/api.w.org\/{rel}","templated":true}]}}