{"id":4340,"date":"2025-08-16T06:55:44","date_gmt":"2025-08-16T06:55:44","guid":{"rendered":"https:\/\/macronaturalsshop.com\/?post_type=product&#038;p=4340"},"modified":"2025-08-17T04:07:53","modified_gmt":"2025-08-17T04:07:53","slug":"alcachofa-60-capsulas","status":"publish","type":"product","link":"https:\/\/macronaturalsshop.com\/?product=alcachofa-60-capsulas","title":{"rendered":"Alcachofa 60 Capsulas"},"content":{"rendered":"<div class=\"WaaZC\">\n<div class=\"RJPOee EIJn2\">\n<div class=\"rPeykc pyPiTc\" data-hveid=\"CAoQAQ\" data-ved=\"2ahUKEwjmpIPd-ZCPAxVURTABHX2LJMwQo_EKegQIChAB\"><strong>Beneficios espec\u00edficos:<\/strong><\/div>\n<\/div>\n<\/div>\n<div class=\"WaaZC\">\n<div class=\"RJPOee EIJn2\">\n<ul data-hveid=\"CCcQAQ\" data-ved=\"2ahUKEwjmpIPd-ZCPAxVURTABHX2LJMwQm_YKegQIJxAB\">\n<li class=\"K3KsMc\">\n<div class=\"zMgcWd dSKvsb\" data-il=\"\">\n<div data-crb-p=\"\">\n<div class=\"xFTqob\">\n<div class=\"Gur8Ad\"><span data-huuid=\"12986194172077103649\"><strong>Digesti\u00f3n:<\/strong><\/span><\/div>\n<div class=\"vM0jzc\"><span data-huuid=\"12986194172077103772\">La alcachofa estimula la producci\u00f3n de bilis, lo que ayuda a digerir las grasas de manera m\u00e1s eficiente y puede aliviar problemas digestivos como la hinchaz\u00f3n y la pesadez estomacal.<span class=\"pjBG2e\" data-cid=\"60a905f7-daf2-4b60-bbc8-e26c12fb9773\"><span class=\"UV3uM\">\u00a0<\/span><\/span><\/span><\/p>\n<div class=\"NPrrbc\" data-cid=\"60a905f7-daf2-4b60-bbc8-e26c12fb9773\" data-uuids=\"12986194172077103649,12986194172077103772\">\n<div class=\"BMebGe btku5b fCrZyc LwdV0e FR7ZSc qVhvac OJeuxf\" tabindex=\"0\" role=\"button\" aria-label=\"Ver v\u00ednculos relacionados\" data-hveid=\"CBsQAQ\" data-ved=\"2ahUKEwjmpIPd-ZCPAxVURTABHX2LJMwQ3fYKegQIGxAB\">\n<div class=\"niO4u\">\n<div class=\"kHtcsd\"><\/div>\n<\/div>\n<\/div>\n<\/div>\n<\/div>\n<\/div>\n<\/div>\n<\/div>\n<\/li>\n<li class=\"K3KsMc\">\n<div class=\"zMgcWd dSKvsb\" data-il=\"\">\n<div data-crb-p=\"\">\n<div class=\"xFTqob\">\n<div class=\"Gur8Ad\"><span data-huuid=\"12986194172077104018\"><strong>H\u00edgado:<\/strong><\/span><\/div>\n<div class=\"vM0jzc\"><span data-huuid=\"12986194172077104141\">Act\u00faa como protector hep\u00e1tico, ayudando a regenerar las c\u00e9lulas del h\u00edgado y mejorando su funci\u00f3n, lo que favorece la eliminaci\u00f3n de toxinas.<span class=\"pjBG2e\" data-cid=\"ccad4c57-08c0-41d1-9bec-afcec56fa9eb\"><span class=\"UV3uM\">\u00a0<\/span><\/span><\/span><\/p>\n<div class=\"NPrrbc\" data-cid=\"ccad4c57-08c0-41d1-9bec-afcec56fa9eb\" data-uuids=\"12986194172077104018,12986194172077104141\">\n<div class=\"BMebGe btku5b fCrZyc LwdV0e FR7ZSc qVhvac OJeuxf\" tabindex=\"0\" role=\"button\" aria-label=\"Ver v\u00ednculos relacionados\" data-hveid=\"CCMQAQ\" data-ved=\"2ahUKEwjmpIPd-ZCPAxVURTABHX2LJMwQ3fYKegQIIxAB\">\n<div class=\"niO4u\">\n<div class=\"kHtcsd\"><\/div>\n<\/div>\n<\/div>\n<\/div>\n<\/div>\n<\/div>\n<\/div>\n<\/div>\n<\/li>\n<li class=\"K3KsMc\">\n<div class=\"zMgcWd dSKvsb\" data-il=\"\">\n<div data-crb-p=\"\">\n<div class=\"xFTqob\">\n<div class=\"Gur8Ad\"><span data-huuid=\"12986194172077104387\"><strong>Control de peso:<\/strong><\/span><\/div>\n<div class=\"vM0jzc\"><span data-huuid=\"12986194172077104510\">Al ser rica en fibra, la alcachofa puede ayudar a controlar el apetito y reducir la absorci\u00f3n de grasas, contribuyendo a la p\u00e9rdida de peso como parte de un estilo de vida saludable.<span class=\"pjBG2e\" data-cid=\"84681820-1c95-4374-b2cc-ce74e00bc783\"><span class=\"UV3uM\">\u00a0<\/span><\/span><\/span><\/p>\n<div class=\"NPrrbc\" data-cid=\"84681820-1c95-4374-b2cc-ce74e00bc783\" data-uuids=\"12986194172077104387,12986194172077104510\">\n<div class=\"BMebGe btku5b fCrZyc LwdV0e FR7ZSc qVhvac OJeuxf\" tabindex=\"0\" role=\"button\" aria-label=\"Ver v\u00ednculos relacionados\" data-hveid=\"CB0QAQ\" data-ved=\"2ahUKEwjmpIPd-ZCPAxVURTABHX2LJMwQ3fYKegQIHRAB\">\n<div class=\"niO4u\">\n<div class=\"kHtcsd\"><\/div>\n<\/div>\n<\/div>\n<\/div>\n<\/div>\n<\/div>\n<\/div>\n<\/div>\n<\/li>\n<li class=\"K3KsMc\">\n<div class=\"zMgcWd dSKvsb\" data-il=\"\">\n<div data-crb-p=\"\">\n<div class=\"xFTqob\">\n<div class=\"Gur8Ad\"><span data-huuid=\"12986194172077104756\"><strong>Niveles de l\u00edpidos:<\/strong><\/span><\/div>\n<div class=\"vM0jzc\"><span data-huuid=\"12986194172077104879\">Se ha demostrado que la alcachofa puede ayudar a reducir los niveles de colesterol y triglic\u00e9ridos en sangre.<span class=\"pjBG2e\" data-cid=\"b00e0eb4-3ae3-4586-85d8-2d950146c80a\"><span class=\"UV3uM\">\u00a0<\/span><\/span><\/span><\/p>\n<div class=\"NPrrbc\" data-cid=\"b00e0eb4-3ae3-4586-85d8-2d950146c80a\" data-uuids=\"12986194172077104756,12986194172077104879\">\n<div class=\"BMebGe btku5b fCrZyc LwdV0e FR7ZSc qVhvac OJeuxf\" tabindex=\"0\" role=\"button\" aria-label=\"Ver v\u00ednculos relacionados\" data-hveid=\"CCIQAQ\" data-ved=\"2ahUKEwjmpIPd-ZCPAxVURTABHX2LJMwQ3fYKegQIIhAB\">\n<div class=\"niO4u\">\n<div class=\"kHtcsd\"><\/div>\n<\/div>\n<\/div>\n<\/div>\n<\/div>\n<\/div>\n<\/div>\n<\/div>\n<\/li>\n<li class=\"K3KsMc\">\n<div class=\"zMgcWd dSKvsb\" data-il=\"\">\n<div data-crb-p=\"\">\n<div class=\"xFTqob\">\n<div class=\"Gur8Ad\"><span data-huuid=\"12986194172077105125\"><strong>Diur\u00e9tico:<\/strong><\/span><\/div>\n<div class=\"vM0jzc\"><span data-huuid=\"12986194172077101152\">La alcachofa tiene propiedades diur\u00e9ticas, lo que significa que ayuda a eliminar l\u00edquidos y toxinas del cuerpo a trav\u00e9s de la orina, favoreciendo la funci\u00f3n renal.<span class=\"pjBG2e\" data-cid=\"7fdb0557-6106-4007-b5e1-1df453aaaeee\"><span class=\"UV3uM\">\u00a0<\/span><\/span><\/span><\/p>\n<div class=\"NPrrbc\" data-cid=\"7fdb0557-6106-4007-b5e1-1df453aaaeee\" data-uuids=\"12986194172077105125,12986194172077101152\">\n<div class=\"BMebGe btku5b fCrZyc LwdV0e FR7ZSc qVhvac OJeuxf\" tabindex=\"0\" role=\"button\" aria-label=\"Ver v\u00ednculos relacionados\" data-hveid=\"CCEQAQ\" data-ved=\"2ahUKEwjmpIPd-ZCPAxVURTABHX2LJMwQ3fYKegQIIRAB\">\n<div class=\"niO4u\">\n<div class=\"kHtcsd\"><\/div>\n<\/div>\n<\/div>\n<\/div>\n<\/div>\n<\/div>\n<\/div>\n<\/div>\n<\/li>\n<li class=\"K3KsMc\">\n<div class=\"zMgcWd dSKvsb\" data-il=\"\">\n<div data-crb-p=\"\">\n<div class=\"xFTqob\">\n<div class=\"Gur8Ad\"><span data-huuid=\"12986194172077101398\"><strong>Otros beneficios:<\/strong><\/span><\/div>\n<div class=\"vM0jzc\"><span data-huuid=\"12986194172077101521\">Tambi\u00e9n puede ser beneficiosa para personas con problemas de h\u00edgado graso, ansiedad, insomnio o problemas de estre\u00f1imiento.<span class=\"pjBG2e\" data-cid=\"30e2612a-5df2-47c9-a14a-9fef1073cc5c\"><span class=\"UV3uM\">\u00a0<\/span><\/span><\/span><\/div>\n<\/div>\n<\/div>\n<\/div>\n<\/li>\n<\/ul>\n<\/div>\n<\/div>\n","protected":false},"excerpt":{"rendered":"<p>Las c\u00e1psulas de alcachofa favorecen la digesti\u00f3n, estimular la funci\u00f3n hep\u00e1tica y ayudar en la eliminaci\u00f3n de toxinas del cuerpo. Tambi\u00e9n pueden contribuir al control del peso y al mantenimiento de niveles saludables de l\u00edpidos en sangre.<\/p>\n","protected":false},"featured_media":4341,"comment_status":"open","ping_status":"closed","template":"","meta":[],"product_brand":[468],"product_cat":[395,388,396],"product_tag":[502,500,501,520,503],"class_list":{"0":"post-4340","1":"product","2":"type-product","3":"status-publish","4":"has-post-thumbnail","6":"product_brand-herbarium","7":"product_cat-trigliceridos","8":"product_cat-control-de-peso","9":"product_cat-sistema-digestivo","10":"product_tag-heredia","11":"product_tag-macrobiotica","12":"product_tag-natural","13":"product_tag-natural-shop","14":"product_tag-san-pablo","16":"first","17":"instock","18":"shipping-taxable","19":"purchasable","20":"product-type-simple"},"jetpack_sharing_enabled":true,"_links":{"self":[{"href":"https:\/\/macronaturalsshop.com\/index.php?rest_route=\/wp\/v2\/product\/4340"}],"collection":[{"href":"https:\/\/macronaturalsshop.com\/index.php?rest_route=\/wp\/v2\/product"}],"about":[{"href":"https:\/\/macronaturalsshop.com\/index.php?rest_route=\/wp\/v2\/types\/product"}],"replies":[{"embeddable":true,"href":"https:\/\/macronaturalsshop.com\/index.php?rest_route=%2Fwp%2Fv2%2Fcomments&post=4340"}],"wp:featuredmedia":[{"embeddable":true,"href":"https:\/\/macronaturalsshop.com\/index.php?rest_route=\/wp\/v2\/media\/4341"}],"wp:attachment":[{"href":"https:\/\/macronaturalsshop.com\/index.php?rest_route=%2Fwp%2Fv2%2Fmedia&parent=4340"}],"wp:term":[{"taxonomy":"product_brand","embeddable":true,"href":"https:\/\/macronaturalsshop.com\/index.php?rest_route=%2Fwp%2Fv2%2Fproduct_brand&post=4340"},{"taxonomy":"product_cat","embeddable":true,"href":"https:\/\/macronaturalsshop.com\/index.php?rest_route=%2Fwp%2Fv2%2Fproduct_cat&post=4340"},{"taxonomy":"product_tag","embeddable":true,"href":"https:\/\/macronaturalsshop.com\/index.php?rest_route=%2Fwp%2Fv2%2Fproduct_tag&post=4340"}],"curies":[{"name":"wp","href":"https:\/\/api.w.org\/{rel}","templated":true}]}}