{"id":4346,"date":"2025-08-16T06:40:43","date_gmt":"2025-08-16T06:40:43","guid":{"rendered":"https:\/\/macronaturalsshop.com\/?post_type=product&#038;p=4346"},"modified":"2025-08-17T03:45:07","modified_gmt":"2025-08-17T03:45:07","slug":"bisglicinato-de-magnesio-90cap","status":"publish","type":"product","link":"https:\/\/macronaturalsshop.com\/?product=bisglicinato-de-magnesio-90cap","title":{"rendered":"Bisglicinato de Magnesio"},"content":{"rendered":"<p>Las c\u00e1psulas de bisglicinato de magnesio sirven para mejorar la absorci\u00f3n de magnesio en el cuerpo, lo que a su vez puede ayudar a relajar los m\u00fasculos, reducir el estr\u00e9s y la ansiedad, y promover un mejor sue\u00f1o. Tambi\u00e9n puede contribuir a la salud \u00f3sea y cardiovascular.<\/p>\n","protected":false},"excerpt":{"rendered":"<p>Contribuye al bienestar muscular, reduciendo la fatiga, los calambres y favoreciendo el descanso.<br \/>\nCombate el estr\u00e9s mental, la ansiedad y las molestias menstruales.<\/p>\n","protected":false},"featured_media":4347,"comment_status":"open","ping_status":"closed","template":"","meta":[],"product_brand":[468],"product_cat":[386],"product_tag":[532,613,502,500,561,501,520,503],"class_list":{"0":"post-4346","1":"product","2":"type-product","3":"status-publish","4":"has-post-thumbnail","6":"product_brand-herbarium","7":"product_cat-magnesio","8":"product_tag-ansiedad","9":"product_tag-fatiga","10":"product_tag-heredia","11":"product_tag-macrobiotica","12":"product_tag-musculos","13":"product_tag-natural","14":"product_tag-natural-shop","15":"product_tag-san-pablo","17":"first","18":"instock","19":"shipping-taxable","20":"purchasable","21":"product-type-simple"},"jetpack_sharing_enabled":true,"_links":{"self":[{"href":"https:\/\/macronaturalsshop.com\/index.php?rest_route=\/wp\/v2\/product\/4346"}],"collection":[{"href":"https:\/\/macronaturalsshop.com\/index.php?rest_route=\/wp\/v2\/product"}],"about":[{"href":"https:\/\/macronaturalsshop.com\/index.php?rest_route=\/wp\/v2\/types\/product"}],"replies":[{"embeddable":true,"href":"https:\/\/macronaturalsshop.com\/index.php?rest_route=%2Fwp%2Fv2%2Fcomments&post=4346"}],"wp:featuredmedia":[{"embeddable":true,"href":"https:\/\/macronaturalsshop.com\/index.php?rest_route=\/wp\/v2\/media\/4347"}],"wp:attachment":[{"href":"https:\/\/macronaturalsshop.com\/index.php?rest_route=%2Fwp%2Fv2%2Fmedia&parent=4346"}],"wp:term":[{"taxonomy":"product_brand","embeddable":true,"href":"https:\/\/macronaturalsshop.com\/index.php?rest_route=%2Fwp%2Fv2%2Fproduct_brand&post=4346"},{"taxonomy":"product_cat","embeddable":true,"href":"https:\/\/macronaturalsshop.com\/index.php?rest_route=%2Fwp%2Fv2%2Fproduct_cat&post=4346"},{"taxonomy":"product_tag","embeddable":true,"href":"https:\/\/macronaturalsshop.com\/index.php?rest_route=%2Fwp%2Fv2%2Fproduct_tag&post=4346"}],"curies":[{"name":"wp","href":"https:\/\/api.w.org\/{rel}","templated":true}]}}