{"id":4348,"date":"2025-08-23T02:55:26","date_gmt":"2025-08-23T02:55:26","guid":{"rendered":"https:\/\/macronaturalsshop.com\/?post_type=product&#038;p=4348"},"modified":"2025-08-23T23:56:16","modified_gmt":"2025-08-23T23:56:16","slug":"boldo-90-capsulas","status":"publish","type":"product","link":"https:\/\/macronaturalsshop.com\/?product=boldo-90-capsulas","title":{"rendered":"Boldo 90 c\u00e1ps"},"content":{"rendered":"<p>Las c\u00e1psulas de boldo sirven para\u00a0mejorar las digestiones pesadas, aliviar c\u00f3licos y gases, estimular la funci\u00f3n hep\u00e1tica y biliar, y reducir el estr\u00e9s y la ansiedad leve, gracias a sus propiedades sedantes y la ayuda que brindan al h\u00edgado para procesar la bilis.<\/p>\n","protected":false},"excerpt":{"rendered":"<p>Ayuda como regulador del h\u00edgado y de los ri\u00f1ones.<br \/>\nAyuda a la mala digesti\u00f3n, dolores de cabeza, amarg\u00f3n en el paladar, mareos y congesti\u00f3n estomacal.<\/p>\n","protected":false},"featured_media":4349,"comment_status":"open","ping_status":"closed","template":"","meta":[],"product_brand":[468],"product_cat":[406],"product_tag":[502,576,500,501,520,503],"class_list":{"0":"post-4348","1":"product","2":"type-product","3":"status-publish","4":"has-post-thumbnail","6":"product_brand-herbarium","7":"product_cat-rinones","8":"product_tag-heredia","9":"product_tag-higado","10":"product_tag-macrobiotica","11":"product_tag-natural","12":"product_tag-natural-shop","13":"product_tag-san-pablo","15":"first","16":"instock","17":"shipping-taxable","18":"purchasable","19":"product-type-simple"},"jetpack_sharing_enabled":true,"_links":{"self":[{"href":"https:\/\/macronaturalsshop.com\/index.php?rest_route=\/wp\/v2\/product\/4348"}],"collection":[{"href":"https:\/\/macronaturalsshop.com\/index.php?rest_route=\/wp\/v2\/product"}],"about":[{"href":"https:\/\/macronaturalsshop.com\/index.php?rest_route=\/wp\/v2\/types\/product"}],"replies":[{"embeddable":true,"href":"https:\/\/macronaturalsshop.com\/index.php?rest_route=%2Fwp%2Fv2%2Fcomments&post=4348"}],"wp:featuredmedia":[{"embeddable":true,"href":"https:\/\/macronaturalsshop.com\/index.php?rest_route=\/wp\/v2\/media\/4349"}],"wp:attachment":[{"href":"https:\/\/macronaturalsshop.com\/index.php?rest_route=%2Fwp%2Fv2%2Fmedia&parent=4348"}],"wp:term":[{"taxonomy":"product_brand","embeddable":true,"href":"https:\/\/macronaturalsshop.com\/index.php?rest_route=%2Fwp%2Fv2%2Fproduct_brand&post=4348"},{"taxonomy":"product_cat","embeddable":true,"href":"https:\/\/macronaturalsshop.com\/index.php?rest_route=%2Fwp%2Fv2%2Fproduct_cat&post=4348"},{"taxonomy":"product_tag","embeddable":true,"href":"https:\/\/macronaturalsshop.com\/index.php?rest_route=%2Fwp%2Fv2%2Fproduct_tag&post=4348"}],"curies":[{"name":"wp","href":"https:\/\/api.w.org\/{rel}","templated":true}]}}