{"id":4350,"date":"2025-08-16T06:15:36","date_gmt":"2025-08-16T06:15:36","guid":{"rendered":"https:\/\/macronaturalsshop.com\/?post_type=product&#038;p=4350"},"modified":"2025-08-17T03:06:57","modified_gmt":"2025-08-17T03:06:57","slug":"canela-60-capsulas","status":"publish","type":"product","link":"https:\/\/macronaturalsshop.com\/?product=canela-60-capsulas","title":{"rendered":"C\u00e1psulas de Canela"},"content":{"rendered":"<p>La canela se utiliza principalmente para ayudar a regular los niveles de az\u00facar en sangre, mejorar la salud cardiovascular y promover la digesti\u00f3n.\u00a0Tambi\u00e9n se les atribuyen propiedades antiinflamatorias y antioxidantes.<\/p>\n","protected":false},"excerpt":{"rendered":"<p>La canela se utiliza principalmente para ayudar a regular los niveles de az\u00facar en sangre, mejorar la salud cardiovascular y promover la digesti\u00f3n.\u00a0Tambi\u00e9n se les atribuyen propiedades antiinflamatorias y antioxidantes.<\/p>\n","protected":false},"featured_media":4351,"comment_status":"open","ping_status":"closed","template":"","meta":[],"product_brand":[468],"product_cat":[382,396,415],"product_tag":[615,564,583,541,502,500,501,520,503],"class_list":{"0":"post-4350","1":"product","2":"type-product","3":"status-publish","4":"has-post-thumbnail","6":"product_brand-herbarium","7":"product_cat-antioxidante","8":"product_cat-sistema-digestivo","9":"product_cat-sistema-respiratorio","10":"product_tag-antiinflamatorio","11":"product_tag-antioxidante","12":"product_tag-cardiovascular","13":"product_tag-digestion","14":"product_tag-heredia","15":"product_tag-macrobiotica","16":"product_tag-natural","17":"product_tag-natural-shop","18":"product_tag-san-pablo","20":"first","21":"instock","22":"shipping-taxable","23":"purchasable","24":"product-type-simple"},"jetpack_sharing_enabled":true,"_links":{"self":[{"href":"https:\/\/macronaturalsshop.com\/index.php?rest_route=\/wp\/v2\/product\/4350"}],"collection":[{"href":"https:\/\/macronaturalsshop.com\/index.php?rest_route=\/wp\/v2\/product"}],"about":[{"href":"https:\/\/macronaturalsshop.com\/index.php?rest_route=\/wp\/v2\/types\/product"}],"replies":[{"embeddable":true,"href":"https:\/\/macronaturalsshop.com\/index.php?rest_route=%2Fwp%2Fv2%2Fcomments&post=4350"}],"wp:featuredmedia":[{"embeddable":true,"href":"https:\/\/macronaturalsshop.com\/index.php?rest_route=\/wp\/v2\/media\/4351"}],"wp:attachment":[{"href":"https:\/\/macronaturalsshop.com\/index.php?rest_route=%2Fwp%2Fv2%2Fmedia&parent=4350"}],"wp:term":[{"taxonomy":"product_brand","embeddable":true,"href":"https:\/\/macronaturalsshop.com\/index.php?rest_route=%2Fwp%2Fv2%2Fproduct_brand&post=4350"},{"taxonomy":"product_cat","embeddable":true,"href":"https:\/\/macronaturalsshop.com\/index.php?rest_route=%2Fwp%2Fv2%2Fproduct_cat&post=4350"},{"taxonomy":"product_tag","embeddable":true,"href":"https:\/\/macronaturalsshop.com\/index.php?rest_route=%2Fwp%2Fv2%2Fproduct_tag&post=4350"}],"curies":[{"name":"wp","href":"https:\/\/api.w.org\/{rel}","templated":true}]}}