{"id":4357,"date":"2025-08-16T04:10:12","date_gmt":"2025-08-16T04:10:12","guid":{"rendered":"https:\/\/macronaturalsshop.com\/?post_type=product&#038;p=4357"},"modified":"2025-08-16T23:28:36","modified_gmt":"2025-08-16T23:28:36","slug":"citrato-de-potasio-60-capsulas","status":"publish","type":"product","link":"https:\/\/macronaturalsshop.com\/?product=citrato-de-potasio-60-capsulas","title":{"rendered":"Citrato de Potasio"},"content":{"rendered":"<p>Disminuye la cristalizaci\u00f3n de piedras en los ri\u00f1ones.<br \/>\nDisminuye la tensi\u00f3n muscular ( calambres).<br \/>\nTratamiento para c\u00e1lculos renales.<br \/>\nAyuda a reducir la deshidrtaci\u00f3n.<br \/>\nReduce el calcio en la orina.<\/p>\n","protected":false},"excerpt":{"rendered":"<p><span data-huuid=\"11451237618291994466\">El citrato de potasio se utilizan principalmente para prevenir y tratar niveles altos de \u00e1cido \u00farico, lo que puede ayudar a prevenir la gota y los c\u00e1lculos renales.\u00a0<\/span><span data-huuid=\"11451237618291993237\">Tambi\u00e9n contribuyen a mantener un equilibrio adecuado de l\u00edquidos, apoyar la funci\u00f3n muscular y nerviosa, y ayudar a regular la presi\u00f3n arterial.<span class=\"pjBG2e\" data-cid=\"57173c28-4239-4ba9-9c65-efa8cd14cada\"><span class=\"UV3uM\">\u00a0<\/span><\/span><\/span><\/p>\n","protected":false},"featured_media":5089,"comment_status":"open","ping_status":"closed","template":"","meta":[],"product_brand":[468],"product_cat":[398],"product_tag":[502,500,501,520,503],"class_list":{"0":"post-4357","1":"product","2":"type-product","3":"status-publish","4":"has-post-thumbnail","6":"product_brand-herbarium","7":"product_cat-vit-y-min","8":"product_tag-heredia","9":"product_tag-macrobiotica","10":"product_tag-natural","11":"product_tag-natural-shop","12":"product_tag-san-pablo","14":"first","15":"instock","16":"shipping-taxable","17":"purchasable","18":"product-type-simple"},"jetpack_sharing_enabled":true,"_links":{"self":[{"href":"https:\/\/macronaturalsshop.com\/index.php?rest_route=\/wp\/v2\/product\/4357"}],"collection":[{"href":"https:\/\/macronaturalsshop.com\/index.php?rest_route=\/wp\/v2\/product"}],"about":[{"href":"https:\/\/macronaturalsshop.com\/index.php?rest_route=\/wp\/v2\/types\/product"}],"replies":[{"embeddable":true,"href":"https:\/\/macronaturalsshop.com\/index.php?rest_route=%2Fwp%2Fv2%2Fcomments&post=4357"}],"wp:featuredmedia":[{"embeddable":true,"href":"https:\/\/macronaturalsshop.com\/index.php?rest_route=\/wp\/v2\/media\/5089"}],"wp:attachment":[{"href":"https:\/\/macronaturalsshop.com\/index.php?rest_route=%2Fwp%2Fv2%2Fmedia&parent=4357"}],"wp:term":[{"taxonomy":"product_brand","embeddable":true,"href":"https:\/\/macronaturalsshop.com\/index.php?rest_route=%2Fwp%2Fv2%2Fproduct_brand&post=4357"},{"taxonomy":"product_cat","embeddable":true,"href":"https:\/\/macronaturalsshop.com\/index.php?rest_route=%2Fwp%2Fv2%2Fproduct_cat&post=4357"},{"taxonomy":"product_tag","embeddable":true,"href":"https:\/\/macronaturalsshop.com\/index.php?rest_route=%2Fwp%2Fv2%2Fproduct_tag&post=4357"}],"curies":[{"name":"wp","href":"https:\/\/api.w.org\/{rel}","templated":true}]}}