{"id":4361,"date":"2025-08-23T03:05:23","date_gmt":"2025-08-23T03:05:23","guid":{"rendered":"https:\/\/macronaturalsshop.com\/?post_type=product&#038;p=4361"},"modified":"2025-09-22T01:27:49","modified_gmt":"2025-09-22T01:27:49","slug":"carbon-de-coco-60-cap","status":"publish","type":"product","link":"https:\/\/macronaturalsshop.com\/?product=carbon-de-coco-60-cap","title":{"rendered":"Carb\u00f3n de Coco Activado 60 cap"},"content":{"rendered":"<p>Ayuda principalmente para\u00a0aliviar la hinchaz\u00f3n y los gases intestinales gracias a su capacidad de adsorber el exceso de gas en el sistema digestivo.\u00a0Tambi\u00e9n pueden apoyar la salud digestiva, ayudar en procesos de desintoxicaci\u00f3n al absorber toxinas en el tracto digestivo, y contribuir a la reducci\u00f3n del colesterol.<\/p>\n","protected":false},"excerpt":{"rendered":"<p>Aivia la indigesti\u00f3n<br \/>\nReduce los niveles de gases estomacales.<br \/>\nAyuda a disminuir el exceso de grasa en la piel.<br \/>\nBlanqueador natural de dientes.<br \/>\nDesuntoxica.<br \/>\nElimina gastritis y \u00dalceras.<\/p>\n","protected":false},"featured_media":4362,"comment_status":"open","ping_status":"closed","template":"","meta":[],"product_brand":[468],"product_cat":[396],"product_tag":[607,622,502,500,501,520,503,601],"class_list":{"0":"post-4361","1":"product","2":"type-product","3":"status-publish","4":"has-post-thumbnail","6":"product_brand-herbarium","7":"product_cat-sistema-digestivo","8":"product_tag-gases","9":"product_tag-gastritis","10":"product_tag-heredia","11":"product_tag-macrobiotica","12":"product_tag-natural","13":"product_tag-natural-shop","14":"product_tag-san-pablo","15":"product_tag-ulceras","17":"first","18":"instock","19":"shipping-taxable","20":"purchasable","21":"product-type-simple"},"jetpack_sharing_enabled":true,"_links":{"self":[{"href":"https:\/\/macronaturalsshop.com\/index.php?rest_route=\/wp\/v2\/product\/4361"}],"collection":[{"href":"https:\/\/macronaturalsshop.com\/index.php?rest_route=\/wp\/v2\/product"}],"about":[{"href":"https:\/\/macronaturalsshop.com\/index.php?rest_route=\/wp\/v2\/types\/product"}],"replies":[{"embeddable":true,"href":"https:\/\/macronaturalsshop.com\/index.php?rest_route=%2Fwp%2Fv2%2Fcomments&post=4361"}],"wp:featuredmedia":[{"embeddable":true,"href":"https:\/\/macronaturalsshop.com\/index.php?rest_route=\/wp\/v2\/media\/4362"}],"wp:attachment":[{"href":"https:\/\/macronaturalsshop.com\/index.php?rest_route=%2Fwp%2Fv2%2Fmedia&parent=4361"}],"wp:term":[{"taxonomy":"product_brand","embeddable":true,"href":"https:\/\/macronaturalsshop.com\/index.php?rest_route=%2Fwp%2Fv2%2Fproduct_brand&post=4361"},{"taxonomy":"product_cat","embeddable":true,"href":"https:\/\/macronaturalsshop.com\/index.php?rest_route=%2Fwp%2Fv2%2Fproduct_cat&post=4361"},{"taxonomy":"product_tag","embeddable":true,"href":"https:\/\/macronaturalsshop.com\/index.php?rest_route=%2Fwp%2Fv2%2Fproduct_tag&post=4361"}],"curies":[{"name":"wp","href":"https:\/\/api.w.org\/{rel}","templated":true}]}}