{"id":4363,"date":"2025-08-16T04:15:27","date_gmt":"2025-08-16T04:15:27","guid":{"rendered":"https:\/\/macronaturalsshop.com\/?post_type=product&#038;p=4363"},"modified":"2025-08-16T23:37:36","modified_gmt":"2025-08-16T23:37:36","slug":"cola-de-caballo-vitamina-c-90cap","status":"publish","type":"product","link":"https:\/\/macronaturalsshop.com\/?product=cola-de-caballo-vitamina-c-90cap","title":{"rendered":"Cola De Caballo + Vitamina C"},"content":{"rendered":"<ul>\n<li>Fortalece las u\u00f1as.<\/li>\n<li>Ayuda a eliminar la retenci\u00f3n de l\u00edquidos.<\/li>\n<li>Es antiinflamatorio natural.<\/li>\n<li>Es depurativo y desintoxicante.<\/li>\n<li>Ayuda en el tratamiento de c\u00e1lculos en los ri\u00f1ones y vejiga.<\/li>\n<li>Previene las alteraciones menstruales.<\/li>\n<li>Ayuda en el tratamiento de infecciones del tracto urinario.<\/li>\n<\/ul>\n","protected":false},"excerpt":{"rendered":"<p>Las c\u00e1psulas de cola de caballo se utilizan com\u00fanmente como un suplemento para ayudar a eliminar l\u00edquidos y toxinas del cuerpo, promoviendo la salud urinaria y renal. Adem\u00e1s, se le atribuyen propiedades para fortalecer huesos y u\u00f1as, mejorar la salud de la piel y el cabello, y aliviar dolores articulares leves.<\/p>\n","protected":false},"featured_media":4364,"comment_status":"open","ping_status":"closed","template":"","meta":[],"product_brand":[468],"product_cat":[406],"product_tag":[524,502,563,500,501,520,503,581],"class_list":{"0":"post-4363","1":"product","2":"type-product","3":"status-publish","4":"has-post-thumbnail","6":"product_brand-herbarium","7":"product_cat-rinones","8":"product_tag-cuidado-de-piel","9":"product_tag-heredia","10":"product_tag-huesos","11":"product_tag-macrobiotica","12":"product_tag-natural","13":"product_tag-natural-shop","14":"product_tag-san-pablo","15":"product_tag-unas","17":"first","18":"instock","19":"shipping-taxable","20":"purchasable","21":"product-type-simple"},"jetpack_sharing_enabled":true,"_links":{"self":[{"href":"https:\/\/macronaturalsshop.com\/index.php?rest_route=\/wp\/v2\/product\/4363"}],"collection":[{"href":"https:\/\/macronaturalsshop.com\/index.php?rest_route=\/wp\/v2\/product"}],"about":[{"href":"https:\/\/macronaturalsshop.com\/index.php?rest_route=\/wp\/v2\/types\/product"}],"replies":[{"embeddable":true,"href":"https:\/\/macronaturalsshop.com\/index.php?rest_route=%2Fwp%2Fv2%2Fcomments&post=4363"}],"wp:featuredmedia":[{"embeddable":true,"href":"https:\/\/macronaturalsshop.com\/index.php?rest_route=\/wp\/v2\/media\/4364"}],"wp:attachment":[{"href":"https:\/\/macronaturalsshop.com\/index.php?rest_route=%2Fwp%2Fv2%2Fmedia&parent=4363"}],"wp:term":[{"taxonomy":"product_brand","embeddable":true,"href":"https:\/\/macronaturalsshop.com\/index.php?rest_route=%2Fwp%2Fv2%2Fproduct_brand&post=4363"},{"taxonomy":"product_cat","embeddable":true,"href":"https:\/\/macronaturalsshop.com\/index.php?rest_route=%2Fwp%2Fv2%2Fproduct_cat&post=4363"},{"taxonomy":"product_tag","embeddable":true,"href":"https:\/\/macronaturalsshop.com\/index.php?rest_route=%2Fwp%2Fv2%2Fproduct_tag&post=4363"}],"curies":[{"name":"wp","href":"https:\/\/api.w.org\/{rel}","templated":true}]}}