{"id":4365,"date":"2025-08-16T07:10:09","date_gmt":"2025-08-16T07:10:09","guid":{"rendered":"https:\/\/macronaturalsshop.com\/?post_type=product&#038;p=4365"},"modified":"2025-08-17T04:35:18","modified_gmt":"2025-08-17T04:35:18","slug":"colageno-hidrolizado-fem-vit-c-guardam-90caps","status":"publish","type":"product","link":"https:\/\/macronaturalsshop.com\/?product=colageno-hidrolizado-fem-vit-c-guardam-90caps","title":{"rendered":"C\u00e1psulas Col\u00e1geno Hidrolizado Fem Guaran\u00e1 + Damiana con Vitamina C"},"content":{"rendered":"<p><b>Beneficios:<\/b><\/p>\n<p>\u2022 Previene el endurecimiento de las arterias, da flexibilidad a las articulaciones y favorece el crecimiento muscular.<\/p>\n<p>\u2022 Tiene efecto estimulante, por lo que aumenta la libido.<\/p>\n<p>\u2022 Ayuda a las personas con fatiga, agotamiento, cansancio y reduce el estr\u00e9s.<\/p>\n<p>\u2022 Favorece el funcionamiento del h\u00edgado.<\/p>\n<p>\u2022 Alivia algunos s\u00edntomas causados por la llegada de la menopausia como los sofocos y la ansiedad.<\/p>\n","protected":false},"excerpt":{"rendered":"<p>Da flexibilidad a las articulaciones y favorece el crecimiento muscular.<br \/>\nTiene efecto estimulante, por lo que aumenta la libido.<br \/>\nAlivia algunos sintomas causados por la llegada de la menopausia como los sofocos y ansiedad.<br \/>\nAyuda a las personas con fatiga, agotamiento y reduce el estr\u00e9s.<\/p>\n","protected":false},"featured_media":4366,"comment_status":"open","ping_status":"closed","template":"","meta":[],"product_brand":[468],"product_cat":[389],"product_tag":[559,502,500,501,520,503],"class_list":{"0":"post-4365","1":"product","2":"type-product","3":"status-publish","4":"has-post-thumbnail","6":"product_brand-herbarium","7":"product_cat-colageno","8":"product_tag-colageno","9":"product_tag-heredia","10":"product_tag-macrobiotica","11":"product_tag-natural","12":"product_tag-natural-shop","13":"product_tag-san-pablo","15":"first","16":"instock","17":"shipping-taxable","18":"purchasable","19":"product-type-simple"},"jetpack_sharing_enabled":true,"_links":{"self":[{"href":"https:\/\/macronaturalsshop.com\/index.php?rest_route=\/wp\/v2\/product\/4365"}],"collection":[{"href":"https:\/\/macronaturalsshop.com\/index.php?rest_route=\/wp\/v2\/product"}],"about":[{"href":"https:\/\/macronaturalsshop.com\/index.php?rest_route=\/wp\/v2\/types\/product"}],"replies":[{"embeddable":true,"href":"https:\/\/macronaturalsshop.com\/index.php?rest_route=%2Fwp%2Fv2%2Fcomments&post=4365"}],"wp:featuredmedia":[{"embeddable":true,"href":"https:\/\/macronaturalsshop.com\/index.php?rest_route=\/wp\/v2\/media\/4366"}],"wp:attachment":[{"href":"https:\/\/macronaturalsshop.com\/index.php?rest_route=%2Fwp%2Fv2%2Fmedia&parent=4365"}],"wp:term":[{"taxonomy":"product_brand","embeddable":true,"href":"https:\/\/macronaturalsshop.com\/index.php?rest_route=%2Fwp%2Fv2%2Fproduct_brand&post=4365"},{"taxonomy":"product_cat","embeddable":true,"href":"https:\/\/macronaturalsshop.com\/index.php?rest_route=%2Fwp%2Fv2%2Fproduct_cat&post=4365"},{"taxonomy":"product_tag","embeddable":true,"href":"https:\/\/macronaturalsshop.com\/index.php?rest_route=%2Fwp%2Fv2%2Fproduct_tag&post=4365"}],"curies":[{"name":"wp","href":"https:\/\/api.w.org\/{rel}","templated":true}]}}