{"id":4381,"date":"2025-08-16T04:20:00","date_gmt":"2025-08-16T04:20:00","guid":{"rendered":"https:\/\/macronaturalsshop.com\/?post_type=product&#038;p=4381"},"modified":"2025-08-16T23:41:08","modified_gmt":"2025-08-16T23:41:08","slug":"crema-de-colageno-230g","status":"publish","type":"product","link":"https:\/\/macronaturalsshop.com\/?product=crema-de-colageno-230g","title":{"rendered":"Crema de Col\u00e1geno 230g"},"content":{"rendered":"<p>Aplicar sobre la piel limpia. Masajear hasta su total absorci\u00f3n.<br \/>\nSe puede utilizar en el d\u00eda y en la noche.<\/p>\n","protected":false},"excerpt":{"rendered":"<p>Aporta resistencia, firmeza y elasticidad.<br \/>\nDisminuye las arrugas, las l\u00edneas de expresi\u00f3n y las estr\u00edas.<br \/>\nReduce las marcas de acn\u00e9 gracias a sus propiedades cicatrizantes.<br \/>\nProtege la piel frente a agentes extrernos como el sol, la contaminaci\u00f3n<br \/>\no el fr\u00edo.<\/p>\n","protected":false},"featured_media":4382,"comment_status":"open","ping_status":"closed","template":"","meta":[],"product_brand":[468],"product_cat":[389],"product_tag":[559,502,500,501,520,503],"class_list":{"0":"post-4381","1":"product","2":"type-product","3":"status-publish","4":"has-post-thumbnail","6":"product_brand-herbarium","7":"product_cat-colageno","8":"product_tag-colageno","9":"product_tag-heredia","10":"product_tag-macrobiotica","11":"product_tag-natural","12":"product_tag-natural-shop","13":"product_tag-san-pablo","15":"first","16":"instock","17":"shipping-taxable","18":"purchasable","19":"product-type-simple"},"jetpack_sharing_enabled":true,"_links":{"self":[{"href":"https:\/\/macronaturalsshop.com\/index.php?rest_route=\/wp\/v2\/product\/4381"}],"collection":[{"href":"https:\/\/macronaturalsshop.com\/index.php?rest_route=\/wp\/v2\/product"}],"about":[{"href":"https:\/\/macronaturalsshop.com\/index.php?rest_route=\/wp\/v2\/types\/product"}],"replies":[{"embeddable":true,"href":"https:\/\/macronaturalsshop.com\/index.php?rest_route=%2Fwp%2Fv2%2Fcomments&post=4381"}],"wp:featuredmedia":[{"embeddable":true,"href":"https:\/\/macronaturalsshop.com\/index.php?rest_route=\/wp\/v2\/media\/4382"}],"wp:attachment":[{"href":"https:\/\/macronaturalsshop.com\/index.php?rest_route=%2Fwp%2Fv2%2Fmedia&parent=4381"}],"wp:term":[{"taxonomy":"product_brand","embeddable":true,"href":"https:\/\/macronaturalsshop.com\/index.php?rest_route=%2Fwp%2Fv2%2Fproduct_brand&post=4381"},{"taxonomy":"product_cat","embeddable":true,"href":"https:\/\/macronaturalsshop.com\/index.php?rest_route=%2Fwp%2Fv2%2Fproduct_cat&post=4381"},{"taxonomy":"product_tag","embeddable":true,"href":"https:\/\/macronaturalsshop.com\/index.php?rest_route=%2Fwp%2Fv2%2Fproduct_tag&post=4381"}],"curies":[{"name":"wp","href":"https:\/\/api.w.org\/{rel}","templated":true}]}}