{"id":4389,"date":"2025-08-25T01:00:55","date_gmt":"2025-08-25T01:00:55","guid":{"rendered":"https:\/\/macronaturalsshop.com\/?post_type=product&#038;p=4389"},"modified":"2025-08-25T21:51:40","modified_gmt":"2025-08-25T21:51:40","slug":"curcuma-con-jengibre-90caps","status":"publish","type":"product","link":"https:\/\/macronaturalsshop.com\/?product=curcuma-con-jengibre-90caps","title":{"rendered":"C\u00farcuma con Jengibre 90 c\u00e1ps"},"content":{"rendered":"<p>Es un potente antiinflamatorio natural y antioxidante, ayudando a la salud articular, mejorando la digesti\u00f3n, fortaleciendo el sistema inmune y beneficiando la salud del coraz\u00f3n. La adici\u00f3n de pimienta negra potencia la absorci\u00f3n de los compuestos activos de la c\u00farcuma, maximizando sus efectos.<\/p>\n","protected":false},"excerpt":{"rendered":"<p>Antiinflamatorio.<br \/>\nAntioxidante.<br \/>\nRecomendado para aliviar el dolor de la artritis.<br \/>\nFortalece el sistema inunil\u00f3gico.<br \/>\nReduce la degeneraci\u00f3n \u00f3sea.<\/p>\n","protected":false},"featured_media":4390,"comment_status":"open","ping_status":"closed","template":"","meta":[],"product_brand":[468],"product_cat":[430],"product_tag":[615,564,570,502,500,501,520,503],"class_list":{"0":"post-4389","1":"product","2":"type-product","3":"status-publish","4":"has-post-thumbnail","6":"product_brand-herbarium","7":"product_cat-antinflamatorio-y-dolores","8":"product_tag-antiinflamatorio","9":"product_tag-antioxidante","10":"product_tag-artritis","11":"product_tag-heredia","12":"product_tag-macrobiotica","13":"product_tag-natural","14":"product_tag-natural-shop","15":"product_tag-san-pablo","17":"first","18":"instock","19":"shipping-taxable","20":"purchasable","21":"product-type-simple"},"jetpack_sharing_enabled":true,"_links":{"self":[{"href":"https:\/\/macronaturalsshop.com\/index.php?rest_route=\/wp\/v2\/product\/4389"}],"collection":[{"href":"https:\/\/macronaturalsshop.com\/index.php?rest_route=\/wp\/v2\/product"}],"about":[{"href":"https:\/\/macronaturalsshop.com\/index.php?rest_route=\/wp\/v2\/types\/product"}],"replies":[{"embeddable":true,"href":"https:\/\/macronaturalsshop.com\/index.php?rest_route=%2Fwp%2Fv2%2Fcomments&post=4389"}],"wp:featuredmedia":[{"embeddable":true,"href":"https:\/\/macronaturalsshop.com\/index.php?rest_route=\/wp\/v2\/media\/4390"}],"wp:attachment":[{"href":"https:\/\/macronaturalsshop.com\/index.php?rest_route=%2Fwp%2Fv2%2Fmedia&parent=4389"}],"wp:term":[{"taxonomy":"product_brand","embeddable":true,"href":"https:\/\/macronaturalsshop.com\/index.php?rest_route=%2Fwp%2Fv2%2Fproduct_brand&post=4389"},{"taxonomy":"product_cat","embeddable":true,"href":"https:\/\/macronaturalsshop.com\/index.php?rest_route=%2Fwp%2Fv2%2Fproduct_cat&post=4389"},{"taxonomy":"product_tag","embeddable":true,"href":"https:\/\/macronaturalsshop.com\/index.php?rest_route=%2Fwp%2Fv2%2Fproduct_tag&post=4389"}],"curies":[{"name":"wp","href":"https:\/\/api.w.org\/{rel}","templated":true}]}}