{"id":4406,"date":"2025-09-15T01:04:31","date_gmt":"2025-09-15T01:04:31","guid":{"rendered":"https:\/\/macronaturalsshop.com\/?post_type=product&#038;p=4406"},"modified":"2025-09-15T15:23:45","modified_gmt":"2025-09-15T15:23:45","slug":"full-protein-fresa","status":"publish","type":"product","link":"https:\/\/macronaturalsshop.com\/?product=full-protein-fresa","title":{"rendered":"Prote\u00edna Full Protein Fresa 500g"},"content":{"rendered":"<p>50% m\u00e1s r\u00e1pida absorci\u00f3n.<br \/>\n50% m\u00e1s prote\u00edna.<br \/>\n50% menos calorias.<br \/>\nWhey protein.<br \/>\nProte\u00edna de Soya.<br \/>\nPor 35g de porci\u00f3n, contiene 31g de prote\u00edna.<\/p>\n","protected":false},"excerpt":{"rendered":"<p>Promueve mayor energ\u00eda.<br \/>\nM\u00e1s rendimiento.<br \/>\nAyuda para obtener m\u00e1s masa muscular.<\/p>\n","protected":false},"featured_media":4403,"comment_status":"open","ping_status":"closed","template":"","meta":[],"product_brand":[468],"product_cat":[385],"product_tag":[566,560,502,500,501,520,503],"class_list":{"0":"post-4406","1":"product","2":"type-product","3":"status-publish","4":"has-post-thumbnail","6":"product_brand-herbarium","7":"product_cat-deporte","8":"product_tag-deporte","9":"product_tag-energia","10":"product_tag-heredia","11":"product_tag-macrobiotica","12":"product_tag-natural","13":"product_tag-natural-shop","14":"product_tag-san-pablo","16":"first","17":"instock","18":"shipping-taxable","19":"purchasable","20":"product-type-simple"},"jetpack_sharing_enabled":true,"_links":{"self":[{"href":"https:\/\/macronaturalsshop.com\/index.php?rest_route=\/wp\/v2\/product\/4406"}],"collection":[{"href":"https:\/\/macronaturalsshop.com\/index.php?rest_route=\/wp\/v2\/product"}],"about":[{"href":"https:\/\/macronaturalsshop.com\/index.php?rest_route=\/wp\/v2\/types\/product"}],"replies":[{"embeddable":true,"href":"https:\/\/macronaturalsshop.com\/index.php?rest_route=%2Fwp%2Fv2%2Fcomments&post=4406"}],"wp:featuredmedia":[{"embeddable":true,"href":"https:\/\/macronaturalsshop.com\/index.php?rest_route=\/wp\/v2\/media\/4403"}],"wp:attachment":[{"href":"https:\/\/macronaturalsshop.com\/index.php?rest_route=%2Fwp%2Fv2%2Fmedia&parent=4406"}],"wp:term":[{"taxonomy":"product_brand","embeddable":true,"href":"https:\/\/macronaturalsshop.com\/index.php?rest_route=%2Fwp%2Fv2%2Fproduct_brand&post=4406"},{"taxonomy":"product_cat","embeddable":true,"href":"https:\/\/macronaturalsshop.com\/index.php?rest_route=%2Fwp%2Fv2%2Fproduct_cat&post=4406"},{"taxonomy":"product_tag","embeddable":true,"href":"https:\/\/macronaturalsshop.com\/index.php?rest_route=%2Fwp%2Fv2%2Fproduct_tag&post=4406"}],"curies":[{"name":"wp","href":"https:\/\/api.w.org\/{rel}","templated":true}]}}