{"id":4413,"date":"2025-08-25T01:10:50","date_gmt":"2025-08-25T01:10:50","guid":{"rendered":"https:\/\/macronaturalsshop.com\/?post_type=product&#038;p=4413"},"modified":"2025-08-26T01:33:47","modified_gmt":"2025-08-26T01:33:47","slug":"hierba-santa-60cap-2","status":"publish","type":"product","link":"https:\/\/macronaturalsshop.com\/?product=hierba-santa-60cap-2","title":{"rendered":"Hierba Santa 60 c\u00e1ps"},"content":{"rendered":"<p>La Hierba Santa tratar una variedad de dolencias, principalmente relacionadas con el sistema digestivo, ya que alivian el dolor de est\u00f3mago, la indigesti\u00f3n, el estre\u00f1imiento y los espasmos.\u00a0Tambi\u00e9n tienen efectos calmantes y relajantes para el sistema nervioso, lo que ayuda con el insomnio y el nerviosismo.\u00a0Adem\u00e1s, se usan como antiinflamatorio, analg\u00e9sico, antipir\u00e9tico y para problemas respiratorios como el asma y la tos.<\/p>\n","protected":false},"excerpt":{"rendered":"<p>Depurador del h\u00edgado.<br \/>\nAyuda a la inflamaci\u00f3n de ri\u00f1ones.<br \/>\nAyuda a los transtornos del aparato digestivo, como el estre\u00f1imiento.<br \/>\nAyuda a bajar la fiebre.<br \/>\nLevanta las defensas.<br \/>\nBajar la fiebre.<\/p>\n","protected":false},"featured_media":4414,"comment_status":"open","ping_status":"closed","template":"","meta":[],"product_brand":[468],"product_cat":[396,406],"product_tag":[638,615,631,635,502,500,501,520,503,542],"class_list":{"0":"post-4413","1":"product","2":"type-product","3":"status-publish","4":"has-post-thumbnail","6":"product_brand-herbarium","7":"product_cat-sistema-digestivo","8":"product_cat-rinones","9":"product_tag-analgesico","10":"product_tag-antiinflamatorio","11":"product_tag-asma","12":"product_tag-estrenimiento","13":"product_tag-heredia","14":"product_tag-macrobiotica","15":"product_tag-natural","16":"product_tag-natural-shop","17":"product_tag-san-pablo","18":"product_tag-tos","20":"first","21":"instock","22":"shipping-taxable","23":"purchasable","24":"product-type-simple"},"jetpack_sharing_enabled":true,"_links":{"self":[{"href":"https:\/\/macronaturalsshop.com\/index.php?rest_route=\/wp\/v2\/product\/4413"}],"collection":[{"href":"https:\/\/macronaturalsshop.com\/index.php?rest_route=\/wp\/v2\/product"}],"about":[{"href":"https:\/\/macronaturalsshop.com\/index.php?rest_route=\/wp\/v2\/types\/product"}],"replies":[{"embeddable":true,"href":"https:\/\/macronaturalsshop.com\/index.php?rest_route=%2Fwp%2Fv2%2Fcomments&post=4413"}],"wp:featuredmedia":[{"embeddable":true,"href":"https:\/\/macronaturalsshop.com\/index.php?rest_route=\/wp\/v2\/media\/4414"}],"wp:attachment":[{"href":"https:\/\/macronaturalsshop.com\/index.php?rest_route=%2Fwp%2Fv2%2Fmedia&parent=4413"}],"wp:term":[{"taxonomy":"product_brand","embeddable":true,"href":"https:\/\/macronaturalsshop.com\/index.php?rest_route=%2Fwp%2Fv2%2Fproduct_brand&post=4413"},{"taxonomy":"product_cat","embeddable":true,"href":"https:\/\/macronaturalsshop.com\/index.php?rest_route=%2Fwp%2Fv2%2Fproduct_cat&post=4413"},{"taxonomy":"product_tag","embeddable":true,"href":"https:\/\/macronaturalsshop.com\/index.php?rest_route=%2Fwp%2Fv2%2Fproduct_tag&post=4413"}],"curies":[{"name":"wp","href":"https:\/\/api.w.org\/{rel}","templated":true}]}}