{"id":4423,"date":"2025-08-25T01:20:58","date_gmt":"2025-08-25T01:20:58","guid":{"rendered":"https:\/\/macronaturalsshop.com\/?post_type=product&#038;p=4423"},"modified":"2025-08-26T02:21:10","modified_gmt":"2025-08-26T02:21:10","slug":"jarabe-cuculmeca-echinacea-y-miel-250ml","status":"publish","type":"product","link":"https:\/\/macronaturalsshop.com\/?product=jarabe-cuculmeca-echinacea-y-miel-250ml","title":{"rendered":"Jarabe Cuculmeca Echinacea y Miel 250ml"},"content":{"rendered":"<p>Fortalece el sistema inmunol\u00f3gico, combatir la anemia, aumentar la energ\u00eda y depurar la sangre.\u00a0La Cuculmeca aporta hierro para la sangre y propiedades depurativas, la Equin\u00e1cea estimula las defensas, y la Miel ayuda a la absorci\u00f3n de minerales y proporciona energ\u00eda.<\/p>\n","protected":false},"excerpt":{"rendered":"<p>Fortalece el sistema inmunol\u00f3gico, combatir la anemia, aumentar la energ\u00eda y depurar la sangre.<\/p>\n","protected":false},"featured_media":4424,"comment_status":"open","ping_status":"closed","template":"","meta":[],"product_brand":[468],"product_cat":[379],"product_tag":[625,560,502,500,501,520,503],"class_list":{"0":"post-4423","1":"product","2":"type-product","3":"status-publish","4":"has-post-thumbnail","6":"product_brand-herbarium","7":"product_cat-sistema-inmunologico","8":"product_tag-anemia","9":"product_tag-energia","10":"product_tag-heredia","11":"product_tag-macrobiotica","12":"product_tag-natural","13":"product_tag-natural-shop","14":"product_tag-san-pablo","16":"first","17":"instock","18":"shipping-taxable","19":"purchasable","20":"product-type-simple"},"jetpack_sharing_enabled":true,"_links":{"self":[{"href":"https:\/\/macronaturalsshop.com\/index.php?rest_route=\/wp\/v2\/product\/4423"}],"collection":[{"href":"https:\/\/macronaturalsshop.com\/index.php?rest_route=\/wp\/v2\/product"}],"about":[{"href":"https:\/\/macronaturalsshop.com\/index.php?rest_route=\/wp\/v2\/types\/product"}],"replies":[{"embeddable":true,"href":"https:\/\/macronaturalsshop.com\/index.php?rest_route=%2Fwp%2Fv2%2Fcomments&post=4423"}],"wp:featuredmedia":[{"embeddable":true,"href":"https:\/\/macronaturalsshop.com\/index.php?rest_route=\/wp\/v2\/media\/4424"}],"wp:attachment":[{"href":"https:\/\/macronaturalsshop.com\/index.php?rest_route=%2Fwp%2Fv2%2Fmedia&parent=4423"}],"wp:term":[{"taxonomy":"product_brand","embeddable":true,"href":"https:\/\/macronaturalsshop.com\/index.php?rest_route=%2Fwp%2Fv2%2Fproduct_brand&post=4423"},{"taxonomy":"product_cat","embeddable":true,"href":"https:\/\/macronaturalsshop.com\/index.php?rest_route=%2Fwp%2Fv2%2Fproduct_cat&post=4423"},{"taxonomy":"product_tag","embeddable":true,"href":"https:\/\/macronaturalsshop.com\/index.php?rest_route=%2Fwp%2Fv2%2Fproduct_tag&post=4423"}],"curies":[{"name":"wp","href":"https:\/\/api.w.org\/{rel}","templated":true}]}}