{"id":4425,"date":"2025-08-17T01:05:50","date_gmt":"2025-08-17T01:05:50","guid":{"rendered":"https:\/\/macronaturalsshop.com\/?post_type=product&#038;p=4425"},"modified":"2025-08-17T17:14:14","modified_gmt":"2025-08-17T17:14:14","slug":"jarabe-de-bambu-con-miel-y-limon","status":"publish","type":"product","link":"https:\/\/macronaturalsshop.com\/?product=jarabe-de-bambu-con-miel-y-limon","title":{"rendered":"Jarabe de Bamb\u00fa con Miel y Lim\u00f3n"},"content":{"rendered":"<p>El jarabe de bamb\u00fa con miel y lim\u00f3n ayuda a aliviar problemas respiratorios como la tos, el asma, la bronquitis y la faringitis. La combinaci\u00f3n de bamb\u00fa, miel y lim\u00f3n se considera beneficiosa para descongestionar las v\u00edas respiratorias y fortalecer el sistema inmunol\u00f3gico.<\/p>\n","protected":false},"excerpt":{"rendered":"<p>Recomendado para problemas respiratorios como la tos, el asma, la bronquitis y la faringitis.<\/p>\n","protected":false},"featured_media":4426,"comment_status":"open","ping_status":"closed","template":"","meta":[],"product_brand":[468],"product_cat":[415,412],"product_tag":[556,502,500,501,520,503,542],"class_list":{"0":"post-4425","1":"product","2":"type-product","3":"status-publish","4":"has-post-thumbnail","6":"product_brand-herbarium","7":"product_cat-sistema-respiratorio","8":"product_cat-tos","9":"product_tag-faringitis","10":"product_tag-heredia","11":"product_tag-macrobiotica","12":"product_tag-natural","13":"product_tag-natural-shop","14":"product_tag-san-pablo","15":"product_tag-tos","17":"first","18":"instock","19":"shipping-taxable","20":"purchasable","21":"product-type-simple"},"jetpack_sharing_enabled":true,"_links":{"self":[{"href":"https:\/\/macronaturalsshop.com\/index.php?rest_route=\/wp\/v2\/product\/4425"}],"collection":[{"href":"https:\/\/macronaturalsshop.com\/index.php?rest_route=\/wp\/v2\/product"}],"about":[{"href":"https:\/\/macronaturalsshop.com\/index.php?rest_route=\/wp\/v2\/types\/product"}],"replies":[{"embeddable":true,"href":"https:\/\/macronaturalsshop.com\/index.php?rest_route=%2Fwp%2Fv2%2Fcomments&post=4425"}],"wp:featuredmedia":[{"embeddable":true,"href":"https:\/\/macronaturalsshop.com\/index.php?rest_route=\/wp\/v2\/media\/4426"}],"wp:attachment":[{"href":"https:\/\/macronaturalsshop.com\/index.php?rest_route=%2Fwp%2Fv2%2Fmedia&parent=4425"}],"wp:term":[{"taxonomy":"product_brand","embeddable":true,"href":"https:\/\/macronaturalsshop.com\/index.php?rest_route=%2Fwp%2Fv2%2Fproduct_brand&post=4425"},{"taxonomy":"product_cat","embeddable":true,"href":"https:\/\/macronaturalsshop.com\/index.php?rest_route=%2Fwp%2Fv2%2Fproduct_cat&post=4425"},{"taxonomy":"product_tag","embeddable":true,"href":"https:\/\/macronaturalsshop.com\/index.php?rest_route=%2Fwp%2Fv2%2Fproduct_tag&post=4425"}],"curies":[{"name":"wp","href":"https:\/\/api.w.org\/{rel}","templated":true}]}}