{"id":4431,"date":"2025-08-25T01:30:34","date_gmt":"2025-08-25T01:30:34","guid":{"rendered":"https:\/\/macronaturalsshop.com\/?post_type=product&#038;p=4431"},"modified":"2025-08-26T02:33:15","modified_gmt":"2025-08-26T02:33:15","slug":"jarabe-eucalipto-con-equinacea-250ml","status":"publish","type":"product","link":"https:\/\/macronaturalsshop.com\/?product=jarabe-eucalipto-con-equinacea-250ml","title":{"rendered":"Jarabe Eucalipto con Equinacea 250Ml"},"content":{"rendered":"<div class=\"WaaZC\">\n<div class=\"RJPOee EIJn2\">\n<div class=\"rPeykc uP58nb\" data-hveid=\"CAoQAQ\" data-ved=\"2ahUKEwjaz9Cht6ePAxUsQzABHQqkDyoQo_EKegQIChAB\"><span data-huuid=\"1520979384764693035\"><span role=\"heading\" aria-level=\"2\">Beneficios principales:<\/span><\/span><\/div>\n<\/div>\n<\/div>\n<div class=\"WaaZC\">\n<div class=\"RJPOee EIJn2\">\n<ul data-hveid=\"CCcQAQ\" data-ved=\"2ahUKEwjaz9Cht6ePAxUsQzABHQqkDyoQm_YKegQIJxAB\">\n<li class=\"K3KsMc\">\n<div class=\"zMgcWd dSKvsb\" data-il=\"\">\n<div data-crb-p=\"\">\n<div class=\"xFTqob\">\n<div class=\"Gur8Ad\"><span data-huuid=\"1520979384764691490\"><strong>Fortalece el sistema inmune:<\/strong><\/span><\/div>\n<div class=\"vM0jzc\"><span data-huuid=\"1520979384764690975\">La equin\u00e1cea es conocida por su capacidad para aumentar las defensas del organismo y estimular la producci\u00f3n de gl\u00f3bulos blancos, ayudando a prevenir y combatir infecciones virales y bacterianas.<span class=\"pjBG2e\" data-cid=\"287db349-a167-4b3c-8823-4342332e2884\"><span class=\"UV3uM\">\u00a0<\/span><\/span><\/span><\/p>\n<div class=\"NPrrbc\" data-cid=\"287db349-a167-4b3c-8823-4342332e2884\" data-uuids=\"1520979384764691490,1520979384764690975\">\n<div class=\"BMebGe btku5b fCrZyc LwdV0e FR7ZSc qVhvac OJeuxf\" tabindex=\"0\" role=\"button\" aria-label=\"View related links\" data-hveid=\"CBQQAQ\" data-ved=\"2ahUKEwjaz9Cht6ePAxUsQzABHQqkDyoQ3fYKegQIFBAB\">\n<div class=\"niO4u\">\n<div class=\"kHtcsd\"><\/div>\n<\/div>\n<\/div>\n<\/div>\n<\/div>\n<\/div>\n<\/div>\n<\/div>\n<\/li>\n<li class=\"K3KsMc\">\n<div class=\"zMgcWd dSKvsb\" data-il=\"\">\n<div data-crb-p=\"\">\n<div class=\"xFTqob\">\n<div class=\"Gur8Ad\"><span data-huuid=\"1520979384764694041\"><strong>Alivia s\u00edntomas respiratorios:<\/strong><\/span><\/div>\n<div class=\"vM0jzc\">\n<ul data-hveid=\"CCYQAQ\" data-ved=\"2ahUKEwjaz9Cht6ePAxUsQzABHQqkDyoQm_YKegQIJhAB\">\n<li><span data-huuid=\"1520979384764692496\"><strong>Eucalipto:<\/strong>\u00a0<\/span><span data-huuid=\"1520979384764691981\">Sus aceites esenciales ayudan a descongestionar las v\u00edas respiratorias, refrescar la garganta y aliviar la tos.<span class=\"pjBG2e\" data-cid=\"ebd9316e-c019-445a-a697-8bf7e284e7ea\"><span class=\"UV3uM\">\u00a0<\/span><\/span><\/span>\n<div class=\"NPrrbc\" data-cid=\"ebd9316e-c019-445a-a697-8bf7e284e7ea\" data-uuids=\"1520979384764692496,1520979384764691981\">\n<div class=\"BMebGe btku5b fCrZyc LwdV0e FR7ZSc qVhvac OJeuxf\" tabindex=\"0\" role=\"button\" aria-label=\"View related links\" data-hveid=\"CCAQAQ\" data-ved=\"2ahUKEwjaz9Cht6ePAxUsQzABHQqkDyoQ3fYKegQIIBAB\">\n<div class=\"niO4u\">\n<div class=\"kHtcsd\"><\/div>\n<\/div>\n<\/div>\n<\/div>\n<\/li>\n<li><span data-huuid=\"1520979384764690951\"><strong>Malva y otras hierbas:<\/strong>\u00a0<\/span><span data-huuid=\"1520979384764690436\">Ingredientes como la malva y el tomillo, que suelen incluirse en estas f\u00f3rmulas, aportan un efecto calmante en la garganta y facilitan la expectoraci\u00f3n del moco.<span class=\"pjBG2e\" data-cid=\"3694d152-bac7-4653-840d-ae0801e08e4f\"><span class=\"UV3uM\">\u00a0<\/span><\/span><\/span>\n<div class=\"NPrrbc\" data-cid=\"3694d152-bac7-4653-840d-ae0801e08e4f\" data-uuids=\"1520979384764690951,1520979384764690436\">\n<div class=\"BMebGe btku5b fCrZyc LwdV0e FR7ZSc qVhvac OJeuxf\" tabindex=\"0\" role=\"button\" aria-label=\"View related links\" data-hveid=\"CCEQAQ\" data-ved=\"2ahUKEwjaz9Cht6ePAxUsQzABHQqkDyoQ3fYKegQIIRAB\">\n<div class=\"niO4u\">\n<div class=\"kHtcsd\"><\/div>\n<\/div>\n<\/div>\n<\/div>\n<\/li>\n<\/ul>\n<\/div>\n<\/div>\n<\/div>\n<\/div>\n<\/li>\n<li class=\"K3KsMc\">\n<div class=\"zMgcWd dSKvsb\" data-il=\"\">\n<div data-crb-p=\"\">\n<div class=\"xFTqob\">\n<div class=\"Gur8Ad\"><span data-huuid=\"1520979384764693502\"><strong>Apoyo en afecciones respiratorias:<\/strong><\/span><\/div>\n<div class=\"vM0jzc\"><span data-huuid=\"1520979384764692987\">Es \u00fatil como apoyo en casos de resfriados, faringitis, bronquitis y otras molestias respiratorias, especialmente en \u00e9pocas de fr\u00edo.<span class=\"pjBG2e\" data-cid=\"80ad1da4-fb86-4e31-97b7-44dd242f1875\"><span class=\"UV3uM\">\u00a0<\/span><\/span><\/span><\/p>\n<div class=\"NPrrbc\" data-cid=\"80ad1da4-fb86-4e31-97b7-44dd242f1875\" data-uuids=\"1520979384764693502,1520979384764692987\">\n<div class=\"BMebGe btku5b fCrZyc LwdV0e FR7ZSc qVhvac OJeuxf\" tabindex=\"0\" role=\"button\" aria-label=\"View related links\" data-hveid=\"CBsQAQ\" data-ved=\"2ahUKEwjaz9Cht6ePAxUsQzABHQqkDyoQ3fYKegQIGxAB\">\n<div class=\"niO4u\">\n<div class=\"kHtcsd\"><\/div>\n<\/div>\n<\/div>\n<\/div>\n<\/div>\n<\/div>\n<\/div>\n<\/div>\n<\/li>\n<li class=\"K3KsMc\">\n<div class=\"zMgcWd dSKvsb\" data-il=\"\">\n<div data-crb-p=\"\">\n<div class=\"xFTqob\">\n<div class=\"Gur8Ad\"><span data-huuid=\"1520979384764691957\"><strong>Acci\u00f3n antiinflamatoria y antimicrobiana:<\/strong><\/span><\/div>\n<div class=\"vM0jzc\"><span data-huuid=\"1520979384764691442\">Tanto la equin\u00e1cea como el eucalipto poseen propiedades antiinflamatorias y antimicrobianas, que son beneficiosas para la salud de las v\u00edas respiratorias.<span class=\"pjBG2e\" data-cid=\"a83f669e-0ac1-4598-9e99-0b03ddbc8793\"><span class=\"UV3uM\">\u00a0<\/span><\/span><\/span><\/div>\n<\/div>\n<\/div>\n<\/div>\n<\/li>\n<\/ul>\n<\/div>\n<\/div>\n","protected":false},"excerpt":{"rendered":"<p>Fortalecer el sistema inmunol\u00f3gico y aliviar s\u00edntomas respiratorios como irritaci\u00f3n de garganta, tos y congesti\u00f3n, gracias a las propiedades inmunoestimulantes de la equin\u00e1cea y las acciones expectorantes y calmantes del eucalipto y otras hierbas presentes en el jarabe.<\/p>\n","protected":false},"featured_media":4428,"comment_status":"open","ping_status":"closed","template":"","meta":[],"product_brand":[468],"product_cat":[379,412],"product_tag":[615,502,500,501,520,503,542],"class_list":{"0":"post-4431","1":"product","2":"type-product","3":"status-publish","4":"has-post-thumbnail","6":"product_brand-herbarium","7":"product_cat-sistema-inmunologico","8":"product_cat-tos","9":"product_tag-antiinflamatorio","10":"product_tag-heredia","11":"product_tag-macrobiotica","12":"product_tag-natural","13":"product_tag-natural-shop","14":"product_tag-san-pablo","15":"product_tag-tos","17":"first","18":"instock","19":"shipping-taxable","20":"purchasable","21":"product-type-simple"},"jetpack_sharing_enabled":true,"_links":{"self":[{"href":"https:\/\/macronaturalsshop.com\/index.php?rest_route=\/wp\/v2\/product\/4431"}],"collection":[{"href":"https:\/\/macronaturalsshop.com\/index.php?rest_route=\/wp\/v2\/product"}],"about":[{"href":"https:\/\/macronaturalsshop.com\/index.php?rest_route=\/wp\/v2\/types\/product"}],"replies":[{"embeddable":true,"href":"https:\/\/macronaturalsshop.com\/index.php?rest_route=%2Fwp%2Fv2%2Fcomments&post=4431"}],"wp:featuredmedia":[{"embeddable":true,"href":"https:\/\/macronaturalsshop.com\/index.php?rest_route=\/wp\/v2\/media\/4428"}],"wp:attachment":[{"href":"https:\/\/macronaturalsshop.com\/index.php?rest_route=%2Fwp%2Fv2%2Fmedia&parent=4431"}],"wp:term":[{"taxonomy":"product_brand","embeddable":true,"href":"https:\/\/macronaturalsshop.com\/index.php?rest_route=%2Fwp%2Fv2%2Fproduct_brand&post=4431"},{"taxonomy":"product_cat","embeddable":true,"href":"https:\/\/macronaturalsshop.com\/index.php?rest_route=%2Fwp%2Fv2%2Fproduct_cat&post=4431"},{"taxonomy":"product_tag","embeddable":true,"href":"https:\/\/macronaturalsshop.com\/index.php?rest_route=%2Fwp%2Fv2%2Fproduct_tag&post=4431"}],"curies":[{"name":"wp","href":"https:\/\/api.w.org\/{rel}","templated":true}]}}