{"id":4444,"date":"2025-08-16T06:25:00","date_gmt":"2025-08-16T06:25:00","guid":{"rendered":"https:\/\/macronaturalsshop.com\/?post_type=product&#038;p=4444"},"modified":"2025-08-17T03:27:50","modified_gmt":"2025-08-17T03:27:50","slug":"magnesio-potasio-y-curcuma-90cap","status":"publish","type":"product","link":"https:\/\/macronaturalsshop.com\/?product=magnesio-potasio-y-curcuma-90cap","title":{"rendered":"Magnesio, Potasio y C\u00farcuma"},"content":{"rendered":"<p>El magnesio contribuye a la reducci\u00f3n del cansancio, fatiga y al equilibrio de electrolitos.<br \/>\nEl potasio contribuye al normal funcionamiento del sistema nervioso y de la funci\u00f3n muscular.<\/p>\n<p>La c\u00farcuma posee\u00a0propiedades antiinflamatorias y antioxidantes.<\/p>\n","protected":false},"excerpt":{"rendered":"<p>Acci\u00f3n Antiinflamatoria.<\/p>\n<p>Ayuda en la protecci\u00f3n de energ\u00eda y prote\u00ednas.<\/p>\n<p>Promueve la relajaci\u00f3n muscular.<\/p>\n<p>Controla la contracci\u00f3n muscular y act\u00faa como un reljante muscular.<\/p>\n","protected":false},"featured_media":4445,"comment_status":"open","ping_status":"closed","template":"","meta":[],"product_brand":[468],"product_cat":[430,382,386],"product_tag":[615,564,614,613,502,500,501,520,503],"class_list":{"0":"post-4444","1":"product","2":"type-product","3":"status-publish","4":"has-post-thumbnail","6":"product_brand-herbarium","7":"product_cat-antinflamatorio-y-dolores","8":"product_cat-antioxidante","9":"product_cat-magnesio","10":"product_tag-antiinflamatorio","11":"product_tag-antioxidante","12":"product_tag-cansancio","13":"product_tag-fatiga","14":"product_tag-heredia","15":"product_tag-macrobiotica","16":"product_tag-natural","17":"product_tag-natural-shop","18":"product_tag-san-pablo","20":"first","21":"instock","22":"shipping-taxable","23":"purchasable","24":"product-type-simple"},"jetpack_sharing_enabled":true,"_links":{"self":[{"href":"https:\/\/macronaturalsshop.com\/index.php?rest_route=\/wp\/v2\/product\/4444"}],"collection":[{"href":"https:\/\/macronaturalsshop.com\/index.php?rest_route=\/wp\/v2\/product"}],"about":[{"href":"https:\/\/macronaturalsshop.com\/index.php?rest_route=\/wp\/v2\/types\/product"}],"replies":[{"embeddable":true,"href":"https:\/\/macronaturalsshop.com\/index.php?rest_route=%2Fwp%2Fv2%2Fcomments&post=4444"}],"wp:featuredmedia":[{"embeddable":true,"href":"https:\/\/macronaturalsshop.com\/index.php?rest_route=\/wp\/v2\/media\/4445"}],"wp:attachment":[{"href":"https:\/\/macronaturalsshop.com\/index.php?rest_route=%2Fwp%2Fv2%2Fmedia&parent=4444"}],"wp:term":[{"taxonomy":"product_brand","embeddable":true,"href":"https:\/\/macronaturalsshop.com\/index.php?rest_route=%2Fwp%2Fv2%2Fproduct_brand&post=4444"},{"taxonomy":"product_cat","embeddable":true,"href":"https:\/\/macronaturalsshop.com\/index.php?rest_route=%2Fwp%2Fv2%2Fproduct_cat&post=4444"},{"taxonomy":"product_tag","embeddable":true,"href":"https:\/\/macronaturalsshop.com\/index.php?rest_route=%2Fwp%2Fv2%2Fproduct_tag&post=4444"}],"curies":[{"name":"wp","href":"https:\/\/api.w.org\/{rel}","templated":true}]}}