{"id":4446,"date":"2025-08-16T04:30:44","date_gmt":"2025-08-16T04:30:44","guid":{"rendered":"https:\/\/macronaturalsshop.com\/?post_type=product&#038;p=4446"},"modified":"2025-08-16T23:54:05","modified_gmt":"2025-08-16T23:54:05","slug":"melatonina-1mg-b6-90-capsulas","status":"publish","type":"product","link":"https:\/\/macronaturalsshop.com\/?product=melatonina-1mg-b6-90-capsulas","title":{"rendered":"Melatonina + Vitamina B6"},"content":{"rendered":"<p>Regula el sue\u00f1o<\/p>\n<p>Protege tu piel<\/p>\n<p>Poderoso antioxidante<\/p>\n<p>Frena la ca\u00edda del cabello<\/p>\n<p>Mejora el estado de \u00e1nimo<\/p>\n<p>Refuerza el sistema inmunol\u00f3gico<\/p>\n<p>Contribuye a la salud del coraz\u00f3n<\/p>\n<p>Un m\u00e9todo de prevenci\u00f3n ante el Alzheimer<\/p>\n<p>Contra la obesidad: En cuanto a la lucha contra el sobrepeso y las enfermedades asociadas a \u00e9l, como pueden ser la diabetes o las cardiopat\u00edas, la melatonina cumple un papel fundamental. En primer lugar, esta hormona quema eficazmente las calor\u00edas que consumimos, evitando que se almacenen y regulando as\u00ed la masa corporal.<\/p>\n","protected":false},"excerpt":{"rendered":"<p>Regula el sue\u00f1o.<br \/>\nProtege tu piel.<br \/>\nMejora el estado de \u00e1nimo.<\/p>\n","protected":false},"featured_media":4447,"comment_status":"open","ping_status":"closed","template":"","meta":[],"product_brand":[468],"product_cat":[407],"product_tag":[502,500,501,520,503,574],"class_list":{"0":"post-4446","1":"product","2":"type-product","3":"status-publish","4":"has-post-thumbnail","6":"product_brand-herbarium","7":"product_cat-sueno","8":"product_tag-heredia","9":"product_tag-macrobiotica","10":"product_tag-natural","11":"product_tag-natural-shop","12":"product_tag-san-pablo","13":"product_tag-sueno","15":"first","16":"instock","17":"shipping-taxable","18":"purchasable","19":"product-type-simple"},"jetpack_sharing_enabled":true,"_links":{"self":[{"href":"https:\/\/macronaturalsshop.com\/index.php?rest_route=\/wp\/v2\/product\/4446"}],"collection":[{"href":"https:\/\/macronaturalsshop.com\/index.php?rest_route=\/wp\/v2\/product"}],"about":[{"href":"https:\/\/macronaturalsshop.com\/index.php?rest_route=\/wp\/v2\/types\/product"}],"replies":[{"embeddable":true,"href":"https:\/\/macronaturalsshop.com\/index.php?rest_route=%2Fwp%2Fv2%2Fcomments&post=4446"}],"wp:featuredmedia":[{"embeddable":true,"href":"https:\/\/macronaturalsshop.com\/index.php?rest_route=\/wp\/v2\/media\/4447"}],"wp:attachment":[{"href":"https:\/\/macronaturalsshop.com\/index.php?rest_route=%2Fwp%2Fv2%2Fmedia&parent=4446"}],"wp:term":[{"taxonomy":"product_brand","embeddable":true,"href":"https:\/\/macronaturalsshop.com\/index.php?rest_route=%2Fwp%2Fv2%2Fproduct_brand&post=4446"},{"taxonomy":"product_cat","embeddable":true,"href":"https:\/\/macronaturalsshop.com\/index.php?rest_route=%2Fwp%2Fv2%2Fproduct_cat&post=4446"},{"taxonomy":"product_tag","embeddable":true,"href":"https:\/\/macronaturalsshop.com\/index.php?rest_route=%2Fwp%2Fv2%2Fproduct_tag&post=4446"}],"curies":[{"name":"wp","href":"https:\/\/api.w.org\/{rel}","templated":true}]}}