{"id":4448,"date":"2025-08-16T04:35:30","date_gmt":"2025-08-16T04:35:30","guid":{"rendered":"https:\/\/macronaturalsshop.com\/?post_type=product&#038;p=4448"},"modified":"2025-09-22T01:28:27","modified_gmt":"2025-09-22T01:28:27","slug":"moringa-60-capsulas","status":"publish","type":"product","link":"https:\/\/macronaturalsshop.com\/?product=moringa-60-capsulas","title":{"rendered":"Moringa 60 c\u00e1psulas"},"content":{"rendered":"<p><strong>Beneficios\u00a0<\/strong><\/p>\n<p>Fortalecer nuestro sistema inmunol\u00f3gico<\/p>\n<p>Mejorar la digesti\u00f3n<\/p>\n<p>Regular los niveles de az\u00facar en sangre<\/p>\n<p>Reducir la inflamaci\u00f3n y mejorar la salud cardiovascular<\/p>\n","protected":false},"excerpt":{"rendered":"<p>La moringa es una planta\u00a0originaria\u00a0de Asia y \u00c1frica que ha ganado popularidad en los \u00faltimos a\u00f1os debido a sus m\u00faltiples beneficios para la salud. Esta planta es rica en nutrientes esenciales, antioxidantes y compuestos antiinflamatorios, lo que la convierte en una opci\u00f3n ideal para complementar una dieta saludable.<\/p>\n","protected":false},"featured_media":4449,"comment_status":"open","ping_status":"closed","template":"","meta":[],"product_brand":[468],"product_cat":[379],"product_tag":[502,500,621,501,520,503],"class_list":{"0":"post-4448","1":"product","2":"type-product","3":"status-publish","4":"has-post-thumbnail","6":"product_brand-herbarium","7":"product_cat-sistema-inmunologico","8":"product_tag-heredia","9":"product_tag-macrobiotica","10":"product_tag-moringa","11":"product_tag-natural","12":"product_tag-natural-shop","13":"product_tag-san-pablo","15":"first","16":"instock","17":"shipping-taxable","18":"purchasable","19":"product-type-simple"},"jetpack_sharing_enabled":true,"_links":{"self":[{"href":"https:\/\/macronaturalsshop.com\/index.php?rest_route=\/wp\/v2\/product\/4448"}],"collection":[{"href":"https:\/\/macronaturalsshop.com\/index.php?rest_route=\/wp\/v2\/product"}],"about":[{"href":"https:\/\/macronaturalsshop.com\/index.php?rest_route=\/wp\/v2\/types\/product"}],"replies":[{"embeddable":true,"href":"https:\/\/macronaturalsshop.com\/index.php?rest_route=%2Fwp%2Fv2%2Fcomments&post=4448"}],"wp:featuredmedia":[{"embeddable":true,"href":"https:\/\/macronaturalsshop.com\/index.php?rest_route=\/wp\/v2\/media\/4449"}],"wp:attachment":[{"href":"https:\/\/macronaturalsshop.com\/index.php?rest_route=%2Fwp%2Fv2%2Fmedia&parent=4448"}],"wp:term":[{"taxonomy":"product_brand","embeddable":true,"href":"https:\/\/macronaturalsshop.com\/index.php?rest_route=%2Fwp%2Fv2%2Fproduct_brand&post=4448"},{"taxonomy":"product_cat","embeddable":true,"href":"https:\/\/macronaturalsshop.com\/index.php?rest_route=%2Fwp%2Fv2%2Fproduct_cat&post=4448"},{"taxonomy":"product_tag","embeddable":true,"href":"https:\/\/macronaturalsshop.com\/index.php?rest_route=%2Fwp%2Fv2%2Fproduct_tag&post=4448"}],"curies":[{"name":"wp","href":"https:\/\/api.w.org\/{rel}","templated":true}]}}