{"id":4456,"date":"2025-09-15T01:15:35","date_gmt":"2025-09-15T01:15:35","guid":{"rendered":"https:\/\/macronaturalsshop.com\/?post_type=product&#038;p=4456"},"modified":"2025-09-15T16:08:33","modified_gmt":"2025-09-15T16:08:33","slug":"salvia-con-vit-y-selenio-90-caps","status":"publish","type":"product","link":"https:\/\/macronaturalsshop.com\/?product=salvia-con-vit-y-selenio-90-caps","title":{"rendered":"Salvia con Vitaminas y Selenio"},"content":{"rendered":"<p>El Selenio y la Vitamina C contribuye a la proteci\u00f3n de las c\u00e9lulas frente al da\u00f1o oxidativo.<br \/>\nEl Selenio, la Vitamina C y la Vitamina D contribuye al funcionamiento normal del sistema inmunitario.<\/p>\n","protected":false},"excerpt":{"rendered":"<p>Regula las hormonas.<br \/>\nEspecialmente recomendado para las mujeres, ya que ayuda con los calambres,<br \/>\nciclos menstruales abundantes, sofocos y desequilibrio de hormonas.<br \/>\nAyuda a mejorar el s\u00edndrome de ovarios poliqu\u00edsticos.<\/p>\n","protected":false},"featured_media":5499,"comment_status":"open","ping_status":"closed","template":"","meta":[],"product_brand":[468],"product_cat":[439,398],"product_tag":[564,502,500,567,501,520,503],"class_list":{"0":"post-4456","1":"product","2":"type-product","3":"status-publish","4":"has-post-thumbnail","6":"product_brand-herbarium","7":"product_cat-hormonal-mujer","8":"product_cat-vit-y-min","9":"product_tag-antioxidante","10":"product_tag-heredia","11":"product_tag-macrobiotica","12":"product_tag-mujer","13":"product_tag-natural","14":"product_tag-natural-shop","15":"product_tag-san-pablo","17":"first","18":"instock","19":"shipping-taxable","20":"purchasable","21":"product-type-simple"},"jetpack_sharing_enabled":true,"_links":{"self":[{"href":"https:\/\/macronaturalsshop.com\/index.php?rest_route=\/wp\/v2\/product\/4456"}],"collection":[{"href":"https:\/\/macronaturalsshop.com\/index.php?rest_route=\/wp\/v2\/product"}],"about":[{"href":"https:\/\/macronaturalsshop.com\/index.php?rest_route=\/wp\/v2\/types\/product"}],"replies":[{"embeddable":true,"href":"https:\/\/macronaturalsshop.com\/index.php?rest_route=%2Fwp%2Fv2%2Fcomments&post=4456"}],"wp:featuredmedia":[{"embeddable":true,"href":"https:\/\/macronaturalsshop.com\/index.php?rest_route=\/wp\/v2\/media\/5499"}],"wp:attachment":[{"href":"https:\/\/macronaturalsshop.com\/index.php?rest_route=%2Fwp%2Fv2%2Fmedia&parent=4456"}],"wp:term":[{"taxonomy":"product_brand","embeddable":true,"href":"https:\/\/macronaturalsshop.com\/index.php?rest_route=%2Fwp%2Fv2%2Fproduct_brand&post=4456"},{"taxonomy":"product_cat","embeddable":true,"href":"https:\/\/macronaturalsshop.com\/index.php?rest_route=%2Fwp%2Fv2%2Fproduct_cat&post=4456"},{"taxonomy":"product_tag","embeddable":true,"href":"https:\/\/macronaturalsshop.com\/index.php?rest_route=%2Fwp%2Fv2%2Fproduct_tag&post=4456"}],"curies":[{"name":"wp","href":"https:\/\/api.w.org\/{rel}","templated":true}]}}