{"id":4489,"date":"2025-08-17T01:20:58","date_gmt":"2025-08-17T01:20:58","guid":{"rendered":"https:\/\/macronaturalsshop.com\/?post_type=product&#038;p=4489"},"modified":"2025-08-17T18:45:20","modified_gmt":"2025-08-17T18:45:20","slug":"unguento-arnica-y-calendula-260g","status":"publish","type":"product","link":"https:\/\/macronaturalsshop.com\/?product=unguento-arnica-y-calendula-260g","title":{"rendered":"Ung\u00fcento \u00c1rnica Y Cal\u00e9ndula"},"content":{"rendered":"<p>Beneficios del \u00c1rnica:<\/p>\n<ul>\n<li>Antibacterial.<\/li>\n<li>Alivia dolores musculares, desgarros, esguinces, artritis, entre otros.<\/li>\n<li>Ayuda a eliminar moretones.<\/li>\n<li>Reduce la inflamaci\u00f3n.<\/li>\n<li>Estimula la circulaci\u00f3n sangu\u00ednea.<\/li>\n<\/ul>\n<p>Beneficios de la Cal\u00e9ndula:<\/p>\n<ul>\n<li>Antinflamatorio.<\/li>\n<li>Antiviral.<\/li>\n<li>Antihemorr\u00e1gico.<\/li>\n<li>Cicatrizante.<\/li>\n<li>Para picaduras de moquitos.<\/li>\n<\/ul>\n","protected":false},"excerpt":{"rendered":"<p>El ung\u00fcento que ayuda al tratamiento de problemas de mala circulaci\u00f3n, dolores en las articulaciones<br \/>\nproblemas fleb\u00edticos y varicosos, dolores artr\u00edticos y musculares, excelente para moretones.<\/p>\n","protected":false},"featured_media":5124,"comment_status":"open","ping_status":"closed","template":"","meta":[],"product_brand":[468],"product_cat":[413],"product_tag":[540,615,627,626,502,500,501,520,503],"class_list":{"0":"post-4489","1":"product","2":"type-product","3":"status-publish","4":"has-post-thumbnail","6":"product_brand-herbarium","7":"product_cat-unguento","8":"product_tag-antibacteriano","9":"product_tag-antiinflamatorio","10":"product_tag-cicatrizante","11":"product_tag-dolores-musculares","12":"product_tag-heredia","13":"product_tag-macrobiotica","14":"product_tag-natural","15":"product_tag-natural-shop","16":"product_tag-san-pablo","18":"first","19":"instock","20":"shipping-taxable","21":"purchasable","22":"product-type-simple"},"jetpack_sharing_enabled":true,"_links":{"self":[{"href":"https:\/\/macronaturalsshop.com\/index.php?rest_route=\/wp\/v2\/product\/4489"}],"collection":[{"href":"https:\/\/macronaturalsshop.com\/index.php?rest_route=\/wp\/v2\/product"}],"about":[{"href":"https:\/\/macronaturalsshop.com\/index.php?rest_route=\/wp\/v2\/types\/product"}],"replies":[{"embeddable":true,"href":"https:\/\/macronaturalsshop.com\/index.php?rest_route=%2Fwp%2Fv2%2Fcomments&post=4489"}],"wp:featuredmedia":[{"embeddable":true,"href":"https:\/\/macronaturalsshop.com\/index.php?rest_route=\/wp\/v2\/media\/5124"}],"wp:attachment":[{"href":"https:\/\/macronaturalsshop.com\/index.php?rest_route=%2Fwp%2Fv2%2Fmedia&parent=4489"}],"wp:term":[{"taxonomy":"product_brand","embeddable":true,"href":"https:\/\/macronaturalsshop.com\/index.php?rest_route=%2Fwp%2Fv2%2Fproduct_brand&post=4489"},{"taxonomy":"product_cat","embeddable":true,"href":"https:\/\/macronaturalsshop.com\/index.php?rest_route=%2Fwp%2Fv2%2Fproduct_cat&post=4489"},{"taxonomy":"product_tag","embeddable":true,"href":"https:\/\/macronaturalsshop.com\/index.php?rest_route=%2Fwp%2Fv2%2Fproduct_tag&post=4489"}],"curies":[{"name":"wp","href":"https:\/\/api.w.org\/{rel}","templated":true}]}}