{"id":4490,"date":"2025-08-17T01:25:49","date_gmt":"2025-08-17T01:25:49","guid":{"rendered":"https:\/\/macronaturalsshop.com\/?post_type=product&#038;p=4490"},"modified":"2025-08-17T18:33:17","modified_gmt":"2025-08-17T18:33:17","slug":"unguento-de-arnica-forte","status":"publish","type":"product","link":"https:\/\/macronaturalsshop.com\/?product=unguento-de-arnica-forte","title":{"rendered":"Ung\u00fcento de \u00c1rnica Forte"},"content":{"rendered":"<p>Beneficios:<\/p>\n<p>\u2022 Antibacterial.<\/p>\n<p>\u2022 Alivia dolores musculares, desgarros, esguinces, artritis, entre otros.<\/p>\n<p>\u2022 Ayuda a eliminar moretones.<\/p>\n<p>\u2022 Reduce la inflamaci\u00f3n.<\/p>\n<p>\u2022 Estimula la circulaci\u00f3n sangu\u00ednea.<\/p>\n","protected":false},"excerpt":{"rendered":"<p>Efecto calmante y relajante.<br \/>\nTrata lesiones y dolores musculares.<br \/>\nAct\u00faa en la curaci\u00f3n de esguinces, moretones, golpes y dolencias que est\u00e9n relacionadas a problemas de circulaci\u00f3n, huesos y tendones.<\/p>\n","protected":false},"featured_media":5121,"comment_status":"open","ping_status":"closed","template":"","meta":[],"product_brand":[468],"product_cat":[413],"product_tag":[626,502,539,500,526,501,520,535,503],"class_list":{"0":"post-4490","1":"product","2":"type-product","3":"status-publish","4":"has-post-thumbnail","6":"product_brand-herbarium","7":"product_cat-unguento","8":"product_tag-dolores-musculares","9":"product_tag-heredia","10":"product_tag-inti-inflamatorio","11":"product_tag-macrobiotica","12":"product_tag-moretones","13":"product_tag-natural","14":"product_tag-natural-shop","15":"product_tag-relajante","16":"product_tag-san-pablo","18":"first","19":"instock","20":"shipping-taxable","21":"purchasable","22":"product-type-simple"},"jetpack_sharing_enabled":true,"_links":{"self":[{"href":"https:\/\/macronaturalsshop.com\/index.php?rest_route=\/wp\/v2\/product\/4490"}],"collection":[{"href":"https:\/\/macronaturalsshop.com\/index.php?rest_route=\/wp\/v2\/product"}],"about":[{"href":"https:\/\/macronaturalsshop.com\/index.php?rest_route=\/wp\/v2\/types\/product"}],"replies":[{"embeddable":true,"href":"https:\/\/macronaturalsshop.com\/index.php?rest_route=%2Fwp%2Fv2%2Fcomments&post=4490"}],"wp:featuredmedia":[{"embeddable":true,"href":"https:\/\/macronaturalsshop.com\/index.php?rest_route=\/wp\/v2\/media\/5121"}],"wp:attachment":[{"href":"https:\/\/macronaturalsshop.com\/index.php?rest_route=%2Fwp%2Fv2%2Fmedia&parent=4490"}],"wp:term":[{"taxonomy":"product_brand","embeddable":true,"href":"https:\/\/macronaturalsshop.com\/index.php?rest_route=%2Fwp%2Fv2%2Fproduct_brand&post=4490"},{"taxonomy":"product_cat","embeddable":true,"href":"https:\/\/macronaturalsshop.com\/index.php?rest_route=%2Fwp%2Fv2%2Fproduct_cat&post=4490"},{"taxonomy":"product_tag","embeddable":true,"href":"https:\/\/macronaturalsshop.com\/index.php?rest_route=%2Fwp%2Fv2%2Fproduct_tag&post=4490"}],"curies":[{"name":"wp","href":"https:\/\/api.w.org\/{rel}","templated":true}]}}