{"id":4492,"date":"2025-09-15T02:15:09","date_gmt":"2025-09-15T02:15:09","guid":{"rendered":"https:\/\/macronaturalsshop.com\/?post_type=product&#038;p=4492"},"modified":"2025-09-15T16:44:38","modified_gmt":"2025-09-15T16:44:38","slug":"unguento-el-indio","status":"publish","type":"product","link":"https:\/\/macronaturalsshop.com\/?product=unguento-el-indio","title":{"rendered":"Ung\u00fcento El Indio"},"content":{"rendered":"<p>Ung\u00fcento El Indio es muy efectivo para prevenir resfr\u00edos y contra dolores leves a nivel muscular<\/p>\n","protected":false},"excerpt":{"rendered":"<p>Ung\u00fcento El Indio es muy efectivo para prevenir resfr\u00edos y contra dolores leves a nivel muscular<\/p>\n","protected":false},"featured_media":5506,"comment_status":"open","ping_status":"closed","template":"","meta":[],"product_brand":[468],"product_cat":[413],"product_tag":[626,502,500,501,520,503],"class_list":{"0":"post-4492","1":"product","2":"type-product","3":"status-publish","4":"has-post-thumbnail","6":"product_brand-herbarium","7":"product_cat-unguento","8":"product_tag-dolores-musculares","9":"product_tag-heredia","10":"product_tag-macrobiotica","11":"product_tag-natural","12":"product_tag-natural-shop","13":"product_tag-san-pablo","15":"first","16":"instock","17":"shipping-taxable","18":"purchasable","19":"product-type-simple"},"jetpack_sharing_enabled":true,"_links":{"self":[{"href":"https:\/\/macronaturalsshop.com\/index.php?rest_route=\/wp\/v2\/product\/4492"}],"collection":[{"href":"https:\/\/macronaturalsshop.com\/index.php?rest_route=\/wp\/v2\/product"}],"about":[{"href":"https:\/\/macronaturalsshop.com\/index.php?rest_route=\/wp\/v2\/types\/product"}],"replies":[{"embeddable":true,"href":"https:\/\/macronaturalsshop.com\/index.php?rest_route=%2Fwp%2Fv2%2Fcomments&post=4492"}],"wp:featuredmedia":[{"embeddable":true,"href":"https:\/\/macronaturalsshop.com\/index.php?rest_route=\/wp\/v2\/media\/5506"}],"wp:attachment":[{"href":"https:\/\/macronaturalsshop.com\/index.php?rest_route=%2Fwp%2Fv2%2Fmedia&parent=4492"}],"wp:term":[{"taxonomy":"product_brand","embeddable":true,"href":"https:\/\/macronaturalsshop.com\/index.php?rest_route=%2Fwp%2Fv2%2Fproduct_brand&post=4492"},{"taxonomy":"product_cat","embeddable":true,"href":"https:\/\/macronaturalsshop.com\/index.php?rest_route=%2Fwp%2Fv2%2Fproduct_cat&post=4492"},{"taxonomy":"product_tag","embeddable":true,"href":"https:\/\/macronaturalsshop.com\/index.php?rest_route=%2Fwp%2Fv2%2Fproduct_tag&post=4492"}],"curies":[{"name":"wp","href":"https:\/\/api.w.org\/{rel}","templated":true}]}}