{"id":4501,"date":"2025-08-27T01:20:05","date_gmt":"2025-08-27T01:20:05","guid":{"rendered":"https:\/\/macronaturalsshop.com\/?post_type=product&#038;p=4501"},"modified":"2025-08-28T03:38:00","modified_gmt":"2025-08-28T03:38:00","slug":"una-de-gato-90-capsulas","status":"publish","type":"product","link":"https:\/\/macronaturalsshop.com\/?product=una-de-gato-90-capsulas","title":{"rendered":"U\u00f1a de Gato 90 c\u00e1ps"},"content":{"rendered":"<div class=\"WaaZC\">\n<div class=\"RJPOee EIJn2\">\n<div class=\"rPeykc uP58nb\" data-hveid=\"CA0QAQ\" data-ved=\"2ahUKEwiQt6PoyayPAxVgTTABHfvjD_MQo_EKegQIDRAB\"><span data-huuid=\"9007059094304736517\"><span role=\"heading\" aria-level=\"2\">Principales usos y beneficios<\/span><\/span><\/div>\n<\/div>\n<\/div>\n<div class=\"WaaZC\">\n<div class=\"RJPOee EIJn2\">\n<ul data-hveid=\"CC8QAQ\" data-ved=\"2ahUKEwiQt6PoyayPAxVgTTABHfvjD_MQm_YKegQILxAB\">\n<li class=\"K3KsMc\">\n<div class=\"zMgcWd dSKvsb\" data-il=\"\">\n<div data-crb-p=\"\">\n<div class=\"xFTqob\">\n<div class=\"Gur8Ad\"><span data-huuid=\"9007059094304738742\"><strong>Antiinflamatorio natural:<\/strong><\/span><\/div>\n<div class=\"vM0jzc\"><span data-huuid=\"9007059094304736753\">Alivia el dolor y la inflamaci\u00f3n asociados a enfermedades cr\u00f3nicas como la artritis, artrosis y reumatismo.<span class=\"pjBG2e\" data-cid=\"71464df8-e6a3-4a37-8d84-bb4d8d9a1123\"><span class=\"UV3uM\">\u00a0<\/span><\/span><\/span><\/p>\n<div class=\"NPrrbc\" data-cid=\"71464df8-e6a3-4a37-8d84-bb4d8d9a1123\" data-uuids=\"9007059094304738742,9007059094304736753\">\n<div class=\"BMebGe btku5b fCrZyc LwdV0e FR7ZSc qVhvac OJeuxf\" tabindex=\"0\" role=\"button\" aria-label=\"Ver v\u00ednculos relacionados\" data-hveid=\"CB8QAQ\" data-ved=\"2ahUKEwiQt6PoyayPAxVgTTABHfvjD_MQ3fYKegQIHxAB\">\n<div class=\"niO4u\">\n<div class=\"kHtcsd\"><\/div>\n<\/div>\n<\/div>\n<\/div>\n<\/div>\n<\/div>\n<\/div>\n<\/div>\n<\/li>\n<li class=\"K3KsMc\">\n<div class=\"zMgcWd dSKvsb\" data-il=\"\">\n<div data-crb-p=\"\">\n<div class=\"xFTqob\">\n<div class=\"Gur8Ad\"><span data-huuid=\"9007059094304736871\"><strong>Refuerzo del sistema inmune:<\/strong><\/span><\/div>\n<div class=\"vM0jzc\"><span data-huuid=\"9007059094304738978\">Estimula la producci\u00f3n de gl\u00f3bulos blancos, fortaleciendo las defensas del cuerpo contra virus, bacterias y otros pat\u00f3genos.<span class=\"pjBG2e\" data-cid=\"920cbb37-fae4-4d5a-9745-9de3e62cdab7\"><span class=\"UV3uM\">\u00a0<\/span><\/span><\/span><\/p>\n<div class=\"NPrrbc\" data-cid=\"920cbb37-fae4-4d5a-9745-9de3e62cdab7\" data-uuids=\"9007059094304736871,9007059094304738978\">\n<div class=\"BMebGe btku5b fCrZyc LwdV0e FR7ZSc qVhvac OJeuxf\" tabindex=\"0\" role=\"button\" aria-label=\"Ver v\u00ednculos relacionados\" data-hveid=\"CCkQAQ\" data-ved=\"2ahUKEwiQt6PoyayPAxVgTTABHfvjD_MQ3fYKegQIKRAB\">\n<div class=\"niO4u\">\n<div class=\"kHtcsd\"><\/div>\n<\/div>\n<\/div>\n<\/div>\n<\/div>\n<\/div>\n<\/div>\n<\/div>\n<\/li>\n<li class=\"K3KsMc\">\n<div class=\"zMgcWd dSKvsb\" data-il=\"\">\n<div data-crb-p=\"\">\n<div class=\"xFTqob\">\n<div class=\"Gur8Ad\"><span data-huuid=\"9007059094304739096\"><strong>Potente antioxidante:<\/strong><\/span><\/div>\n<div class=\"vM0jzc\"><span data-huuid=\"9007059094304737107\">Combate el estr\u00e9s oxidativo causado por los radicales libres, protegiendo las c\u00e9lulas del da\u00f1o y ayudando a retrasar el envejecimiento celular.<span class=\"pjBG2e\" data-cid=\"ca7ba08b-56d1-4018-b2b2-6c2f0299dfe0\"><span class=\"UV3uM\">\u00a0<\/span><\/span><\/span><\/p>\n<div class=\"NPrrbc\" data-cid=\"ca7ba08b-56d1-4018-b2b2-6c2f0299dfe0\" data-uuids=\"9007059094304739096,9007059094304737107\">\n<div class=\"BMebGe btku5b fCrZyc LwdV0e FR7ZSc qVhvac OJeuxf\" tabindex=\"0\" role=\"button\" aria-label=\"Ver v\u00ednculos relacionados\" data-hveid=\"CCEQAQ\" data-ved=\"2ahUKEwiQt6PoyayPAxVgTTABHfvjD_MQ3fYKegQIIRAB\">\n<div class=\"niO4u\">\n<div class=\"kHtcsd\"><\/div>\n<\/div>\n<\/div>\n<\/div>\n<\/div>\n<\/div>\n<\/div>\n<\/div>\n<\/li>\n<li class=\"K3KsMc\">\n<div class=\"zMgcWd dSKvsb\" data-il=\"\">\n<div data-crb-p=\"\">\n<div class=\"xFTqob\">\n<div class=\"Gur8Ad\"><span data-huuid=\"9007059094304737225\"><strong>Salud digestiva:<\/strong><\/span><\/div>\n<div class=\"vM0jzc\"><span data-huuid=\"9007059094304735236\">Contribuye al bienestar del sistema gastrointestinal, ayudando a aliviar problemas como la gastritis.<span class=\"pjBG2e\" data-cid=\"17831fa1-b703-467b-b1a3-4b51d0ad151c\"><span class=\"UV3uM\">\u00a0<\/span><\/span><\/span><\/p>\n<div class=\"NPrrbc\" data-cid=\"17831fa1-b703-467b-b1a3-4b51d0ad151c\" data-uuids=\"9007059094304737225,9007059094304735236\">\n<div class=\"BMebGe btku5b fCrZyc LwdV0e FR7ZSc qVhvac OJeuxf\" tabindex=\"0\" role=\"button\" aria-label=\"Ver v\u00ednculos relacionados\" data-hveid=\"CCQQAQ\" data-ved=\"2ahUKEwiQt6PoyayPAxVgTTABHfvjD_MQ3fYKegQIJBAB\">\n<div class=\"niO4u\">\n<div class=\"kHtcsd\"><\/div>\n<\/div>\n<\/div>\n<\/div>\n<\/div>\n<\/div>\n<\/div>\n<\/div>\n<\/li>\n<li class=\"K3KsMc\">\n<div class=\"zMgcWd dSKvsb\" data-il=\"\">\n<div data-crb-p=\"\">\n<div class=\"xFTqob\">\n<div class=\"Gur8Ad\"><span data-huuid=\"9007059094304735354\"><strong>Acci\u00f3n desintoxicante:<\/strong><\/span><\/div>\n<div class=\"vM0jzc\"><span data-huuid=\"9007059094304737461\">Favorece la eliminaci\u00f3n de toxinas y apoya la funci\u00f3n hep\u00e1tica para la depuraci\u00f3n natural del cuerpo.<span class=\"pjBG2e\" data-cid=\"d30b1cd7-c640-40ea-81cf-2af3d87d2d9f\"><span class=\"UV3uM\">\u00a0<\/span><\/span><\/span><\/p>\n<div class=\"NPrrbc\" data-cid=\"d30b1cd7-c640-40ea-81cf-2af3d87d2d9f\" data-uuids=\"9007059094304735354,9007059094304737461\">\n<div class=\"BMebGe btku5b fCrZyc LwdV0e FR7ZSc qVhvac OJeuxf\" tabindex=\"0\" role=\"button\" aria-label=\"Ver v\u00ednculos relacionados\" data-hveid=\"CCMQAQ\" data-ved=\"2ahUKEwiQt6PoyayPAxVgTTABHfvjD_MQ3fYKegQIIxAB\">\n<div class=\"niO4u\">\n<div class=\"kHtcsd\"><\/div>\n<\/div>\n<\/div>\n<\/div>\n<\/div>\n<\/div>\n<\/div>\n<\/div>\n<\/li>\n<li class=\"K3KsMc\">\n<div class=\"zMgcWd dSKvsb\" data-il=\"\">\n<div data-crb-p=\"\">\n<div class=\"xFTqob\">\n<div class=\"Gur8Ad\"><span data-huuid=\"9007059094304737579\"><strong>Salud articular y \u00f3sea:<\/strong><\/span><\/div>\n<div class=\"vM0jzc\"><span data-huuid=\"9007059094304735590\">Mejora la movilidad y flexibilidad de las articulaciones, siendo un apoyo para la salud \u00f3sea en general.<span class=\"pjBG2e\" data-cid=\"3ae8f6a1-e83f-42bc-ad66-f61e946405dc\"><span class=\"UV3uM\">\u00a0<\/span><\/span><\/span><\/p>\n<div class=\"NPrrbc\" data-cid=\"3ae8f6a1-e83f-42bc-ad66-f61e946405dc\" data-uuids=\"9007059094304737579,9007059094304735590\">\n<div class=\"BMebGe btku5b fCrZyc LwdV0e FR7ZSc qVhvac OJeuxf\" tabindex=\"0\" role=\"button\" aria-label=\"Ver v\u00ednculos relacionados\" data-hveid=\"CCsQAQ\" data-ved=\"2ahUKEwiQt6PoyayPAxVgTTABHfvjD_MQ3fYKegQIKxAB\"><\/div>\n<\/div>\n<\/div>\n<\/div>\n<\/div>\n<\/div>\n<\/li>\n<\/ul>\n<\/div>\n<\/div>\n","protected":false},"excerpt":{"rendered":"<p>Potente antiinflamatorio y estimulante del sistema inmunol\u00f3gico.\u00a0Sus propiedades antioxidantes ayudan a proteger las c\u00e9lulas y pueden apoyar en el tratamiento de enfermedades como la artritis y artrosis, as\u00ed como a reforzar las defensas del cuerpo contra infecciones.\u00a0Tambi\u00e9n se utiliza para problemas gastrointestinales, c\u00e1lculos, y para la desintoxicaci\u00f3n general del organismo.<\/p>\n","protected":false},"featured_media":4502,"comment_status":"open","ping_status":"closed","template":"","meta":[],"product_brand":[468],"product_cat":[379],"product_tag":[615,564,558,502,500,501,520,503],"class_list":{"0":"post-4501","1":"product","2":"type-product","3":"status-publish","4":"has-post-thumbnail","6":"product_brand-herbarium","7":"product_cat-sistema-inmunologico","8":"product_tag-antiinflamatorio","9":"product_tag-antioxidante","10":"product_tag-articulaciones","11":"product_tag-heredia","12":"product_tag-macrobiotica","13":"product_tag-natural","14":"product_tag-natural-shop","15":"product_tag-san-pablo","17":"first","18":"instock","19":"shipping-taxable","20":"purchasable","21":"product-type-simple"},"jetpack_sharing_enabled":true,"_links":{"self":[{"href":"https:\/\/macronaturalsshop.com\/index.php?rest_route=\/wp\/v2\/product\/4501"}],"collection":[{"href":"https:\/\/macronaturalsshop.com\/index.php?rest_route=\/wp\/v2\/product"}],"about":[{"href":"https:\/\/macronaturalsshop.com\/index.php?rest_route=\/wp\/v2\/types\/product"}],"replies":[{"embeddable":true,"href":"https:\/\/macronaturalsshop.com\/index.php?rest_route=%2Fwp%2Fv2%2Fcomments&post=4501"}],"wp:featuredmedia":[{"embeddable":true,"href":"https:\/\/macronaturalsshop.com\/index.php?rest_route=\/wp\/v2\/media\/4502"}],"wp:attachment":[{"href":"https:\/\/macronaturalsshop.com\/index.php?rest_route=%2Fwp%2Fv2%2Fmedia&parent=4501"}],"wp:term":[{"taxonomy":"product_brand","embeddable":true,"href":"https:\/\/macronaturalsshop.com\/index.php?rest_route=%2Fwp%2Fv2%2Fproduct_brand&post=4501"},{"taxonomy":"product_cat","embeddable":true,"href":"https:\/\/macronaturalsshop.com\/index.php?rest_route=%2Fwp%2Fv2%2Fproduct_cat&post=4501"},{"taxonomy":"product_tag","embeddable":true,"href":"https:\/\/macronaturalsshop.com\/index.php?rest_route=%2Fwp%2Fv2%2Fproduct_tag&post=4501"}],"curies":[{"name":"wp","href":"https:\/\/api.w.org\/{rel}","templated":true}]}}