{"id":4503,"date":"2025-09-15T02:20:34","date_gmt":"2025-09-15T02:20:34","guid":{"rendered":"https:\/\/macronaturalsshop.com\/?post_type=product&#038;p=4503"},"modified":"2025-09-15T17:06:24","modified_gmt":"2025-09-15T17:06:24","slug":"valeriana-90-capsulas","status":"publish","type":"product","link":"https:\/\/macronaturalsshop.com\/?product=valeriana-90-capsulas","title":{"rendered":"Valeriana"},"content":{"rendered":"<ul>\n<li>Combatir el insomnio cr\u00f3nico y ocasional.<\/li>\n<li>Reducir la ansiedad y la depresi\u00f3n.<\/li>\n<li>Promover la relajaci\u00f3n mental y f\u00edsica.<\/li>\n<li>Mejorar la calidad y duraci\u00f3n del sue\u00f1o.<\/li>\n<li>Incrementar tu bienestar emocional.<\/li>\n<\/ul>\n<p>Adem\u00e1s, son adapt\u00f3genos que ayudan a controlar el estr\u00e9s de manera natural.<\/p>\n","protected":false},"excerpt":{"rendered":"<ul>\n<li>Combatir el insomnio cr\u00f3nico y ocasional.<\/li>\n<li>Reducir la ansiedad y la depresi\u00f3n.<\/li>\n<li>Promover la relajaci\u00f3n mental y f\u00edsica.<\/li>\n<\/ul>\n","protected":false},"featured_media":5510,"comment_status":"open","ping_status":"closed","template":"","meta":[],"product_brand":[468],"product_cat":[407,404],"product_tag":[532,534,530,502,500,501,520,503],"class_list":{"0":"post-4503","1":"product","2":"type-product","3":"status-publish","4":"has-post-thumbnail","6":"product_brand-herbarium","7":"product_cat-sueno","8":"product_cat-ansiedad-y-estres","9":"product_tag-ansiedad","10":"product_tag-antidepresivo","11":"product_tag-control-de-estres","12":"product_tag-heredia","13":"product_tag-macrobiotica","14":"product_tag-natural","15":"product_tag-natural-shop","16":"product_tag-san-pablo","18":"first","19":"instock","20":"shipping-taxable","21":"purchasable","22":"product-type-simple"},"jetpack_sharing_enabled":true,"_links":{"self":[{"href":"https:\/\/macronaturalsshop.com\/index.php?rest_route=\/wp\/v2\/product\/4503"}],"collection":[{"href":"https:\/\/macronaturalsshop.com\/index.php?rest_route=\/wp\/v2\/product"}],"about":[{"href":"https:\/\/macronaturalsshop.com\/index.php?rest_route=\/wp\/v2\/types\/product"}],"replies":[{"embeddable":true,"href":"https:\/\/macronaturalsshop.com\/index.php?rest_route=%2Fwp%2Fv2%2Fcomments&post=4503"}],"wp:featuredmedia":[{"embeddable":true,"href":"https:\/\/macronaturalsshop.com\/index.php?rest_route=\/wp\/v2\/media\/5510"}],"wp:attachment":[{"href":"https:\/\/macronaturalsshop.com\/index.php?rest_route=%2Fwp%2Fv2%2Fmedia&parent=4503"}],"wp:term":[{"taxonomy":"product_brand","embeddable":true,"href":"https:\/\/macronaturalsshop.com\/index.php?rest_route=%2Fwp%2Fv2%2Fproduct_brand&post=4503"},{"taxonomy":"product_cat","embeddable":true,"href":"https:\/\/macronaturalsshop.com\/index.php?rest_route=%2Fwp%2Fv2%2Fproduct_cat&post=4503"},{"taxonomy":"product_tag","embeddable":true,"href":"https:\/\/macronaturalsshop.com\/index.php?rest_route=%2Fwp%2Fv2%2Fproduct_tag&post=4503"}],"curies":[{"name":"wp","href":"https:\/\/api.w.org\/{rel}","templated":true}]}}