{"id":4506,"date":"2025-08-17T01:10:56","date_gmt":"2025-08-17T01:10:56","guid":{"rendered":"https:\/\/macronaturalsshop.com\/?post_type=product&#038;p=4506"},"modified":"2025-08-17T17:56:38","modified_gmt":"2025-08-17T17:56:38","slug":"vinagre-de-sidra-de-manzana-vit-c-90caps","status":"publish","type":"product","link":"https:\/\/macronaturalsshop.com\/?product=vinagre-de-sidra-de-manzana-vit-c-90caps","title":{"rendered":"Vinagre de Sidra de Manzana + Vit C"},"content":{"rendered":"<p>Las c\u00e1psulas de vinagre de sidra de manzana se utilizan para ayudar en la p\u00e9rdida de peso, mejorar la digesti\u00f3n, reducir los niveles de az\u00facar en sangre y disminuir el colesterol. Tambi\u00e9n se les atribuyen propiedades antioxidantes y beneficios para la salud cardiovascular y de la piel.<\/p>\n","protected":false},"excerpt":{"rendered":"<p>Disminuye los niveles de az\u00facar en la sangre.<br \/>\nAyuda a mantener un peso balanceado y reducir la grasa abdominal.<br \/>\nReduce el colesterol y mejora la salud card\u00edaca.<\/p>\n","protected":false},"featured_media":5116,"comment_status":"open","ping_status":"closed","template":"","meta":[],"product_brand":[468],"product_cat":[388],"product_tag":[546,584,502,500,501,520,503],"class_list":{"0":"post-4506","1":"product","2":"type-product","3":"status-publish","4":"has-post-thumbnail","6":"product_brand-herbarium","7":"product_cat-control-de-peso","8":"product_tag-colesterol","9":"product_tag-control-de-peso","10":"product_tag-heredia","11":"product_tag-macrobiotica","12":"product_tag-natural","13":"product_tag-natural-shop","14":"product_tag-san-pablo","16":"first","17":"instock","18":"shipping-taxable","19":"purchasable","20":"product-type-simple"},"jetpack_sharing_enabled":true,"_links":{"self":[{"href":"https:\/\/macronaturalsshop.com\/index.php?rest_route=\/wp\/v2\/product\/4506"}],"collection":[{"href":"https:\/\/macronaturalsshop.com\/index.php?rest_route=\/wp\/v2\/product"}],"about":[{"href":"https:\/\/macronaturalsshop.com\/index.php?rest_route=\/wp\/v2\/types\/product"}],"replies":[{"embeddable":true,"href":"https:\/\/macronaturalsshop.com\/index.php?rest_route=%2Fwp%2Fv2%2Fcomments&post=4506"}],"wp:featuredmedia":[{"embeddable":true,"href":"https:\/\/macronaturalsshop.com\/index.php?rest_route=\/wp\/v2\/media\/5116"}],"wp:attachment":[{"href":"https:\/\/macronaturalsshop.com\/index.php?rest_route=%2Fwp%2Fv2%2Fmedia&parent=4506"}],"wp:term":[{"taxonomy":"product_brand","embeddable":true,"href":"https:\/\/macronaturalsshop.com\/index.php?rest_route=%2Fwp%2Fv2%2Fproduct_brand&post=4506"},{"taxonomy":"product_cat","embeddable":true,"href":"https:\/\/macronaturalsshop.com\/index.php?rest_route=%2Fwp%2Fv2%2Fproduct_cat&post=4506"},{"taxonomy":"product_tag","embeddable":true,"href":"https:\/\/macronaturalsshop.com\/index.php?rest_route=%2Fwp%2Fv2%2Fproduct_tag&post=4506"}],"curies":[{"name":"wp","href":"https:\/\/api.w.org\/{rel}","templated":true}]}}