{"id":4514,"date":"2025-08-27T01:25:36","date_gmt":"2025-08-27T01:25:36","guid":{"rendered":"https:\/\/macronaturalsshop.com\/?post_type=product&#038;p=4514"},"modified":"2025-08-28T03:45:07","modified_gmt":"2025-08-28T03:45:07","slug":"testosterona-libido-spray","status":"publish","type":"product","link":"https:\/\/macronaturalsshop.com\/?product=testosterona-libido-spray","title":{"rendered":"Testosterona-L\u00edbido spray"},"content":{"rendered":"<p>Aumenta la energ\u00eda-Vigor-Vitalidad y potencia sexual.<br \/>\nAumenta y mejora el flujo sang\u00edneo aumentando el ox\u00edgeno en tejidos y c\u00e9lulas.<br \/>\nEficaz en problemas de erecci\u00f3n.<br \/>\nControla el cansancio f\u00edsico y mental.<\/p>\n","protected":false},"excerpt":{"rendered":"<p>Aumenta la energ\u00eda-Vigor-Vitalidad y potencia sexual.<br \/>\nAumenta y mejora el flujo sang\u00edneo aumentando el ox\u00edgeno en tejidos y c\u00e9lulas.<br \/>\nEficaz en problemas de erecci\u00f3n.<br \/>\nControla el cansancio f\u00edsico y mental.<\/p>\n","protected":false},"featured_media":4515,"comment_status":"open","ping_status":"closed","template":"","meta":[],"product_brand":[468],"product_cat":[440,439],"product_tag":[560,502,500,501,520,503],"class_list":{"0":"post-4514","1":"product","2":"type-product","3":"status-publish","4":"has-post-thumbnail","6":"product_brand-herbarium","7":"product_cat-hormonal-hombre","8":"product_cat-hormonal-mujer","9":"product_tag-energia","10":"product_tag-heredia","11":"product_tag-macrobiotica","12":"product_tag-natural","13":"product_tag-natural-shop","14":"product_tag-san-pablo","16":"first","17":"instock","18":"shipping-taxable","19":"purchasable","20":"product-type-simple"},"jetpack_sharing_enabled":true,"_links":{"self":[{"href":"https:\/\/macronaturalsshop.com\/index.php?rest_route=\/wp\/v2\/product\/4514"}],"collection":[{"href":"https:\/\/macronaturalsshop.com\/index.php?rest_route=\/wp\/v2\/product"}],"about":[{"href":"https:\/\/macronaturalsshop.com\/index.php?rest_route=\/wp\/v2\/types\/product"}],"replies":[{"embeddable":true,"href":"https:\/\/macronaturalsshop.com\/index.php?rest_route=%2Fwp%2Fv2%2Fcomments&post=4514"}],"wp:featuredmedia":[{"embeddable":true,"href":"https:\/\/macronaturalsshop.com\/index.php?rest_route=\/wp\/v2\/media\/4515"}],"wp:attachment":[{"href":"https:\/\/macronaturalsshop.com\/index.php?rest_route=%2Fwp%2Fv2%2Fmedia&parent=4514"}],"wp:term":[{"taxonomy":"product_brand","embeddable":true,"href":"https:\/\/macronaturalsshop.com\/index.php?rest_route=%2Fwp%2Fv2%2Fproduct_brand&post=4514"},{"taxonomy":"product_cat","embeddable":true,"href":"https:\/\/macronaturalsshop.com\/index.php?rest_route=%2Fwp%2Fv2%2Fproduct_cat&post=4514"},{"taxonomy":"product_tag","embeddable":true,"href":"https:\/\/macronaturalsshop.com\/index.php?rest_route=%2Fwp%2Fv2%2Fproduct_tag&post=4514"}],"curies":[{"name":"wp","href":"https:\/\/api.w.org\/{rel}","templated":true}]}}