{"id":4556,"date":"2025-09-15T03:40:59","date_gmt":"2025-09-15T03:40:59","guid":{"rendered":"https:\/\/macronaturalsshop.com\/?post_type=product&#038;p=4556"},"modified":"2025-09-15T20:18:26","modified_gmt":"2025-09-15T20:18:26","slug":"bebida-ginseng-verde-30-viales","status":"publish","type":"product","link":"https:\/\/macronaturalsshop.com\/?product=bebida-ginseng-verde-30-viales","title":{"rendered":"Bebida Ginseng Verde 30 viales"},"content":{"rendered":"<p>Mejorar la funci\u00f3n sexual en hombres con disfunci\u00f3n er\u00e9ctil<br \/>\nReducir el riesgo de contraer un resfriado o gripe<br \/>\nPotenciar el rendimiento f\u00edsico y mental<\/p>\n","protected":false},"excerpt":{"rendered":"<p>Aumentar la energ\u00eda y la resistencia<br \/>\nReducir la fatiga<\/p>\n","protected":false},"featured_media":4557,"comment_status":"open","ping_status":"closed","template":"","meta":[],"product_brand":[469],"product_cat":[379,393],"product_tag":[502,500,501,520,503],"class_list":{"0":"post-4556","1":"product","2":"type-product","3":"status-publish","4":"has-post-thumbnail","6":"product_brand-herbax","7":"product_cat-sistema-inmunologico","8":"product_cat-energia","9":"product_tag-heredia","10":"product_tag-macrobiotica","11":"product_tag-natural","12":"product_tag-natural-shop","13":"product_tag-san-pablo","15":"first","16":"instock","17":"shipping-taxable","18":"purchasable","19":"product-type-simple"},"jetpack_sharing_enabled":true,"_links":{"self":[{"href":"https:\/\/macronaturalsshop.com\/index.php?rest_route=\/wp\/v2\/product\/4556"}],"collection":[{"href":"https:\/\/macronaturalsshop.com\/index.php?rest_route=\/wp\/v2\/product"}],"about":[{"href":"https:\/\/macronaturalsshop.com\/index.php?rest_route=\/wp\/v2\/types\/product"}],"replies":[{"embeddable":true,"href":"https:\/\/macronaturalsshop.com\/index.php?rest_route=%2Fwp%2Fv2%2Fcomments&post=4556"}],"wp:featuredmedia":[{"embeddable":true,"href":"https:\/\/macronaturalsshop.com\/index.php?rest_route=\/wp\/v2\/media\/4557"}],"wp:attachment":[{"href":"https:\/\/macronaturalsshop.com\/index.php?rest_route=%2Fwp%2Fv2%2Fmedia&parent=4556"}],"wp:term":[{"taxonomy":"product_brand","embeddable":true,"href":"https:\/\/macronaturalsshop.com\/index.php?rest_route=%2Fwp%2Fv2%2Fproduct_brand&post=4556"},{"taxonomy":"product_cat","embeddable":true,"href":"https:\/\/macronaturalsshop.com\/index.php?rest_route=%2Fwp%2Fv2%2Fproduct_cat&post=4556"},{"taxonomy":"product_tag","embeddable":true,"href":"https:\/\/macronaturalsshop.com\/index.php?rest_route=%2Fwp%2Fv2%2Fproduct_tag&post=4556"}],"curies":[{"name":"wp","href":"https:\/\/api.w.org\/{rel}","templated":true}]}}