{"id":4578,"date":"2025-09-15T04:40:17","date_gmt":"2025-09-15T04:40:17","guid":{"rendered":"https:\/\/macronaturalsshop.com\/?post_type=product&#038;p=4578"},"modified":"2025-09-15T21:12:28","modified_gmt":"2025-09-15T21:12:28","slug":"circumax-60cap","status":"publish","type":"product","link":"https:\/\/macronaturalsshop.com\/?product=circumax-60cap","title":{"rendered":"Circumax 60cap"},"content":{"rendered":"<p>Ha sido elaborado con ingredientes naturales a base de la planta Casta\u00f1a de Indias, que ayuda a combatir los problemas vasculares, previene la formaci\u00f3n de v\u00e1rices y reduce el dolor que producen estas venas varicosas<\/p>\n","protected":false},"excerpt":{"rendered":"<p>Coadyudante en el tratamiento de insuficiencia venosa cr\u00f3nica, caracterizada por<br \/>\nhinchaz\u00f3n de piernas, sensaci\u00f3n de pesadez, dolor, cansancio, picor,<br \/>\ntensi\u00f3n y calambre en las pantorrillas.<\/p>\n","protected":false},"featured_media":5527,"comment_status":"open","ping_status":"closed","template":"","meta":[],"product_brand":[469],"product_cat":[430,448],"product_tag":[615,502,500,501,520,503],"class_list":{"0":"post-4578","1":"product","2":"type-product","3":"status-publish","4":"has-post-thumbnail","6":"product_brand-herbax","7":"product_cat-antinflamatorio-y-dolores","8":"product_cat-circulacion","9":"product_tag-antiinflamatorio","10":"product_tag-heredia","11":"product_tag-macrobiotica","12":"product_tag-natural","13":"product_tag-natural-shop","14":"product_tag-san-pablo","16":"first","17":"instock","18":"shipping-taxable","19":"purchasable","20":"product-type-simple"},"jetpack_sharing_enabled":true,"_links":{"self":[{"href":"https:\/\/macronaturalsshop.com\/index.php?rest_route=\/wp\/v2\/product\/4578"}],"collection":[{"href":"https:\/\/macronaturalsshop.com\/index.php?rest_route=\/wp\/v2\/product"}],"about":[{"href":"https:\/\/macronaturalsshop.com\/index.php?rest_route=\/wp\/v2\/types\/product"}],"replies":[{"embeddable":true,"href":"https:\/\/macronaturalsshop.com\/index.php?rest_route=%2Fwp%2Fv2%2Fcomments&post=4578"}],"wp:featuredmedia":[{"embeddable":true,"href":"https:\/\/macronaturalsshop.com\/index.php?rest_route=\/wp\/v2\/media\/5527"}],"wp:attachment":[{"href":"https:\/\/macronaturalsshop.com\/index.php?rest_route=%2Fwp%2Fv2%2Fmedia&parent=4578"}],"wp:term":[{"taxonomy":"product_brand","embeddable":true,"href":"https:\/\/macronaturalsshop.com\/index.php?rest_route=%2Fwp%2Fv2%2Fproduct_brand&post=4578"},{"taxonomy":"product_cat","embeddable":true,"href":"https:\/\/macronaturalsshop.com\/index.php?rest_route=%2Fwp%2Fv2%2Fproduct_cat&post=4578"},{"taxonomy":"product_tag","embeddable":true,"href":"https:\/\/macronaturalsshop.com\/index.php?rest_route=%2Fwp%2Fv2%2Fproduct_tag&post=4578"}],"curies":[{"name":"wp","href":"https:\/\/api.w.org\/{rel}","templated":true}]}}