{"id":4582,"date":"2025-08-18T01:30:10","date_gmt":"2025-08-18T01:30:10","guid":{"rendered":"https:\/\/macronaturalsshop.com\/?post_type=product&#038;p=4582"},"modified":"2025-08-18T16:57:46","modified_gmt":"2025-08-18T16:57:46","slug":"citrato-de-magnesio-grden-60-caps","status":"publish","type":"product","link":"https:\/\/macronaturalsshop.com\/?product=citrato-de-magnesio-grden-60-caps","title":{"rendered":"Citrato de Magnesio"},"content":{"rendered":"<div class=\"woocommerce-tabs wc-tabs-wrapper\">\n<div id=\"tab-description\" class=\"woocommerce-Tabs-panel woocommerce-Tabs-panel--description panel entry-content wc-tab\" role=\"tabpanel\" aria-labelledby=\"tab-title-description\">\n<p>El citrato de magnesio favorece con el buen funcionamiento del organismo porque interviene en m\u00e1s de 600 reacciones enzim\u00e1ticas.<br \/>\nSe utiliza para tratar estre\u00f1imiento de corto plazo Funciona al hacer que el agua se retenga con las heces. Esto aumenta el n\u00famero de deposiciones y suaviza las heces para que sean m\u00e1s f\u00e1ciles de expulsar.<br \/>\nRelaja los m\u00fasculos y favorece a recuperarlos despu\u00e9s de una actividad intensa.<br \/>\nRegula la funci\u00f3n intestinal en quienes sufren problemas de estre\u00f1imiento.<br \/>\nAyuda a aliviar los dolores de cabeza y las migra\u00f1as (ayuda a aliviar la presi\u00f3n de venas y arterias de la cabeza).<br \/>\nAl ser un relajante muscular natural ayuda con el problema de los calambres nocturnos.<\/p>\n<\/div>\n<\/div>\n","protected":false},"excerpt":{"rendered":"<p>El Citrato de magnesio juega un papel clave en la regeneraci\u00f3n de las fibras musculares. (Esto es importante para los deportistas) post entrenamientos pueden ayudar a reponerse del esfuerzo de forma m\u00e1s efectiva, lo que supone una mejora en el rendimiento deportivo. Favorece la absorci\u00f3n del calcio, por lo que beneficia la estructura \u00f3sea.<\/p>\n","protected":false},"featured_media":5145,"comment_status":"open","ping_status":"closed","template":"","meta":[],"product_brand":[469],"product_cat":[386],"product_tag":[635,502,500,561,501,520,636,503],"class_list":{"0":"post-4582","1":"product","2":"type-product","3":"status-publish","4":"has-post-thumbnail","6":"product_brand-herbax","7":"product_cat-magnesio","8":"product_tag-estrenimiento","9":"product_tag-heredia","10":"product_tag-macrobiotica","11":"product_tag-musculos","12":"product_tag-natural","13":"product_tag-natural-shop","14":"product_tag-relajante-muscular","15":"product_tag-san-pablo","17":"first","18":"instock","19":"shipping-taxable","20":"purchasable","21":"product-type-simple"},"jetpack_sharing_enabled":true,"_links":{"self":[{"href":"https:\/\/macronaturalsshop.com\/index.php?rest_route=\/wp\/v2\/product\/4582"}],"collection":[{"href":"https:\/\/macronaturalsshop.com\/index.php?rest_route=\/wp\/v2\/product"}],"about":[{"href":"https:\/\/macronaturalsshop.com\/index.php?rest_route=\/wp\/v2\/types\/product"}],"replies":[{"embeddable":true,"href":"https:\/\/macronaturalsshop.com\/index.php?rest_route=%2Fwp%2Fv2%2Fcomments&post=4582"}],"wp:featuredmedia":[{"embeddable":true,"href":"https:\/\/macronaturalsshop.com\/index.php?rest_route=\/wp\/v2\/media\/5145"}],"wp:attachment":[{"href":"https:\/\/macronaturalsshop.com\/index.php?rest_route=%2Fwp%2Fv2%2Fmedia&parent=4582"}],"wp:term":[{"taxonomy":"product_brand","embeddable":true,"href":"https:\/\/macronaturalsshop.com\/index.php?rest_route=%2Fwp%2Fv2%2Fproduct_brand&post=4582"},{"taxonomy":"product_cat","embeddable":true,"href":"https:\/\/macronaturalsshop.com\/index.php?rest_route=%2Fwp%2Fv2%2Fproduct_cat&post=4582"},{"taxonomy":"product_tag","embeddable":true,"href":"https:\/\/macronaturalsshop.com\/index.php?rest_route=%2Fwp%2Fv2%2Fproduct_tag&post=4582"}],"curies":[{"name":"wp","href":"https:\/\/api.w.org\/{rel}","templated":true}]}}