{"id":4588,"date":"2025-09-15T05:02:57","date_gmt":"2025-09-15T05:02:57","guid":{"rendered":"https:\/\/macronaturalsshop.com\/?post_type=product&#038;p=4588"},"modified":"2025-09-15T23:40:15","modified_gmt":"2025-09-15T23:40:15","slug":"crema-antibacterial-90g-bio-silver","status":"publish","type":"product","link":"https:\/\/macronaturalsshop.com\/?product=crema-antibacterial-90g-bio-silver","title":{"rendered":"Crema Antibacterial 90ml"},"content":{"rendered":"<p>Producto formulado a base de Nano-part\u00edculas de plata, las cuales eliminan m\u00e1s de 600 tipos de micro-organismos como virus,<br \/>\nbacterias, microbios, hongos y par\u00e1sitos a trav\u00e9s de una carga i\u00f3nica, por ese motivo los micro-organismosno pueden desarollar<br \/>\nmecanismos de defensa y\/o resistencia, ni siquiera logran mutuar para escapar de la acci\u00f3n efectiva de las Nano-particulas de plata.<\/p>\n","protected":false},"excerpt":{"rendered":"<p>Desinfecta heridas sin irritar ni arder.<br \/>\nPromueve Una curaci\u00f3n m\u00e1s r\u00e1pida y efectiva.<\/p>\n","protected":false},"featured_media":4589,"comment_status":"open","ping_status":"closed","template":"","meta":[],"product_brand":[469],"product_cat":[408],"product_tag":[540,502,500,501,520,503],"class_list":{"0":"post-4588","1":"product","2":"type-product","3":"status-publish","4":"has-post-thumbnail","6":"product_brand-herbax","7":"product_cat-cuidado-personal","8":"product_tag-antibacteriano","9":"product_tag-heredia","10":"product_tag-macrobiotica","11":"product_tag-natural","12":"product_tag-natural-shop","13":"product_tag-san-pablo","15":"first","16":"instock","17":"shipping-taxable","18":"purchasable","19":"product-type-simple"},"jetpack_sharing_enabled":true,"_links":{"self":[{"href":"https:\/\/macronaturalsshop.com\/index.php?rest_route=\/wp\/v2\/product\/4588"}],"collection":[{"href":"https:\/\/macronaturalsshop.com\/index.php?rest_route=\/wp\/v2\/product"}],"about":[{"href":"https:\/\/macronaturalsshop.com\/index.php?rest_route=\/wp\/v2\/types\/product"}],"replies":[{"embeddable":true,"href":"https:\/\/macronaturalsshop.com\/index.php?rest_route=%2Fwp%2Fv2%2Fcomments&post=4588"}],"wp:featuredmedia":[{"embeddable":true,"href":"https:\/\/macronaturalsshop.com\/index.php?rest_route=\/wp\/v2\/media\/4589"}],"wp:attachment":[{"href":"https:\/\/macronaturalsshop.com\/index.php?rest_route=%2Fwp%2Fv2%2Fmedia&parent=4588"}],"wp:term":[{"taxonomy":"product_brand","embeddable":true,"href":"https:\/\/macronaturalsshop.com\/index.php?rest_route=%2Fwp%2Fv2%2Fproduct_brand&post=4588"},{"taxonomy":"product_cat","embeddable":true,"href":"https:\/\/macronaturalsshop.com\/index.php?rest_route=%2Fwp%2Fv2%2Fproduct_cat&post=4588"},{"taxonomy":"product_tag","embeddable":true,"href":"https:\/\/macronaturalsshop.com\/index.php?rest_route=%2Fwp%2Fv2%2Fproduct_tag&post=4588"}],"curies":[{"name":"wp","href":"https:\/\/api.w.org\/{rel}","templated":true}]}}