{"id":4602,"date":"2025-09-20T01:00:48","date_gmt":"2025-09-20T01:00:48","guid":{"rendered":"https:\/\/macronaturalsshop.com\/?post_type=product&#038;p=4602"},"modified":"2025-09-21T02:06:46","modified_gmt":"2025-09-21T02:06:46","slug":"gel-de-semilla-de-uva","status":"publish","type":"product","link":"https:\/\/macronaturalsshop.com\/?product=gel-de-semilla-de-uva","title":{"rendered":"Gel de Semilla de Uva"},"content":{"rendered":"<p>Mutre, hidrata y protege la piel y el cabello debido a sus propiedades antioxidantes y nutritivas, ayudando a reducir los signos del envejecimiento, calmar la piel, suavizar arrugas y l\u00edneas finas, y fortalecer el cabello da\u00f1ado. Adem\u00e1s, el extracto de semilla de uva, del que proviene el gel, tiene potencial para mejorar la circulaci\u00f3n y proteger contra enfermedades cardiovasculares.<\/p>\n","protected":false},"excerpt":{"rendered":"<p>Es un poderoso hidratante.<br \/>\nSe utiliza en heridas, quemaduras, alergias, picaduras, resequedad de piel y para el aseo \u00edntimo.<\/p>\n","protected":false},"featured_media":5536,"comment_status":"open","ping_status":"closed","template":"","meta":[],"product_brand":[469],"product_cat":[408],"product_tag":[502,500,501,520,509,503],"class_list":{"0":"post-4602","1":"product","2":"type-product","3":"status-publish","4":"has-post-thumbnail","6":"product_brand-herbax","7":"product_cat-cuidado-personal","8":"product_tag-heredia","9":"product_tag-macrobiotica","10":"product_tag-natural","11":"product_tag-natural-shop","12":"product_tag-piel","13":"product_tag-san-pablo","15":"first","16":"instock","17":"shipping-taxable","18":"purchasable","19":"product-type-simple"},"jetpack_sharing_enabled":true,"_links":{"self":[{"href":"https:\/\/macronaturalsshop.com\/index.php?rest_route=\/wp\/v2\/product\/4602"}],"collection":[{"href":"https:\/\/macronaturalsshop.com\/index.php?rest_route=\/wp\/v2\/product"}],"about":[{"href":"https:\/\/macronaturalsshop.com\/index.php?rest_route=\/wp\/v2\/types\/product"}],"replies":[{"embeddable":true,"href":"https:\/\/macronaturalsshop.com\/index.php?rest_route=%2Fwp%2Fv2%2Fcomments&post=4602"}],"wp:featuredmedia":[{"embeddable":true,"href":"https:\/\/macronaturalsshop.com\/index.php?rest_route=\/wp\/v2\/media\/5536"}],"wp:attachment":[{"href":"https:\/\/macronaturalsshop.com\/index.php?rest_route=%2Fwp%2Fv2%2Fmedia&parent=4602"}],"wp:term":[{"taxonomy":"product_brand","embeddable":true,"href":"https:\/\/macronaturalsshop.com\/index.php?rest_route=%2Fwp%2Fv2%2Fproduct_brand&post=4602"},{"taxonomy":"product_cat","embeddable":true,"href":"https:\/\/macronaturalsshop.com\/index.php?rest_route=%2Fwp%2Fv2%2Fproduct_cat&post=4602"},{"taxonomy":"product_tag","embeddable":true,"href":"https:\/\/macronaturalsshop.com\/index.php?rest_route=%2Fwp%2Fv2%2Fproduct_tag&post=4602"}],"curies":[{"name":"wp","href":"https:\/\/api.w.org\/{rel}","templated":true}]}}