{"id":4604,"date":"2025-08-18T01:40:53","date_gmt":"2025-08-18T01:40:53","guid":{"rendered":"https:\/\/macronaturalsshop.com\/?post_type=product&#038;p=4604"},"modified":"2025-08-18T20:06:07","modified_gmt":"2025-08-18T20:06:07","slug":"grden-citrato-de-magnesio-polvo-300g","status":"publish","type":"product","link":"https:\/\/macronaturalsshop.com\/?product=grden-citrato-de-magnesio-polvo-300g","title":{"rendered":"Citrato de Magnesio Polvo Sabor Cereza"},"content":{"rendered":"<p>Ayuda al sistema digestivo y a la limpieza intestinal<\/p>\n<p>Fortalece los m\u00fasculos<\/p>\n<p>Apoya la producci\u00f3n de energ\u00eda<\/p>\n","protected":false},"excerpt":{"rendered":"<p>El Citrato de magnesio juega un papel clave en la regeneraci\u00f3n de las fibras musculares. (Esto es importante para los deportistas) post entrenamientos pueden ayudar a reponerse del esfuerzo de forma m\u00e1s efectiva, lo que supone una mejora en el rendimiento deportivo. Favorece la absorci\u00f3n del calcio, por lo que beneficia la estructura \u00f3sea.<\/p>\n","protected":false},"featured_media":4606,"comment_status":"open","ping_status":"closed","template":"","meta":[],"product_brand":[469],"product_cat":[386],"product_tag":[560,502,500,501,520,636,503],"class_list":{"0":"post-4604","1":"product","2":"type-product","3":"status-publish","4":"has-post-thumbnail","6":"product_brand-herbax","7":"product_cat-magnesio","8":"product_tag-energia","9":"product_tag-heredia","10":"product_tag-macrobiotica","11":"product_tag-natural","12":"product_tag-natural-shop","13":"product_tag-relajante-muscular","14":"product_tag-san-pablo","16":"first","17":"instock","18":"shipping-taxable","19":"purchasable","20":"product-type-simple"},"jetpack_sharing_enabled":true,"_links":{"self":[{"href":"https:\/\/macronaturalsshop.com\/index.php?rest_route=\/wp\/v2\/product\/4604"}],"collection":[{"href":"https:\/\/macronaturalsshop.com\/index.php?rest_route=\/wp\/v2\/product"}],"about":[{"href":"https:\/\/macronaturalsshop.com\/index.php?rest_route=\/wp\/v2\/types\/product"}],"replies":[{"embeddable":true,"href":"https:\/\/macronaturalsshop.com\/index.php?rest_route=%2Fwp%2Fv2%2Fcomments&post=4604"}],"wp:featuredmedia":[{"embeddable":true,"href":"https:\/\/macronaturalsshop.com\/index.php?rest_route=\/wp\/v2\/media\/4606"}],"wp:attachment":[{"href":"https:\/\/macronaturalsshop.com\/index.php?rest_route=%2Fwp%2Fv2%2Fmedia&parent=4604"}],"wp:term":[{"taxonomy":"product_brand","embeddable":true,"href":"https:\/\/macronaturalsshop.com\/index.php?rest_route=%2Fwp%2Fv2%2Fproduct_brand&post=4604"},{"taxonomy":"product_cat","embeddable":true,"href":"https:\/\/macronaturalsshop.com\/index.php?rest_route=%2Fwp%2Fv2%2Fproduct_cat&post=4604"},{"taxonomy":"product_tag","embeddable":true,"href":"https:\/\/macronaturalsshop.com\/index.php?rest_route=%2Fwp%2Fv2%2Fproduct_tag&post=4604"}],"curies":[{"name":"wp","href":"https:\/\/api.w.org\/{rel}","templated":true}]}}