{"id":4609,"date":"2025-09-20T01:01:15","date_gmt":"2025-09-20T01:01:15","guid":{"rendered":"https:\/\/macronaturalsshop.com\/?post_type=product&#038;p=4609"},"modified":"2025-09-21T02:14:31","modified_gmt":"2025-09-21T02:14:31","slug":"inkia-crema-baba-de-caracol-100gr","status":"publish","type":"product","link":"https:\/\/macronaturalsshop.com\/?product=inkia-crema-baba-de-caracol-100gr","title":{"rendered":"Inkia Crema Baba De Caracol 100Gr"},"content":{"rendered":"<ul>\n<li>\u00a0 Favorece la producci\u00f3n de col\u00e1geno<\/li>\n<li>\u00a0 Mejora la textura<\/li>\n<li>\u00a0 Controla la producci\u00f3n de grasa y minimiza el poro<\/li>\n<li>\u00a0 Suaviza arrugas finas y profundas<\/li>\n<li>\u00a0 Aumenta la hidrataci\u00f3n<\/li>\n<li>\u00a0 El rey del envejecimiento<\/li>\n<li>\u00a0 Piel m\u00e1s luminosa<\/li>\n<\/ul>\n<p>Antiestr\u00e9s y revitalizador con \u00c1cido Hialur\u00f3nico<\/p>\n<ul>\n<li>Hidrata<\/li>\n<li>antial\u00e9rgica<\/li>\n<li>humectante<\/li>\n<li>cicatrizante<\/li>\n<li>antiirritatiba<\/li>\n<li>antiinflamatoria<\/li>\n<li>refrescante<\/li>\n<li>regeneradora<\/li>\n<li>revitaliza<\/li>\n<li>nutre<\/li>\n<\/ul>\n","protected":false},"excerpt":{"rendered":"<p>Mejorar la apariencia de las arrugas y evita que aparezcan nuevas l\u00edneas de expresi\u00f3n.<br \/>\nSirve como reparador de tejidos , permite que la piel cicatrice m\u00e1s r\u00e1pido, eliminando manchas y quemaduras.<br \/>\nLa baba de caracol contiene col\u00e1geno y elastina que ayuda a evitar la flacidez y a tener una piel tersa y sana.<br \/>\nElimina las c\u00e9lulas muertas mejorando el aspecto de la piel y eliminando los granos y manchas.<\/p>\n","protected":false},"featured_media":4610,"comment_status":"open","ping_status":"closed","template":"","meta":[],"product_brand":[552],"product_cat":[408],"product_tag":[502,500,501,520,509,503],"class_list":{"0":"post-4609","1":"product","2":"type-product","3":"status-publish","4":"has-post-thumbnail","6":"product_brand-inkia","7":"product_cat-cuidado-personal","8":"product_tag-heredia","9":"product_tag-macrobiotica","10":"product_tag-natural","11":"product_tag-natural-shop","12":"product_tag-piel","13":"product_tag-san-pablo","15":"first","16":"instock","17":"shipping-taxable","18":"purchasable","19":"product-type-simple"},"jetpack_sharing_enabled":true,"_links":{"self":[{"href":"https:\/\/macronaturalsshop.com\/index.php?rest_route=\/wp\/v2\/product\/4609"}],"collection":[{"href":"https:\/\/macronaturalsshop.com\/index.php?rest_route=\/wp\/v2\/product"}],"about":[{"href":"https:\/\/macronaturalsshop.com\/index.php?rest_route=\/wp\/v2\/types\/product"}],"replies":[{"embeddable":true,"href":"https:\/\/macronaturalsshop.com\/index.php?rest_route=%2Fwp%2Fv2%2Fcomments&post=4609"}],"wp:featuredmedia":[{"embeddable":true,"href":"https:\/\/macronaturalsshop.com\/index.php?rest_route=\/wp\/v2\/media\/4610"}],"wp:attachment":[{"href":"https:\/\/macronaturalsshop.com\/index.php?rest_route=%2Fwp%2Fv2%2Fmedia&parent=4609"}],"wp:term":[{"taxonomy":"product_brand","embeddable":true,"href":"https:\/\/macronaturalsshop.com\/index.php?rest_route=%2Fwp%2Fv2%2Fproduct_brand&post=4609"},{"taxonomy":"product_cat","embeddable":true,"href":"https:\/\/macronaturalsshop.com\/index.php?rest_route=%2Fwp%2Fv2%2Fproduct_cat&post=4609"},{"taxonomy":"product_tag","embeddable":true,"href":"https:\/\/macronaturalsshop.com\/index.php?rest_route=%2Fwp%2Fv2%2Fproduct_tag&post=4609"}],"curies":[{"name":"wp","href":"https:\/\/api.w.org\/{rel}","templated":true}]}}