{"id":4659,"date":"2025-09-21T01:07:01","date_gmt":"2025-09-21T01:07:01","guid":{"rendered":"https:\/\/macronaturalsshop.com\/?post_type=product&#038;p=4659"},"modified":"2025-09-21T17:04:47","modified_gmt":"2025-09-21T17:04:47","slug":"shampoo-pro-keratina-sin-sal-440ml-bioland","status":"publish","type":"product","link":"https:\/\/macronaturalsshop.com\/?product=shampoo-pro-keratina-sin-sal-440ml-bioland","title":{"rendered":"Shampoo Pro Keratina sin Sal 440ml Bioland"},"content":{"rendered":"<p>No contiene:<\/p>\n<p>Sal.<br \/>\nLauril Sulfato de Sodio.<br \/>\nParabenos.<br \/>\nColorantes Artificiales.<br \/>\n\u00c1cido Este\u00e1rico.<br \/>\nColesterol ni otros derivados o grasas de origen animal.<br \/>\nVitaminas Sint\u00e9ticas.<br \/>\nSiliconas.<\/p>\n","protected":false},"excerpt":{"rendered":"<p>Acelera la regeneraci\u00f3n de las c\u00e9lulas capilares, estimulando la recuperaci\u00f3n de los niveles<br \/>\nid\u00f3neos de queratina en las hebras y ra\u00edces. Permite al cabello lucir m\u00e1s fluido, suave y brillante.<\/p>\n","protected":false},"featured_media":4660,"comment_status":"open","ping_status":"closed","template":"","meta":[],"product_brand":[469],"product_cat":[408],"product_tag":[502,500,501,520,503],"class_list":{"0":"post-4659","1":"product","2":"type-product","3":"status-publish","4":"has-post-thumbnail","6":"product_brand-herbax","7":"product_cat-cuidado-personal","8":"product_tag-heredia","9":"product_tag-macrobiotica","10":"product_tag-natural","11":"product_tag-natural-shop","12":"product_tag-san-pablo","14":"first","15":"instock","16":"shipping-taxable","17":"purchasable","18":"product-type-simple"},"jetpack_sharing_enabled":true,"_links":{"self":[{"href":"https:\/\/macronaturalsshop.com\/index.php?rest_route=\/wp\/v2\/product\/4659"}],"collection":[{"href":"https:\/\/macronaturalsshop.com\/index.php?rest_route=\/wp\/v2\/product"}],"about":[{"href":"https:\/\/macronaturalsshop.com\/index.php?rest_route=\/wp\/v2\/types\/product"}],"replies":[{"embeddable":true,"href":"https:\/\/macronaturalsshop.com\/index.php?rest_route=%2Fwp%2Fv2%2Fcomments&post=4659"}],"wp:featuredmedia":[{"embeddable":true,"href":"https:\/\/macronaturalsshop.com\/index.php?rest_route=\/wp\/v2\/media\/4660"}],"wp:attachment":[{"href":"https:\/\/macronaturalsshop.com\/index.php?rest_route=%2Fwp%2Fv2%2Fmedia&parent=4659"}],"wp:term":[{"taxonomy":"product_brand","embeddable":true,"href":"https:\/\/macronaturalsshop.com\/index.php?rest_route=%2Fwp%2Fv2%2Fproduct_brand&post=4659"},{"taxonomy":"product_cat","embeddable":true,"href":"https:\/\/macronaturalsshop.com\/index.php?rest_route=%2Fwp%2Fv2%2Fproduct_cat&post=4659"},{"taxonomy":"product_tag","embeddable":true,"href":"https:\/\/macronaturalsshop.com\/index.php?rest_route=%2Fwp%2Fv2%2Fproduct_tag&post=4659"}],"curies":[{"name":"wp","href":"https:\/\/api.w.org\/{rel}","templated":true}]}}