{"id":4700,"date":"2025-08-17T02:15:23","date_gmt":"2025-08-17T02:15:23","guid":{"rendered":"https:\/\/macronaturalsshop.com\/?post_type=product&#038;p=4700"},"modified":"2025-08-17T19:33:49","modified_gmt":"2025-08-17T19:33:49","slug":"ayurslim-60capsulas","status":"publish","type":"product","link":"https:\/\/macronaturalsshop.com\/?product=ayurslim-60capsulas","title":{"rendered":"AyurSlim"},"content":{"rendered":"<ul>\n<li>Anorex\u00edgena: disminuye el apetito de forma r\u00e1pida al aumentar la expresi\u00f3n de los receptores de serotonina en el cerebro y al desensibilizar las pupilas gustativas de lo dulce en la lengua (Garcinia cambogia, Gymnema sylvestre, Trigonella foenum graecum).<\/li>\n<li>Hipolipid\u00e9mica: limita la s\u00edntesis de grasas y de colesterol (lipog\u00e9nesis) al disminuir la acci\u00f3n de citratoliasa ATP-dependiente que reduce la concentraci\u00f3n de acetil-coenzima A en el citoplasma. Acetil &#8211; CoA es la fuente de los \u00e1tomos de carbono para la s\u00edntesis de \u00e1cidos grasos libres y colesterol, privando al ret\u00edculo endoplasm\u00e1tico de la \u201cmateria prima\u201d. Esto conlleva a la reducci\u00f3n de la producci\u00f3n de triglic\u00e9ridos y de colesterol (Garcinia cambogia). Las concentraciones bajas de acetil-CoA resultan en los niveles bajos de malonil \u2013 CoA, el cual es un inhibidor fisiol\u00f3gico de carnitina acetiltransferasa I, una enzima del mecanismo transportador de los \u00e1cidos grasos libres adentro de la mitocondria. Esto explica por qu\u00e9 la disminuci\u00f3n de malonil-CoA favorece a la beta-oxidaci\u00f3n lip\u00eddica y al catabolismo de las grasas.<br \/>\nLas gugulesteronas aten\u00faan la acci\u00f3n inhibidora del sistema relacionado con FXR (Balsamodendron mukul). De esta manera aumenta la conversi\u00f3n de colesterol en 7 oxicolesterol. Esto provoca aumento de actividad de la v\u00eda principal de la eliminaci\u00f3n de colesterol del organismo, v\u00eda biliar. Estudios sobre Balsamodendron mukul (Guggulu) y Trigonella foenum graecum han reportado reducci\u00f3n en los niveles de colesterol y triglic\u00e9ridos.<\/li>\n<li>Hipoglic\u00e9mica: aten\u00faa la absorci\u00f3n intestinal de los carbohidratos complejos al decrementar la actividad de alfa-glucosidasas intestinales (Gymnema sylvestre). Promueve la liberaci\u00f3n de insulina en las c\u00e9lulas beta pancre\u00e1ticas y, al mismo tiempo, inhibe las actividades de la alfa-amilasa y la sucrasa, dos enzimas intestinales esenciales en el metabolismo de carbohidratos (Trigonella foenum graecum).<\/li>\n<\/ul>\n","protected":false},"excerpt":{"rendered":"<ul>\n<li>Coadyuvante en el control del sobrepeso en personas que tienen niveles altos de colesterol y triglic\u00e9ridos.<\/li>\n<li>Tratamiento de hiperlipidemias (en casos severos, considerar la combinaci\u00f3n con Liv.52).<\/li>\n<li>Coadyuvante en tratamiento con Liv.52\u00ae para esteatosis hep\u00e1tica y esteatohepatitis.<\/li>\n<\/ul>\n","protected":false},"featured_media":4701,"comment_status":"open","ping_status":"closed","template":"","meta":[],"product_brand":[470],"product_cat":[395,388],"product_tag":[584,502,500,501,520,503],"class_list":{"0":"post-4700","1":"product","2":"type-product","3":"status-publish","4":"has-post-thumbnail","6":"product_brand-himalaya","7":"product_cat-trigliceridos","8":"product_cat-control-de-peso","9":"product_tag-control-de-peso","10":"product_tag-heredia","11":"product_tag-macrobiotica","12":"product_tag-natural","13":"product_tag-natural-shop","14":"product_tag-san-pablo","16":"first","17":"instock","18":"shipping-taxable","19":"purchasable","20":"product-type-simple"},"jetpack_sharing_enabled":true,"_links":{"self":[{"href":"https:\/\/macronaturalsshop.com\/index.php?rest_route=\/wp\/v2\/product\/4700"}],"collection":[{"href":"https:\/\/macronaturalsshop.com\/index.php?rest_route=\/wp\/v2\/product"}],"about":[{"href":"https:\/\/macronaturalsshop.com\/index.php?rest_route=\/wp\/v2\/types\/product"}],"replies":[{"embeddable":true,"href":"https:\/\/macronaturalsshop.com\/index.php?rest_route=%2Fwp%2Fv2%2Fcomments&post=4700"}],"wp:featuredmedia":[{"embeddable":true,"href":"https:\/\/macronaturalsshop.com\/index.php?rest_route=\/wp\/v2\/media\/4701"}],"wp:attachment":[{"href":"https:\/\/macronaturalsshop.com\/index.php?rest_route=%2Fwp%2Fv2%2Fmedia&parent=4700"}],"wp:term":[{"taxonomy":"product_brand","embeddable":true,"href":"https:\/\/macronaturalsshop.com\/index.php?rest_route=%2Fwp%2Fv2%2Fproduct_brand&post=4700"},{"taxonomy":"product_cat","embeddable":true,"href":"https:\/\/macronaturalsshop.com\/index.php?rest_route=%2Fwp%2Fv2%2Fproduct_cat&post=4700"},{"taxonomy":"product_tag","embeddable":true,"href":"https:\/\/macronaturalsshop.com\/index.php?rest_route=%2Fwp%2Fv2%2Fproduct_tag&post=4700"}],"curies":[{"name":"wp","href":"https:\/\/api.w.org\/{rel}","templated":true}]}}