{"id":4704,"date":"2025-08-27T01:35:16","date_gmt":"2025-08-27T01:35:16","guid":{"rendered":"https:\/\/macronaturalsshop.com\/?post_type=product&#038;p=4704"},"modified":"2025-08-28T04:00:14","modified_gmt":"2025-08-28T04:00:14","slug":"bodi-light-60tab","status":"publish","type":"product","link":"https:\/\/macronaturalsshop.com\/?product=bodi-light-60tab","title":{"rendered":"Bodi Light 60tab"},"content":{"rendered":"<p>Coadyuvante en el control del apetito, que puede ayudar en la reducci\u00f3n del peso corporal, siempre y cuando la persona consuma en su dieta el requerimiento cal\u00f3rico m\u00ednimo seg\u00fan su peso y su edad.<\/p>\n<ul>\n<li>Disminuye la s\u00edntesis de triglic\u00e9ridos y colesterol en el organismo.<\/li>\n<li>Contribuye al catabolismo de las grasas mediante beta oxidaci\u00f3n lip\u00eddica.<\/li>\n<li>Disminuye la acumulaci\u00f3n de grasa en el h\u00edgado.<\/li>\n<li>Ayuda a controlar el apetito.<\/li>\n<li>Contribuye a la reducci\u00f3n de peso corporal.<\/li>\n<\/ul>\n","protected":false},"excerpt":{"rendered":"<p>Coadyuvante en el control del apetito.<\/p>\n","protected":false},"featured_media":5228,"comment_status":"open","ping_status":"closed","template":"","meta":[],"product_brand":[470],"product_cat":[388],"product_tag":[584,502,500,501,520,503],"class_list":{"0":"post-4704","1":"product","2":"type-product","3":"status-publish","4":"has-post-thumbnail","6":"product_brand-himalaya","7":"product_cat-control-de-peso","8":"product_tag-control-de-peso","9":"product_tag-heredia","10":"product_tag-macrobiotica","11":"product_tag-natural","12":"product_tag-natural-shop","13":"product_tag-san-pablo","15":"first","16":"instock","17":"shipping-taxable","18":"purchasable","19":"product-type-simple"},"jetpack_sharing_enabled":true,"_links":{"self":[{"href":"https:\/\/macronaturalsshop.com\/index.php?rest_route=\/wp\/v2\/product\/4704"}],"collection":[{"href":"https:\/\/macronaturalsshop.com\/index.php?rest_route=\/wp\/v2\/product"}],"about":[{"href":"https:\/\/macronaturalsshop.com\/index.php?rest_route=\/wp\/v2\/types\/product"}],"replies":[{"embeddable":true,"href":"https:\/\/macronaturalsshop.com\/index.php?rest_route=%2Fwp%2Fv2%2Fcomments&post=4704"}],"wp:featuredmedia":[{"embeddable":true,"href":"https:\/\/macronaturalsshop.com\/index.php?rest_route=\/wp\/v2\/media\/5228"}],"wp:attachment":[{"href":"https:\/\/macronaturalsshop.com\/index.php?rest_route=%2Fwp%2Fv2%2Fmedia&parent=4704"}],"wp:term":[{"taxonomy":"product_brand","embeddable":true,"href":"https:\/\/macronaturalsshop.com\/index.php?rest_route=%2Fwp%2Fv2%2Fproduct_brand&post=4704"},{"taxonomy":"product_cat","embeddable":true,"href":"https:\/\/macronaturalsshop.com\/index.php?rest_route=%2Fwp%2Fv2%2Fproduct_cat&post=4704"},{"taxonomy":"product_tag","embeddable":true,"href":"https:\/\/macronaturalsshop.com\/index.php?rest_route=%2Fwp%2Fv2%2Fproduct_tag&post=4704"}],"curies":[{"name":"wp","href":"https:\/\/api.w.org\/{rel}","templated":true}]}}