{"id":4706,"date":"2025-08-16T01:02:33","date_gmt":"2025-08-16T01:02:33","guid":{"rendered":"https:\/\/macronaturalsshop.com\/?post_type=product&#038;p=4706"},"modified":"2025-08-16T15:59:16","modified_gmt":"2025-08-16T15:59:16","slug":"bonnisan-120-ml","status":"publish","type":"product","link":"https:\/\/macronaturalsshop.com\/?product=bonnisan-120-ml","title":{"rendered":"Bonnisan"},"content":{"rendered":"<p>Beneficios:<br \/>\nAntiflatulento.<br \/>\nProcin\u00e9tico.<br \/>\nAntiespasm\u00f3dico.<br \/>\nAntiinflamatorio.<br \/>\nHepatoprotector.<br \/>\nEstimula el apetito de los beb\u00e9s.<br \/>\nMejora la asimilaci\u00f3n y tolerancia de los alimentos, potencia la actividad de las enzimas proteol\u00edticas.<br \/>\nAyuda a prevenir enfermedades infecciosas y parasitarias a nivel intestinal.<br \/>\nContribuye a la s\u00edntesis de hemoglobina y absorci\u00f3n de hierro.<br \/>\nAyuda a prevenir reflujos gastroesof\u00e1gicos y duodenog\u00e1stricos (piloroespasmo).<\/p>\n","protected":false},"excerpt":{"rendered":"<p>Mejora la digesti\u00f3n y el apetito de beb\u00e9s y ni\u00f1os.<\/p>\n","protected":false},"featured_media":4707,"comment_status":"open","ping_status":"closed","template":"","meta":[],"product_brand":[470],"product_cat":[411,396,379],"product_tag":[506,502,500,501,520,503],"class_list":{"0":"post-4706","1":"product","2":"type-product","3":"status-publish","4":"has-post-thumbnail","6":"product_brand-himalaya","7":"product_cat-ninos","8":"product_cat-sistema-digestivo","9":"product_cat-sistema-inmunologico","10":"product_tag-crecimiento-de-ninos","11":"product_tag-heredia","12":"product_tag-macrobiotica","13":"product_tag-natural","14":"product_tag-natural-shop","15":"product_tag-san-pablo","17":"first","18":"instock","19":"shipping-taxable","20":"purchasable","21":"product-type-simple"},"jetpack_sharing_enabled":true,"_links":{"self":[{"href":"https:\/\/macronaturalsshop.com\/index.php?rest_route=\/wp\/v2\/product\/4706"}],"collection":[{"href":"https:\/\/macronaturalsshop.com\/index.php?rest_route=\/wp\/v2\/product"}],"about":[{"href":"https:\/\/macronaturalsshop.com\/index.php?rest_route=\/wp\/v2\/types\/product"}],"replies":[{"embeddable":true,"href":"https:\/\/macronaturalsshop.com\/index.php?rest_route=%2Fwp%2Fv2%2Fcomments&post=4706"}],"wp:featuredmedia":[{"embeddable":true,"href":"https:\/\/macronaturalsshop.com\/index.php?rest_route=\/wp\/v2\/media\/4707"}],"wp:attachment":[{"href":"https:\/\/macronaturalsshop.com\/index.php?rest_route=%2Fwp%2Fv2%2Fmedia&parent=4706"}],"wp:term":[{"taxonomy":"product_brand","embeddable":true,"href":"https:\/\/macronaturalsshop.com\/index.php?rest_route=%2Fwp%2Fv2%2Fproduct_brand&post=4706"},{"taxonomy":"product_cat","embeddable":true,"href":"https:\/\/macronaturalsshop.com\/index.php?rest_route=%2Fwp%2Fv2%2Fproduct_cat&post=4706"},{"taxonomy":"product_tag","embeddable":true,"href":"https:\/\/macronaturalsshop.com\/index.php?rest_route=%2Fwp%2Fv2%2Fproduct_tag&post=4706"}],"curies":[{"name":"wp","href":"https:\/\/api.w.org\/{rel}","templated":true}]}}