{"id":4711,"date":"2025-09-02T02:25:56","date_gmt":"2025-09-02T02:25:56","guid":{"rendered":"https:\/\/macronaturalsshop.com\/?post_type=product&#038;p=4711"},"modified":"2025-09-21T20:43:58","modified_gmt":"2025-09-21T20:43:58","slug":"crema-revitalizante-de-noche-50ml","status":"publish","type":"product","link":"https:\/\/macronaturalsshop.com\/?product=crema-revitalizante-de-noche-50ml","title":{"rendered":"Crema Revitalizante de Noche 50ml"},"content":{"rendered":"<p>Lujosa crema de absorci\u00f3n profunda que act\u00faa durante la noche con el ciclo de renovaci\u00f3n natural de la piel. Proporciona beneficios esenciales para despertar con una piel suave, flexible y rejuvenecida. Restaura el equilibrio de la humedad, nutre y repara.<\/p>\n","protected":false},"excerpt":{"rendered":"<p>Propiedad antioxidante que previene la degeneraci\u00f3n celular y su envejecimiento prematuro.<br \/>\nAyuda en la renovaci\u00f3n de las c\u00e9lulas.<br \/>\nNutre y mantiene el balance en la humedad de la piel.<br \/>\nRestaura la vitalidad de la piel.<\/p>\n","protected":false},"featured_media":4712,"comment_status":"open","ping_status":"closed","template":"","meta":[],"product_brand":[469],"product_cat":[408],"product_tag":[564,502,500,501,520,509,503],"class_list":{"0":"post-4711","1":"product","2":"type-product","3":"status-publish","4":"has-post-thumbnail","6":"product_brand-herbax","7":"product_cat-cuidado-personal","8":"product_tag-antioxidante","9":"product_tag-heredia","10":"product_tag-macrobiotica","11":"product_tag-natural","12":"product_tag-natural-shop","13":"product_tag-piel","14":"product_tag-san-pablo","16":"first","17":"instock","18":"shipping-taxable","19":"purchasable","20":"product-type-simple"},"jetpack_sharing_enabled":true,"_links":{"self":[{"href":"https:\/\/macronaturalsshop.com\/index.php?rest_route=\/wp\/v2\/product\/4711"}],"collection":[{"href":"https:\/\/macronaturalsshop.com\/index.php?rest_route=\/wp\/v2\/product"}],"about":[{"href":"https:\/\/macronaturalsshop.com\/index.php?rest_route=\/wp\/v2\/types\/product"}],"replies":[{"embeddable":true,"href":"https:\/\/macronaturalsshop.com\/index.php?rest_route=%2Fwp%2Fv2%2Fcomments&post=4711"}],"wp:featuredmedia":[{"embeddable":true,"href":"https:\/\/macronaturalsshop.com\/index.php?rest_route=\/wp\/v2\/media\/4712"}],"wp:attachment":[{"href":"https:\/\/macronaturalsshop.com\/index.php?rest_route=%2Fwp%2Fv2%2Fmedia&parent=4711"}],"wp:term":[{"taxonomy":"product_brand","embeddable":true,"href":"https:\/\/macronaturalsshop.com\/index.php?rest_route=%2Fwp%2Fv2%2Fproduct_brand&post=4711"},{"taxonomy":"product_cat","embeddable":true,"href":"https:\/\/macronaturalsshop.com\/index.php?rest_route=%2Fwp%2Fv2%2Fproduct_cat&post=4711"},{"taxonomy":"product_tag","embeddable":true,"href":"https:\/\/macronaturalsshop.com\/index.php?rest_route=%2Fwp%2Fv2%2Fproduct_tag&post=4711"}],"curies":[{"name":"wp","href":"https:\/\/api.w.org\/{rel}","templated":true}]}}