{"id":4715,"date":"2025-09-21T02:30:31","date_gmt":"2025-09-21T02:30:31","guid":{"rendered":"https:\/\/macronaturalsshop.com\/?post_type=product&#038;p=4715"},"modified":"2025-09-21T20:49:13","modified_gmt":"2025-09-21T20:49:13","slug":"evecare-30-cap","status":"publish","type":"product","link":"https:\/\/macronaturalsshop.com\/?product=evecare-30-cap","title":{"rendered":"Evecare"},"content":{"rendered":"<ul>\n<li>Restaura la autorregulaci\u00f3n del eje neuro-hormonal, compuesto por: hipot\u00e1lamo &#8211; hip\u00f3fisis &#8211; gl\u00e1ndulas suprarrenales &#8211; ovarios.<\/li>\n<li>Aumenta la producci\u00f3n de estr\u00f3genos por parte de los ovarios.<\/li>\n<li>Acelera la reparaci\u00f3n del endometrio, controlando el sangrado.<\/li>\n<li>Aumenta la secreci\u00f3n de estr\u00f3genos y disminuye la secreci\u00f3n de progesterona.<\/li>\n<li>Ayuda a optimizar la relaci\u00f3n entre estr\u00f3n &#8211; estri\u00f3l &#8211; estradiol.<\/li>\n<li>Ejerce un efecto uterot\u00f3nico moderado.<\/li>\n<li>Ayuda a controlar todos los s\u00edntomas premenstruales.<\/li>\n<li>Contribuye a la estabilizaci\u00f3n del ciclo menstrual y las manifestaciones cl\u00ednicas relacionadas con menarquia.<\/li>\n<li>Estimula la actividad ov\u00e1rica: regula la secreci\u00f3n hormonal y promueve la ovulaci\u00f3n en casos de anovulaci\u00f3n cr\u00f3nica.<\/li>\n<li>Controla los sangrados disfuncionales.<\/li>\n<li>Cicatrizante endometrial.<\/li>\n<li>Analg\u00e9sico: alivia los c\u00f3licos menstruales (en este caso, es preferible el jarabe).<\/li>\n<\/ul>\n","protected":false},"excerpt":{"rendered":"<p>Regulador del ciclo menstrual.<\/p>\n","protected":false},"featured_media":4716,"comment_status":"open","ping_status":"closed","template":"","meta":[],"product_brand":[470],"product_cat":[439],"product_tag":[502,500,567,501,520,503],"class_list":{"0":"post-4715","1":"product","2":"type-product","3":"status-publish","4":"has-post-thumbnail","6":"product_brand-himalaya","7":"product_cat-hormonal-mujer","8":"product_tag-heredia","9":"product_tag-macrobiotica","10":"product_tag-mujer","11":"product_tag-natural","12":"product_tag-natural-shop","13":"product_tag-san-pablo","15":"first","16":"instock","17":"shipping-taxable","18":"purchasable","19":"product-type-simple"},"jetpack_sharing_enabled":true,"_links":{"self":[{"href":"https:\/\/macronaturalsshop.com\/index.php?rest_route=\/wp\/v2\/product\/4715"}],"collection":[{"href":"https:\/\/macronaturalsshop.com\/index.php?rest_route=\/wp\/v2\/product"}],"about":[{"href":"https:\/\/macronaturalsshop.com\/index.php?rest_route=\/wp\/v2\/types\/product"}],"replies":[{"embeddable":true,"href":"https:\/\/macronaturalsshop.com\/index.php?rest_route=%2Fwp%2Fv2%2Fcomments&post=4715"}],"wp:featuredmedia":[{"embeddable":true,"href":"https:\/\/macronaturalsshop.com\/index.php?rest_route=\/wp\/v2\/media\/4716"}],"wp:attachment":[{"href":"https:\/\/macronaturalsshop.com\/index.php?rest_route=%2Fwp%2Fv2%2Fmedia&parent=4715"}],"wp:term":[{"taxonomy":"product_brand","embeddable":true,"href":"https:\/\/macronaturalsshop.com\/index.php?rest_route=%2Fwp%2Fv2%2Fproduct_brand&post=4715"},{"taxonomy":"product_cat","embeddable":true,"href":"https:\/\/macronaturalsshop.com\/index.php?rest_route=%2Fwp%2Fv2%2Fproduct_cat&post=4715"},{"taxonomy":"product_tag","embeddable":true,"href":"https:\/\/macronaturalsshop.com\/index.php?rest_route=%2Fwp%2Fv2%2Fproduct_tag&post=4715"}],"curies":[{"name":"wp","href":"https:\/\/api.w.org\/{rel}","templated":true}]}}