{"id":4717,"date":"2025-08-17T05:03:23","date_gmt":"2025-08-17T05:03:23","guid":{"rendered":"https:\/\/macronaturalsshop.com\/?post_type=product&#038;p=4717"},"modified":"2025-08-18T01:12:17","modified_gmt":"2025-08-18T01:12:17","slug":"gel-purificante-de-nim-150-ml","status":"publish","type":"product","link":"https:\/\/macronaturalsshop.com\/?product=gel-purificante-de-nim-150-ml","title":{"rendered":"Gel Limpiador Facial Purificante de Nim"},"content":{"rendered":"<p>Limpia el cutis y elimina las impurezas.<\/p>\n<p>Previene y controla el acn\u00e9.<\/p>\n<p>Calma la picaz\u00f3n, enrojecimiento e irritaci\u00f3n de la piel.<\/p>\n<p>Mantiene la elasticidad de la piel.<\/p>\n","protected":false},"excerpt":{"rendered":"<p>El Gel Limpiador Purificante de Nim, es una f\u00f3rmula dermatol\u00f3gica y cl\u00ednicamente probada, para limpiar la piel y eliminar, el exceso de grasa, impurezas y espinillas.<\/p>\n<p>Las propiedades antibacterianas y antiinflamatorias naturales del nim y la c\u00farcuma permiten que el uso diario del Gel Limpiador Purificante de Nim, ayude a evitar la recurrencia del acn\u00e9.<\/p>\n","protected":false},"featured_media":4718,"comment_status":"open","ping_status":"closed","template":"","meta":[],"product_brand":[470],"product_cat":[408],"product_tag":[502,500,501,520,509,503],"class_list":{"0":"post-4717","1":"product","2":"type-product","3":"status-publish","4":"has-post-thumbnail","6":"product_brand-himalaya","7":"product_cat-cuidado-personal","8":"product_tag-heredia","9":"product_tag-macrobiotica","10":"product_tag-natural","11":"product_tag-natural-shop","12":"product_tag-piel","13":"product_tag-san-pablo","15":"first","16":"instock","17":"shipping-taxable","18":"purchasable","19":"product-type-simple"},"jetpack_sharing_enabled":true,"_links":{"self":[{"href":"https:\/\/macronaturalsshop.com\/index.php?rest_route=\/wp\/v2\/product\/4717"}],"collection":[{"href":"https:\/\/macronaturalsshop.com\/index.php?rest_route=\/wp\/v2\/product"}],"about":[{"href":"https:\/\/macronaturalsshop.com\/index.php?rest_route=\/wp\/v2\/types\/product"}],"replies":[{"embeddable":true,"href":"https:\/\/macronaturalsshop.com\/index.php?rest_route=%2Fwp%2Fv2%2Fcomments&post=4717"}],"wp:featuredmedia":[{"embeddable":true,"href":"https:\/\/macronaturalsshop.com\/index.php?rest_route=\/wp\/v2\/media\/4718"}],"wp:attachment":[{"href":"https:\/\/macronaturalsshop.com\/index.php?rest_route=%2Fwp%2Fv2%2Fmedia&parent=4717"}],"wp:term":[{"taxonomy":"product_brand","embeddable":true,"href":"https:\/\/macronaturalsshop.com\/index.php?rest_route=%2Fwp%2Fv2%2Fproduct_brand&post=4717"},{"taxonomy":"product_cat","embeddable":true,"href":"https:\/\/macronaturalsshop.com\/index.php?rest_route=%2Fwp%2Fv2%2Fproduct_cat&post=4717"},{"taxonomy":"product_tag","embeddable":true,"href":"https:\/\/macronaturalsshop.com\/index.php?rest_route=%2Fwp%2Fv2%2Fproduct_tag&post=4717"}],"curies":[{"name":"wp","href":"https:\/\/api.w.org\/{rel}","templated":true}]}}