{"id":4723,"date":"2025-08-16T01:01:01","date_gmt":"2025-08-16T01:01:01","guid":{"rendered":"https:\/\/macronaturalsshop.com\/?post_type=product&#038;p=4723"},"modified":"2025-08-16T15:53:54","modified_gmt":"2025-08-16T15:53:54","slug":"pilex-100-tabletas","status":"publish","type":"product","link":"https:\/\/macronaturalsshop.com\/?product=pilex-100-tabletas","title":{"rendered":"Pilex Tabletas"},"content":{"rendered":"<p>Idicaciones terap\u00e9uticas:<br \/>\nHemorroides.<br \/>\nInsuficiencia venosa perif\u00e9rica.<br \/>\nCongesti\u00f3n venosa intracraneal.<br \/>\nVaricocele.<br \/>\nS\u00edndrome de hipertensi\u00f3n portal.<br \/>\nS\u00edndrome de pie diab\u00e9tico.<br \/>\nTelangiectasias (conocidas popularmente como ara\u00f1as vasculares).<br \/>\nFisuras y f\u00edstulas anales.<\/p>\n","protected":false},"excerpt":{"rendered":"<p>Trata las v\u00e1rices y hemorroides.<br \/>\nMejora la hemodin\u00e1mica venosa.<br \/>\nRestaura la sensibilidad de las venas a los factores venoconstrictores humorales y nerviosos.<br \/>\nDisminuye el funcionamiento de las anastomosis patol\u00f3gicas.<br \/>\nActiva la s\u00edntesis de col\u00e1geno por fibroblastos en la pared vasal, de esta manera fortalece la pared venosa y previene el avance de la transformaci\u00f3n varicosa de las venas.<br \/>\nEjerce un efecto antiinflamatorio que ayuda a prevenir el proceso destructivo en las venas y la progresi\u00f3n de la enfermedad, disminuye el dolor y prurito (picaz\u00f3n).<br \/>\nDisminuye la permeabilidad de las venas, la transudaci\u00f3n del plasma y diap\u00e9desis de las c\u00e9lulas de la sangre en el espacio extracelular.<\/p>\n","protected":false},"featured_media":5035,"comment_status":"open","ping_status":"closed","template":"","meta":[],"product_brand":[470],"product_cat":[430,448],"product_tag":[615,599,502,500,501,520,503],"class_list":{"0":"post-4723","1":"product","2":"type-product","3":"status-publish","4":"has-post-thumbnail","6":"product_brand-himalaya","7":"product_cat-antinflamatorio-y-dolores","8":"product_cat-circulacion","9":"product_tag-antiinflamatorio","10":"product_tag-hemorroides","11":"product_tag-heredia","12":"product_tag-macrobiotica","13":"product_tag-natural","14":"product_tag-natural-shop","15":"product_tag-san-pablo","17":"first","18":"instock","19":"shipping-taxable","20":"purchasable","21":"product-type-simple"},"jetpack_sharing_enabled":true,"_links":{"self":[{"href":"https:\/\/macronaturalsshop.com\/index.php?rest_route=\/wp\/v2\/product\/4723"}],"collection":[{"href":"https:\/\/macronaturalsshop.com\/index.php?rest_route=\/wp\/v2\/product"}],"about":[{"href":"https:\/\/macronaturalsshop.com\/index.php?rest_route=\/wp\/v2\/types\/product"}],"replies":[{"embeddable":true,"href":"https:\/\/macronaturalsshop.com\/index.php?rest_route=%2Fwp%2Fv2%2Fcomments&post=4723"}],"wp:featuredmedia":[{"embeddable":true,"href":"https:\/\/macronaturalsshop.com\/index.php?rest_route=\/wp\/v2\/media\/5035"}],"wp:attachment":[{"href":"https:\/\/macronaturalsshop.com\/index.php?rest_route=%2Fwp%2Fv2%2Fmedia&parent=4723"}],"wp:term":[{"taxonomy":"product_brand","embeddable":true,"href":"https:\/\/macronaturalsshop.com\/index.php?rest_route=%2Fwp%2Fv2%2Fproduct_brand&post=4723"},{"taxonomy":"product_cat","embeddable":true,"href":"https:\/\/macronaturalsshop.com\/index.php?rest_route=%2Fwp%2Fv2%2Fproduct_cat&post=4723"},{"taxonomy":"product_tag","embeddable":true,"href":"https:\/\/macronaturalsshop.com\/index.php?rest_route=%2Fwp%2Fv2%2Fproduct_tag&post=4723"}],"curies":[{"name":"wp","href":"https:\/\/api.w.org\/{rel}","templated":true}]}}