{"id":4733,"date":"2025-08-16T01:07:55","date_gmt":"2025-08-16T01:07:55","guid":{"rendered":"https:\/\/macronaturalsshop.com\/?post_type=product&#038;p=4733"},"modified":"2025-08-16T17:52:49","modified_gmt":"2025-08-16T17:52:49","slug":"speman-100-tabletas","status":"publish","type":"product","link":"https:\/\/macronaturalsshop.com\/?product=speman-100-tabletas","title":{"rendered":"Speman Tabletas"},"content":{"rendered":"<p>Promueve la espermatog\u00e9nesis, aumenta el conteo esperm\u00e1tico y mejora la calidad del semen.<br \/>\nCorrige el conteo, movilidad y la morfolog\u00eda espermatog\u00e9nica.<br \/>\nAumenta la producci\u00f3n de testosterona (Mucuna pruriens, Tribulus terrestris).<br \/>\nAumenta la transmisi\u00f3n dopamin\u00e9rgica en el tejido cerebral (Mucuna pruriens).<br \/>\nDisminuye la producci\u00f3n de prolactina (Mucuna pruriens, Tribulus terrestris).<br \/>\nContiene antioxidantes potentes que disminuyen la concentraci\u00f3n de radicales libres en el epitelio espermatog\u00e9nico.<br \/>\nEjerce un efecto ansiol\u00edtico (Withania somnifera).<br \/>\nAumenta la producci\u00f3n del l\u00edquido seminal y la contractibilidad de las ves\u00edculas seminales.<br \/>\nMejora la circulaci\u00f3n de la sangre en la pr\u00f3stata, en los cuerpos cavernosos y esponjoso del pene.<br \/>\nAumenta la libido.<\/p>\n","protected":false},"excerpt":{"rendered":"<p>Mejora la producci\u00f3n esperm\u00e1tica y alivia la prostatitis.<\/p>\n","protected":false},"featured_media":4734,"comment_status":"open","ping_status":"closed","template":"","meta":[],"product_brand":[470],"product_cat":[440],"product_tag":[502,500,501,520,538,503],"class_list":{"0":"post-4733","1":"product","2":"type-product","3":"status-publish","4":"has-post-thumbnail","6":"product_brand-himalaya","7":"product_cat-hormonal-hombre","8":"product_tag-heredia","9":"product_tag-macrobiotica","10":"product_tag-natural","11":"product_tag-natural-shop","12":"product_tag-prostata","13":"product_tag-san-pablo","15":"first","16":"instock","17":"shipping-taxable","18":"purchasable","19":"product-type-simple"},"jetpack_sharing_enabled":true,"_links":{"self":[{"href":"https:\/\/macronaturalsshop.com\/index.php?rest_route=\/wp\/v2\/product\/4733"}],"collection":[{"href":"https:\/\/macronaturalsshop.com\/index.php?rest_route=\/wp\/v2\/product"}],"about":[{"href":"https:\/\/macronaturalsshop.com\/index.php?rest_route=\/wp\/v2\/types\/product"}],"replies":[{"embeddable":true,"href":"https:\/\/macronaturalsshop.com\/index.php?rest_route=%2Fwp%2Fv2%2Fcomments&post=4733"}],"wp:featuredmedia":[{"embeddable":true,"href":"https:\/\/macronaturalsshop.com\/index.php?rest_route=\/wp\/v2\/media\/4734"}],"wp:attachment":[{"href":"https:\/\/macronaturalsshop.com\/index.php?rest_route=%2Fwp%2Fv2%2Fmedia&parent=4733"}],"wp:term":[{"taxonomy":"product_brand","embeddable":true,"href":"https:\/\/macronaturalsshop.com\/index.php?rest_route=%2Fwp%2Fv2%2Fproduct_brand&post=4733"},{"taxonomy":"product_cat","embeddable":true,"href":"https:\/\/macronaturalsshop.com\/index.php?rest_route=%2Fwp%2Fv2%2Fproduct_cat&post=4733"},{"taxonomy":"product_tag","embeddable":true,"href":"https:\/\/macronaturalsshop.com\/index.php?rest_route=%2Fwp%2Fv2%2Fproduct_tag&post=4733"}],"curies":[{"name":"wp","href":"https:\/\/api.w.org\/{rel}","templated":true}]}}