{"id":4782,"date":"2025-09-21T03:05:20","date_gmt":"2025-09-21T03:05:20","guid":{"rendered":"https:\/\/macronaturalsshop.com\/?post_type=product&#038;p=4782"},"modified":"2025-09-21T21:07:20","modified_gmt":"2025-09-21T21:07:20","slug":"aceite-para-masage-eucalipto-y-menta","status":"publish","type":"product","link":"https:\/\/macronaturalsshop.com\/?product=aceite-para-masage-eucalipto-y-menta","title":{"rendered":"Aceite para Masage de Eucalipto y Menta"},"content":{"rendered":"<p>La Menta proporciona un alivio eficaz del dolor mientras relaja los m\u00fasculos de forma natural.<br \/>\nLa menta tiene propiedades antiespasm\u00f3dicas por lo que es una excelente opci\u00f3n para la relajaci\u00f3n muscular.<\/p>\n","protected":false},"excerpt":{"rendered":"<p>Este Aceite Cremoso para masaje corporal con aceite de Eucalipto cuenta con propiedades antiinflamatorias y analg\u00e9sicas (que act\u00faa para aliviar el dolor), lo que lo hace ideal para aliviar los m\u00fasculos cansados y doloridos y molestias articulares.<\/p>\n","protected":false},"featured_media":4783,"comment_status":"open","ping_status":"closed","template":"","meta":[],"product_brand":[472],"product_cat":[374,430,408],"product_tag":[502,500,501,520,503],"class_list":{"0":"post-4782","1":"product","2":"type-product","3":"status-publish","4":"has-post-thumbnail","6":"product_brand-jhomi","7":"product_cat-aceites-esenciales","8":"product_cat-antinflamatorio-y-dolores","9":"product_cat-cuidado-personal","10":"product_tag-heredia","11":"product_tag-macrobiotica","12":"product_tag-natural","13":"product_tag-natural-shop","14":"product_tag-san-pablo","16":"first","17":"instock","18":"shipping-taxable","19":"purchasable","20":"product-type-simple"},"jetpack_sharing_enabled":true,"_links":{"self":[{"href":"https:\/\/macronaturalsshop.com\/index.php?rest_route=\/wp\/v2\/product\/4782"}],"collection":[{"href":"https:\/\/macronaturalsshop.com\/index.php?rest_route=\/wp\/v2\/product"}],"about":[{"href":"https:\/\/macronaturalsshop.com\/index.php?rest_route=\/wp\/v2\/types\/product"}],"replies":[{"embeddable":true,"href":"https:\/\/macronaturalsshop.com\/index.php?rest_route=%2Fwp%2Fv2%2Fcomments&post=4782"}],"wp:featuredmedia":[{"embeddable":true,"href":"https:\/\/macronaturalsshop.com\/index.php?rest_route=\/wp\/v2\/media\/4783"}],"wp:attachment":[{"href":"https:\/\/macronaturalsshop.com\/index.php?rest_route=%2Fwp%2Fv2%2Fmedia&parent=4782"}],"wp:term":[{"taxonomy":"product_brand","embeddable":true,"href":"https:\/\/macronaturalsshop.com\/index.php?rest_route=%2Fwp%2Fv2%2Fproduct_brand&post=4782"},{"taxonomy":"product_cat","embeddable":true,"href":"https:\/\/macronaturalsshop.com\/index.php?rest_route=%2Fwp%2Fv2%2Fproduct_cat&post=4782"},{"taxonomy":"product_tag","embeddable":true,"href":"https:\/\/macronaturalsshop.com\/index.php?rest_route=%2Fwp%2Fv2%2Fproduct_tag&post=4782"}],"curies":[{"name":"wp","href":"https:\/\/api.w.org\/{rel}","templated":true}]}}