{"id":4784,"date":"2025-09-21T03:10:06","date_gmt":"2025-09-21T03:10:06","guid":{"rendered":"https:\/\/macronaturalsshop.com\/?post_type=product&#038;p=4784"},"modified":"2025-09-21T21:11:04","modified_gmt":"2025-09-21T21:11:04","slug":"aceite-para-masaje-arbol-de-te","status":"publish","type":"product","link":"https:\/\/macronaturalsshop.com\/?product=aceite-para-masaje-arbol-de-te","title":{"rendered":"Aceite para Masaje Arbol de T\u00e9"},"content":{"rendered":"<p>El aceite esencial de \u00e1rbol de t\u00e9 tiene propiedades antiinflamatorias y se puede aplicar sobre la piel para tratar esguinces, artritis, juanetes, bursitis, eczemas, gota, s\u00edndrome del t\u00fanel carpiano y hemorroides.<\/p>\n","protected":false},"excerpt":{"rendered":"<p>Para aliviar el dolor causado por las diversas afecciones artr\u00edticas (artritis reumatoide, osteoartritis, etc.)<br \/>\nEs recomendable aplicarlo en el caso de dolores musculares por estr\u00e9s.<\/p>\n","protected":false},"featured_media":4785,"comment_status":"open","ping_status":"closed","template":"","meta":[],"product_brand":[472],"product_cat":[374,430],"product_tag":[502,500,501,520,509,503],"class_list":{"0":"post-4784","1":"product","2":"type-product","3":"status-publish","4":"has-post-thumbnail","6":"product_brand-jhomi","7":"product_cat-aceites-esenciales","8":"product_cat-antinflamatorio-y-dolores","9":"product_tag-heredia","10":"product_tag-macrobiotica","11":"product_tag-natural","12":"product_tag-natural-shop","13":"product_tag-piel","14":"product_tag-san-pablo","16":"first","17":"instock","18":"shipping-taxable","19":"purchasable","20":"product-type-simple"},"jetpack_sharing_enabled":true,"_links":{"self":[{"href":"https:\/\/macronaturalsshop.com\/index.php?rest_route=\/wp\/v2\/product\/4784"}],"collection":[{"href":"https:\/\/macronaturalsshop.com\/index.php?rest_route=\/wp\/v2\/product"}],"about":[{"href":"https:\/\/macronaturalsshop.com\/index.php?rest_route=\/wp\/v2\/types\/product"}],"replies":[{"embeddable":true,"href":"https:\/\/macronaturalsshop.com\/index.php?rest_route=%2Fwp%2Fv2%2Fcomments&post=4784"}],"wp:featuredmedia":[{"embeddable":true,"href":"https:\/\/macronaturalsshop.com\/index.php?rest_route=\/wp\/v2\/media\/4785"}],"wp:attachment":[{"href":"https:\/\/macronaturalsshop.com\/index.php?rest_route=%2Fwp%2Fv2%2Fmedia&parent=4784"}],"wp:term":[{"taxonomy":"product_brand","embeddable":true,"href":"https:\/\/macronaturalsshop.com\/index.php?rest_route=%2Fwp%2Fv2%2Fproduct_brand&post=4784"},{"taxonomy":"product_cat","embeddable":true,"href":"https:\/\/macronaturalsshop.com\/index.php?rest_route=%2Fwp%2Fv2%2Fproduct_cat&post=4784"},{"taxonomy":"product_tag","embeddable":true,"href":"https:\/\/macronaturalsshop.com\/index.php?rest_route=%2Fwp%2Fv2%2Fproduct_tag&post=4784"}],"curies":[{"name":"wp","href":"https:\/\/api.w.org\/{rel}","templated":true}]}}