{"id":4786,"date":"2025-08-16T03:01:12","date_gmt":"2025-08-16T03:01:12","guid":{"rendered":"https:\/\/macronaturalsshop.com\/?post_type=product&#038;p=4786"},"modified":"2025-08-16T22:04:09","modified_gmt":"2025-08-16T22:04:09","slug":"aceite-para-masajes-lavanda","status":"publish","type":"product","link":"https:\/\/macronaturalsshop.com\/?product=aceite-para-masajes-lavanda","title":{"rendered":"Aceite para Masajes Lavanda"},"content":{"rendered":"<p>Tiene un gran poder anti inflamatorio y para la relajaci\u00f3n de los m\u00fasculos gracias a su efecto calmante con lo que adem\u00e1s facilita el sue\u00f1o y es excelente en estados de ansiedad y estr\u00e9s.<\/p>\n","protected":false},"excerpt":{"rendered":"<p>Relajaci\u00f3n de mente y cuerpo, un aroma que calma mientras tu piel recibe una humectaci\u00f3n profunda.<br \/>\nLa lavanda est\u00e1 tambi\u00e9n indicada para los dolores musculares. Alivia la ansiedad, el estr\u00e9s y la tensi\u00f3n.<\/p>\n","protected":false},"featured_media":4787,"comment_status":"open","ping_status":"closed","template":"","meta":[],"product_brand":[472],"product_cat":[408],"product_tag":[502,500,501,520,503],"class_list":{"0":"post-4786","1":"product","2":"type-product","3":"status-publish","4":"has-post-thumbnail","6":"product_brand-jhomi","7":"product_cat-cuidado-personal","8":"product_tag-heredia","9":"product_tag-macrobiotica","10":"product_tag-natural","11":"product_tag-natural-shop","12":"product_tag-san-pablo","14":"first","15":"instock","16":"shipping-taxable","17":"purchasable","18":"product-type-simple"},"jetpack_sharing_enabled":true,"_links":{"self":[{"href":"https:\/\/macronaturalsshop.com\/index.php?rest_route=\/wp\/v2\/product\/4786"}],"collection":[{"href":"https:\/\/macronaturalsshop.com\/index.php?rest_route=\/wp\/v2\/product"}],"about":[{"href":"https:\/\/macronaturalsshop.com\/index.php?rest_route=\/wp\/v2\/types\/product"}],"replies":[{"embeddable":true,"href":"https:\/\/macronaturalsshop.com\/index.php?rest_route=%2Fwp%2Fv2%2Fcomments&post=4786"}],"wp:featuredmedia":[{"embeddable":true,"href":"https:\/\/macronaturalsshop.com\/index.php?rest_route=\/wp\/v2\/media\/4787"}],"wp:attachment":[{"href":"https:\/\/macronaturalsshop.com\/index.php?rest_route=%2Fwp%2Fv2%2Fmedia&parent=4786"}],"wp:term":[{"taxonomy":"product_brand","embeddable":true,"href":"https:\/\/macronaturalsshop.com\/index.php?rest_route=%2Fwp%2Fv2%2Fproduct_brand&post=4786"},{"taxonomy":"product_cat","embeddable":true,"href":"https:\/\/macronaturalsshop.com\/index.php?rest_route=%2Fwp%2Fv2%2Fproduct_cat&post=4786"},{"taxonomy":"product_tag","embeddable":true,"href":"https:\/\/macronaturalsshop.com\/index.php?rest_route=%2Fwp%2Fv2%2Fproduct_tag&post=4786"}],"curies":[{"name":"wp","href":"https:\/\/api.w.org\/{rel}","templated":true}]}}