{"id":4790,"date":"2025-09-21T03:35:13","date_gmt":"2025-09-21T03:35:13","guid":{"rendered":"https:\/\/macronaturalsshop.com\/?post_type=product&#038;p=4790"},"modified":"2025-09-21T21:26:40","modified_gmt":"2025-09-21T21:26:40","slug":"agua-de-hamamelis-200ml","status":"publish","type":"product","link":"https:\/\/macronaturalsshop.com\/?product=agua-de-hamamelis-200ml","title":{"rendered":"Agua de Hamamelis 200ml"},"content":{"rendered":"<p>Tiene diversas aplicaciones. Las principales son:<\/p>\n<p>Limpieza astringente<\/p>\n<p>Cuando se aplica sobre la piel, puede\u00a0disminuir la grasa.<\/p>\n<p>Tambi\u00e9n ayuda a reducir el exceso de brillo, el aspecto de los poros abiertos, las imperfecciones y las espinillas.<\/p>\n<p>Por eso suele usarse como\u00a0t\u00f3nico facial.<\/p>\n<p>De igual manera, el\u00a0agua de\u00a0Hamamelis\u00a0estimula las prote\u00ednas\u00a0de la piel sin afectar sus c\u00e9lulas. As\u00ed le brinda una capa protectora adicional.<\/p>\n<p>Adem\u00e1s, ayuda a desinflamar las zonas donde se aplica al relajar los vasos sangu\u00edneos.<\/p>\n","protected":false},"excerpt":{"rendered":"<p>Limpieza Astringente<br \/>\nEl agua de Hamamelis estimula las prote\u00ednas de la piel sin afectar sus c\u00e9lulas. As\u00ed le brinda una capa protectora adicional.<br \/>\nAdem\u00e1s, ayuda a desinflamar las zonas donde se aplica al relajar los vasos sangu\u00edneos.<\/p>\n","protected":false},"featured_media":5573,"comment_status":"open","ping_status":"closed","template":"","meta":[],"product_brand":[472],"product_cat":[416,408],"product_tag":[502,500,501,520,509,503],"class_list":{"0":"post-4790","1":"product","2":"type-product","3":"status-publish","4":"has-post-thumbnail","6":"product_brand-jhomi","7":"product_cat-cara","8":"product_cat-cuidado-personal","9":"product_tag-heredia","10":"product_tag-macrobiotica","11":"product_tag-natural","12":"product_tag-natural-shop","13":"product_tag-piel","14":"product_tag-san-pablo","16":"first","17":"instock","18":"shipping-taxable","19":"purchasable","20":"product-type-simple"},"jetpack_sharing_enabled":true,"_links":{"self":[{"href":"https:\/\/macronaturalsshop.com\/index.php?rest_route=\/wp\/v2\/product\/4790"}],"collection":[{"href":"https:\/\/macronaturalsshop.com\/index.php?rest_route=\/wp\/v2\/product"}],"about":[{"href":"https:\/\/macronaturalsshop.com\/index.php?rest_route=\/wp\/v2\/types\/product"}],"replies":[{"embeddable":true,"href":"https:\/\/macronaturalsshop.com\/index.php?rest_route=%2Fwp%2Fv2%2Fcomments&post=4790"}],"wp:featuredmedia":[{"embeddable":true,"href":"https:\/\/macronaturalsshop.com\/index.php?rest_route=\/wp\/v2\/media\/5573"}],"wp:attachment":[{"href":"https:\/\/macronaturalsshop.com\/index.php?rest_route=%2Fwp%2Fv2%2Fmedia&parent=4790"}],"wp:term":[{"taxonomy":"product_brand","embeddable":true,"href":"https:\/\/macronaturalsshop.com\/index.php?rest_route=%2Fwp%2Fv2%2Fproduct_brand&post=4790"},{"taxonomy":"product_cat","embeddable":true,"href":"https:\/\/macronaturalsshop.com\/index.php?rest_route=%2Fwp%2Fv2%2Fproduct_cat&post=4790"},{"taxonomy":"product_tag","embeddable":true,"href":"https:\/\/macronaturalsshop.com\/index.php?rest_route=%2Fwp%2Fv2%2Fproduct_tag&post=4790"}],"curies":[{"name":"wp","href":"https:\/\/api.w.org\/{rel}","templated":true}]}}