{"id":4792,"date":"2025-09-21T04:00:39","date_gmt":"2025-09-21T04:00:39","guid":{"rendered":"https:\/\/macronaturalsshop.com\/?post_type=product&#038;p=4792"},"modified":"2025-09-21T21:25:55","modified_gmt":"2025-09-21T21:25:55","slug":"agua-de-rosas-200ml","status":"publish","type":"product","link":"https:\/\/macronaturalsshop.com\/?product=agua-de-rosas-200ml","title":{"rendered":"Agua de Rosas 200ml"},"content":{"rendered":"<p>El agua de rosas contiene vitamina B, C y E. Todos estos nutrientes te ayudar\u00e1n a suavizar la piel, hidratarla y combatir la oxidaci\u00f3n. La ausencia de alcohol la hace ideal para las pieles sensibles y reactivas, adem\u00e1s de cerrar los poros. Limpia profundamente y arrastra el exceso de grasa.<\/p>\n","protected":false},"excerpt":{"rendered":"<p>Suaviza la piel.<br \/>\nLa hidrata.<br \/>\nCombate la oxidaci\u00f3n.<\/p>\n","protected":false},"featured_media":5572,"comment_status":"open","ping_status":"closed","template":"","meta":[],"product_brand":[472],"product_cat":[408],"product_tag":[502,500,501,520,509,503],"class_list":{"0":"post-4792","1":"product","2":"type-product","3":"status-publish","4":"has-post-thumbnail","6":"product_brand-jhomi","7":"product_cat-cuidado-personal","8":"product_tag-heredia","9":"product_tag-macrobiotica","10":"product_tag-natural","11":"product_tag-natural-shop","12":"product_tag-piel","13":"product_tag-san-pablo","15":"first","16":"instock","17":"shipping-taxable","18":"purchasable","19":"product-type-simple"},"jetpack_sharing_enabled":true,"_links":{"self":[{"href":"https:\/\/macronaturalsshop.com\/index.php?rest_route=\/wp\/v2\/product\/4792"}],"collection":[{"href":"https:\/\/macronaturalsshop.com\/index.php?rest_route=\/wp\/v2\/product"}],"about":[{"href":"https:\/\/macronaturalsshop.com\/index.php?rest_route=\/wp\/v2\/types\/product"}],"replies":[{"embeddable":true,"href":"https:\/\/macronaturalsshop.com\/index.php?rest_route=%2Fwp%2Fv2%2Fcomments&post=4792"}],"wp:featuredmedia":[{"embeddable":true,"href":"https:\/\/macronaturalsshop.com\/index.php?rest_route=\/wp\/v2\/media\/5572"}],"wp:attachment":[{"href":"https:\/\/macronaturalsshop.com\/index.php?rest_route=%2Fwp%2Fv2%2Fmedia&parent=4792"}],"wp:term":[{"taxonomy":"product_brand","embeddable":true,"href":"https:\/\/macronaturalsshop.com\/index.php?rest_route=%2Fwp%2Fv2%2Fproduct_brand&post=4792"},{"taxonomy":"product_cat","embeddable":true,"href":"https:\/\/macronaturalsshop.com\/index.php?rest_route=%2Fwp%2Fv2%2Fproduct_cat&post=4792"},{"taxonomy":"product_tag","embeddable":true,"href":"https:\/\/macronaturalsshop.com\/index.php?rest_route=%2Fwp%2Fv2%2Fproduct_tag&post=4792"}],"curies":[{"name":"wp","href":"https:\/\/api.w.org\/{rel}","templated":true}]}}