{"id":4794,"date":"2025-08-27T01:35:23","date_gmt":"2025-08-27T01:35:23","guid":{"rendered":"https:\/\/macronaturalsshop.com\/?post_type=product&#038;p=4794"},"modified":"2025-08-28T04:07:46","modified_gmt":"2025-08-28T04:07:46","slug":"crema-facial-colageno-50ml","status":"publish","type":"product","link":"https:\/\/macronaturalsshop.com\/?product=crema-facial-colageno-50ml","title":{"rendered":"Crema Facial Col\u00e1geno 50ml"},"content":{"rendered":"<p>El col\u00e1geno contribuye a que la piel se mantenga hidratada y protegida frente a los agentes externos como el sol, la contaminaci\u00f3n o el fr\u00edo. Disminuye las arrugas, las l\u00edneas de expresi\u00f3n y las estr\u00edas, adem\u00e1s de prevenir y retrasar los signos del envejecimiento.<\/p>\n","protected":false},"excerpt":{"rendered":"<p>El col\u00e1geno contribuye a que la piel se mantenga hidratada y protegida frente a los agentes externos como el sol, la contaminaci\u00f3n o el fr\u00edo. Disminuye las arrugas, las l\u00edneas de expresi\u00f3n y las estr\u00edas, adem\u00e1s de prevenir y retrasar los signos del envejecimiento.<\/p>\n","protected":false},"featured_media":4795,"comment_status":"open","ping_status":"closed","template":"","meta":[],"product_brand":[472],"product_cat":[389,408],"product_tag":[524,502,500,501,520,503],"class_list":{"0":"post-4794","1":"product","2":"type-product","3":"status-publish","4":"has-post-thumbnail","6":"product_brand-jhomi","7":"product_cat-colageno","8":"product_cat-cuidado-personal","9":"product_tag-cuidado-de-piel","10":"product_tag-heredia","11":"product_tag-macrobiotica","12":"product_tag-natural","13":"product_tag-natural-shop","14":"product_tag-san-pablo","16":"first","17":"instock","18":"shipping-taxable","19":"purchasable","20":"product-type-simple"},"jetpack_sharing_enabled":true,"_links":{"self":[{"href":"https:\/\/macronaturalsshop.com\/index.php?rest_route=\/wp\/v2\/product\/4794"}],"collection":[{"href":"https:\/\/macronaturalsshop.com\/index.php?rest_route=\/wp\/v2\/product"}],"about":[{"href":"https:\/\/macronaturalsshop.com\/index.php?rest_route=\/wp\/v2\/types\/product"}],"replies":[{"embeddable":true,"href":"https:\/\/macronaturalsshop.com\/index.php?rest_route=%2Fwp%2Fv2%2Fcomments&post=4794"}],"wp:featuredmedia":[{"embeddable":true,"href":"https:\/\/macronaturalsshop.com\/index.php?rest_route=\/wp\/v2\/media\/4795"}],"wp:attachment":[{"href":"https:\/\/macronaturalsshop.com\/index.php?rest_route=%2Fwp%2Fv2%2Fmedia&parent=4794"}],"wp:term":[{"taxonomy":"product_brand","embeddable":true,"href":"https:\/\/macronaturalsshop.com\/index.php?rest_route=%2Fwp%2Fv2%2Fproduct_brand&post=4794"},{"taxonomy":"product_cat","embeddable":true,"href":"https:\/\/macronaturalsshop.com\/index.php?rest_route=%2Fwp%2Fv2%2Fproduct_cat&post=4794"},{"taxonomy":"product_tag","embeddable":true,"href":"https:\/\/macronaturalsshop.com\/index.php?rest_route=%2Fwp%2Fv2%2Fproduct_tag&post=4794"}],"curies":[{"name":"wp","href":"https:\/\/api.w.org\/{rel}","templated":true}]}}